{"id":960,"date":"2023-08-27T15:10:07","date_gmt":"2023-08-27T15:10:07","guid":{"rendered":"https:\/\/cch.um6p.ma\/?page_id=960"},"modified":"2023-10-02T09:00:31","modified_gmt":"2023-10-02T09:00:31","slug":"a-lum6p-de-benguerir-edgar-morin-et-fouad-laroui-ouvrent-la-3eme-edition-de-la-semaine-de-la-science-le-desk","status":"publish","type":"page","link":"https:\/\/cch.um6p.ma\/?page_id=960","title":{"rendered":"Edgar Morin et Fouad Laroui ouvrent la 3\u00e8me \u00e9dition de la Semaine de la Science"},"content":{"rendered":"<p>Ledesk.ma, Salma Hamri, 20.02.2023&nbsp;<\/p>\n<div id=\"reader-estimated-time\" dir=\"auto\"><a href=\"https:\/\/ledesk.ma\/encontinu\/a-lum6p-de-benguerir-edgar-morin-et-fouad-laroui-ouvrent-la-3eme-edition-de-la-semaine-de-la-science\/\">https:\/\/ledesk.ma\/encontinu\/a-lum6p-de-benguerir-edgar-morin-et-fouad-laroui-ouvrent-la-3eme-edition-de-la-semaine-de-la-science\/<\/a><\/div>\n<div id=\"readability-page-1\" class=\"page\">\n<div>\n<div>\n<p><img loading=\"lazy\" decoding=\"async\" class=\"\" src=\"https:\/\/ledesk.ma\/wp-content\/uploads\/2023\/02\/1-900x600.jpg\" sizes=\"auto, (max-width: 900px) 100vw, 900px\" srcset=\"https:\/\/ledesk.ma\/wp-content\/uploads\/2023\/02\/1-900x600.jpg 900w, https:\/\/ledesk.ma\/wp-content\/uploads\/2023\/02\/1-300x200.jpg 300w, https:\/\/ledesk.ma\/wp-content\/uploads\/2023\/02\/1-1024x683.jpg 1024w, https:\/\/ledesk.ma\/wp-content\/uploads\/2023\/02\/1-768x512.jpg 768w, https:\/\/ledesk.ma\/wp-content\/uploads\/2023\/02\/1-800x533.jpg 800w, https:\/\/ledesk.ma\/wp-content\/uploads\/2023\/02\/1-1100x733.jpg 1100w, https:\/\/ledesk.ma\/wp-content\/uploads\/2023\/02\/1-280x187.jpg 280w, https:\/\/ledesk.ma\/wp-content\/uploads\/2023\/02\/1-105x70.jpg 105w, https:\/\/ledesk.ma\/wp-content\/uploads\/2023\/02\/1-213x142.jpg 213w, https:\/\/ledesk.ma\/wp-content\/uploads\/2023\/02\/1-315x210.jpg 315w, https:\/\/ledesk.ma\/wp-content\/uploads\/2023\/02\/1-270x180.jpg 270w, https:\/\/ledesk.ma\/wp-content\/uploads\/2023\/02\/1-700x467.jpg 700w, https:\/\/ledesk.ma\/wp-content\/uploads\/2023\/02\/1.jpg 1200w\" alt=\"\" width=\"662\" height=\"441\"><br \/>\nHicham El Habti, pr\u00e9sident de l\u2019UM6P et Edgar Morin, philosophe fran\u00e7ais. Cr\u00e9dit: Le Desk<\/p>\n<\/div>\n<p style=\"text-align: justify;\">L\u2019Universit\u00e9\u0301 Mohammed&nbsp;VI Polytechnique (UM6P) abrite du 20 au 26 f\u00e9vrier au sein du campus de Benguerir, la troisi\u00e8me \u00e9dition de la Semaine de la Science autour du th\u00e8me de la complexit\u00e9.<\/p>\n<p style=\"text-align: justify;\">Durant cinq jours, des intervenants de renoms aborderont le sujet de la complexit\u00e9 sous le prisme de la science, notamment Edgar Morin-sociologue et philosophe fran\u00e7ais, Fouad Laroui, professeur et \u00e9crivain marocain, Stephen Wolfram- scientifique britannique sp\u00e9cialiste de quantique et Reda Benkirane, professeur \u00e0 l&#8217;Africa Business School.<\/p>\n<p style=\"text-align: justify;\">La semaine s&#8217;est ouverte sur une allocution de Hicham El Habti, pr\u00e9sident de l\u2019UM6P, qui a fait savoir que l\u2019objectif de cette semaine est&nbsp;<em>\u00ab&nbsp;d\u2019explorer le liens entre la recherche scientifique et les enjeux contemporains&nbsp;\u00bb,<\/em>&nbsp;illustrant ses propos avec un clin d\u2019\u0153il \u00e0 la pand\u00e9mie du COVID-19 et au ph\u00e9nom\u00e8ne ChatGPT, le nouvel outil d&#8217;intelligence artificielle tendance.<\/p>\n<div>\n<p><a href=\"https:\/\/ledesk.ma\/wp-content\/uploads\/2023\/02\/2.jpg\" target=\"_blank\" rel=\"nofollow noopener\"><img loading=\"lazy\" decoding=\"async\" class=\"\" src=\"https:\/\/ledesk.ma\/wp-content\/uploads\/2023\/02\/2.jpg\" sizes=\"auto, (max-width: 1200px) 100vw, 1200px\" srcset=\"https:\/\/ledesk.ma\/wp-content\/uploads\/2023\/02\/2.jpg 1200w, https:\/\/ledesk.ma\/wp-content\/uploads\/2023\/02\/2-300x200.jpg 300w, https:\/\/ledesk.ma\/wp-content\/uploads\/2023\/02\/2-1024x683.jpg 1024w, https:\/\/ledesk.ma\/wp-content\/uploads\/2023\/02\/2-768x512.jpg 768w, https:\/\/ledesk.ma\/wp-content\/uploads\/2023\/02\/2-800x533.jpg 800w, https:\/\/ledesk.ma\/wp-content\/uploads\/2023\/02\/2-1100x733.jpg 1100w, https:\/\/ledesk.ma\/wp-content\/uploads\/2023\/02\/2-900x600.jpg 900w, https:\/\/ledesk.ma\/wp-content\/uploads\/2023\/02\/2-280x187.jpg 280w, https:\/\/ledesk.ma\/wp-content\/uploads\/2023\/02\/2-105x70.jpg 105w, https:\/\/ledesk.ma\/wp-content\/uploads\/2023\/02\/2-213x142.jpg 213w, https:\/\/ledesk.ma\/wp-content\/uploads\/2023\/02\/2-315x210.jpg 315w, https:\/\/ledesk.ma\/wp-content\/uploads\/2023\/02\/2-270x180.jpg 270w, https:\/\/ledesk.ma\/wp-content\/uploads\/2023\/02\/2-700x467.jpg 700w\" alt=\"\" width=\"671\" height=\"447\"><\/a><br \/>\nFouad Laroui; professeur d&#8217;\u00e9conomie et \u00e9crivain marocain. Cr\u00e9dit: Le Desk<\/p>\n<\/div>\n<p style=\"text-align: justify;\">Quant \u00e0 Fouad Laroui, l&#8217;\u00e9crivain a expliqu\u00e9 que&nbsp;<em>\u00ab&nbsp;l\u2019unit\u00e9 de l\u2019\u00eatre implique l\u2019unit\u00e9 de la connaissance et de la science&nbsp;\u00bb<\/em>, d\u2019o\u00f9 l\u2019importance du sujet de la complexit\u00e9. Laroui a \u00e9galement soulign\u00e9 l&#8217;int\u00e9r\u00eat de l\u2019intelligence collective et de l\u2019unit\u00e9 de la connaissance qui s\u2019illustrera \u00e0 travers le choix du th\u00e8me de la prochaine \u00e9dition au niveau de la pergola de l&#8217;UM6P en fin de semaine, et en collaboration avec tous les participants.<\/p>\n<p style=\"text-align: justify;\">La complexit\u00e9 contribue par ailleurs,&nbsp;<em>\u00ab&nbsp;\u00e0 faire de la science une qu\u00eate beaucoup plus modeste&nbsp;\u00bb,<\/em>&nbsp;a expliqu\u00e9 pour sa part Reda Benkirane, auteur du livre&nbsp;<em>La complexit\u00e9, vertiges et promesses- histoires de sciences<\/em>. Benkirane s&#8217;est ensuite attard\u00e9 sur l\u2019importance de cette semaine de la science avan\u00e7ant que&nbsp;<em>\u00ab&nbsp;nous ne sommes pas ici pr\u00e9sent par chance. La complexit\u00e9 est de plus en plus \u00e0 l\u2019\u0153uvre dans notre quotidien, un \u00e9tat d\u2019existence incertain&nbsp;\u00bb.&nbsp;<\/em><\/p>\n<p style=\"text-align: justify;\">Edgar Morin est, rappelons-le, l&#8217;un des principaux acteurs la complexit\u00e9. Son premier livre sur le sujet, intitul\u00e9&nbsp;<em>Le d\u00e9fi des complexit\u00e9s en temps de cris,&nbsp;<\/em>remonte \u00e0 1954.&nbsp;Le philosophe centenaire a invit\u00e9 les participants \u00e0&nbsp;interroger la notion de crise.<\/p>\n<div>\n<p><a href=\"https:\/\/ledesk.ma\/wp-content\/uploads\/2023\/02\/3.jpg\" target=\"_blank\" rel=\"nofollow noopener\"><img loading=\"lazy\" decoding=\"async\" class=\"\" src=\"https:\/\/ledesk.ma\/wp-content\/uploads\/2023\/02\/3.jpg\" sizes=\"auto, (max-width: 1200px) 100vw, 1200px\" srcset=\"https:\/\/ledesk.ma\/wp-content\/uploads\/2023\/02\/3.jpg 1200w, https:\/\/ledesk.ma\/wp-content\/uploads\/2023\/02\/3-300x200.jpg 300w, https:\/\/ledesk.ma\/wp-content\/uploads\/2023\/02\/3-1024x683.jpg 1024w, https:\/\/ledesk.ma\/wp-content\/uploads\/2023\/02\/3-768x512.jpg 768w, https:\/\/ledesk.ma\/wp-content\/uploads\/2023\/02\/3-800x533.jpg 800w, https:\/\/ledesk.ma\/wp-content\/uploads\/2023\/02\/3-1100x733.jpg 1100w, https:\/\/ledesk.ma\/wp-content\/uploads\/2023\/02\/3-900x600.jpg 900w, https:\/\/ledesk.ma\/wp-content\/uploads\/2023\/02\/3-280x187.jpg 280w, https:\/\/ledesk.ma\/wp-content\/uploads\/2023\/02\/3-105x70.jpg 105w, https:\/\/ledesk.ma\/wp-content\/uploads\/2023\/02\/3-213x142.jpg 213w, https:\/\/ledesk.ma\/wp-content\/uploads\/2023\/02\/3-315x210.jpg 315w, https:\/\/ledesk.ma\/wp-content\/uploads\/2023\/02\/3-270x180.jpg 270w, https:\/\/ledesk.ma\/wp-content\/uploads\/2023\/02\/3-700x467.jpg 700w\" alt=\"\" width=\"684\" height=\"456\"><\/a><br \/>\nEdgar Morin, philosophe fran\u00e7ais. Cr\u00e9dit: Le Desk<\/p>\n<\/div>\n<p><em>\u00ab&nbsp;Les crises sont des \u00e9l\u00e9ments d&#8217;incertitude et d\u00e9gradent les syst\u00e8mes de r\u00e9gulation. Elles vont d\u00e9velopper des processus d&#8217;invention et d&#8217;imagination de solutions et pousser les individus \u00e0 chercher un sauveur et un coupable (souvent imaginaire)&nbsp;\u00bb, a-t-il expliqu\u00e9.<\/em><\/p>\n<p><em>\u00ab&nbsp;Elles sont par ailleurs des manifestations d&#8217;une possibilit\u00e9 d&#8217;illusion mais aussi de pratiques nouvelles&nbsp;\u00bb<\/em>, a-t-il poursuivi. Dans ce sens,&nbsp;<em>\u00ab&nbsp;la prise de conscience est indispensable a tout renouveau&nbsp;\u00bb.<\/em><\/p>\n<p>Enfin, dans une d\u00e9claration \u00e0 la presse, Said Abdessalam Tazi, responsable p\u00f4le art et culture, charg\u00e9 d&#8217;enseignement en anthropologie \u00e0 l&#8217;UM6P, a expliqu\u00e9 &nbsp;programmation de la semaine scientifique et son importance pour les \u00e9tudiants.<\/p>\n<p><em>\u00ab&nbsp;On a ici ( \u00e0 l&#8217;UM6P) \u00e0 peu pr\u00e8s 17 \u00e9coles et le but de cette semaine de la science c&#8217;est de casser les sillons entre les disciplines. Par exemple, quand on veut construire un b\u00e2timent, on va faire appel \u00e0 des savoir compl\u00e8tements diff\u00e9rents. Et c&#8217;est \u00e7a la complexit\u00e9 c&#8217;est de faire articuler tous les concepts et disciplines ensembles&nbsp;\u00bb.<\/em><\/p>\n<p><em>\u00ab&nbsp;Notre objectif c&#8217;est de permettre \u00e0 nos \u00e9tudiants d&#8217;embrasser cette mani\u00e8re de voir &nbsp;les choses et de ne pas r\u00e9fl\u00e9chir de mani\u00e8re tr\u00e8s sectaire, voir comment une discipline peut en nourrir d&#8217;autres&nbsp;\u00bb<\/em>, ajoute-t-il.<\/p>\n<p>\u00a9\ufe0f Copyright Pulse Media. Tous droits r\u00e9serv\u00e9s.<\/p>\n<\/div>\n<\/div>\n","protected":false},"excerpt":{"rendered":"<p>Ledesk.ma, Salma Hamri, 20.02.2023&nbsp; https:\/\/ledesk.ma\/encontinu\/a-lum6p-de-benguerir-edgar-morin-et-fouad-laroui-ouvrent-la-3eme-edition-de-la-semaine-de-la-science\/ Hicham El Habti, pr\u00e9sident de l\u2019UM6P et Edgar Morin, philosophe fran\u00e7ais. Cr\u00e9dit: Le Desk L\u2019Universit\u00e9\u0301 Mohammed&nbsp;VI Polytechnique (UM6P) abrite du 20 au 26 f\u00e9vrier au sein du campus de Benguerir, la troisi\u00e8me \u00e9dition de la Semaine de la Science autour du th\u00e8me de la complexit\u00e9.\u2026 <a class=\"continue-reading-link\" href=\"https:\/\/cch.um6p.ma\/?page_id=960\">Lire plus \/ Read more<\/a><\/p>\n","protected":false},"author":1,"featured_media":0,"parent":1952,"menu_order":10,"comment_status":"closed","ping_status":"closed","template":"","meta":{"om_disable_all_campaigns":false,"_monsterinsights_skip_tracking":false,"_monsterinsights_sitenote_active":false,"_monsterinsights_sitenote_note":"","_monsterinsights_sitenote_category":0,"ngg_post_thumbnail":0,"footnotes":""},"categories":[35,67,34],"tags":[26,58,56],"class_list":["post-960","page","type-page","status-publish","hentry","category-complexite","category-news-media","category-science-week","tag-edgar-morin","tag-fouad-laroui","tag-hicham-el-habti"],"aioseo_notices":[],"_links":{"self":[{"href":"https:\/\/cch.um6p.ma\/index.php?rest_route=\/wp\/v2\/pages\/960","targetHints":{"allow":["GET"]}}],"collection":[{"href":"https:\/\/cch.um6p.ma\/index.php?rest_route=\/wp\/v2\/pages"}],"about":[{"href":"https:\/\/cch.um6p.ma\/index.php?rest_route=\/wp\/v2\/types\/page"}],"author":[{"embeddable":true,"href":"https:\/\/cch.um6p.ma\/index.php?rest_route=\/wp\/v2\/users\/1"}],"replies":[{"embeddable":true,"href":"https:\/\/cch.um6p.ma\/index.php?rest_route=%2Fwp%2Fv2%2Fcomments&post=960"}],"version-history":[{"count":5,"href":"https:\/\/cch.um6p.ma\/index.php?rest_route=\/wp\/v2\/pages\/960\/revisions"}],"predecessor-version":[{"id":1116,"href":"https:\/\/cch.um6p.ma\/index.php?rest_route=\/wp\/v2\/pages\/960\/revisions\/1116"}],"up":[{"embeddable":true,"href":"https:\/\/cch.um6p.ma\/index.php?rest_route=\/wp\/v2\/pages\/1952"}],"wp:attachment":[{"href":"https:\/\/cch.um6p.ma\/index.php?rest_route=%2Fwp%2Fv2%2Fmedia&parent=960"}],"wp:term":[{"taxonomy":"category","embeddable":true,"href":"https:\/\/cch.um6p.ma\/index.php?rest_route=%2Fwp%2Fv2%2Fcategories&post=960"},{"taxonomy":"post_tag","embeddable":true,"href":"https:\/\/cch.um6p.ma\/index.php?rest_route=%2Fwp%2Fv2%2Ftags&post=960"}],"curies":[{"name":"wp","href":"https:\/\/api.w.org\/{rel}","templated":true}]}}