{"id":638,"date":"2023-08-19T20:15:15","date_gmt":"2023-08-19T20:15:15","guid":{"rendered":"https:\/\/cch.um6p.ma\/?page_id=638"},"modified":"2023-10-14T20:16:15","modified_gmt":"2023-10-14T20:16:15","slug":"un-centenaire-eclaire-andre-de-peretti-1916-2017","status":"publish","type":"page","link":"https:\/\/cch.um6p.ma\/?page_id=638","title":{"rendered":"Un centenaire \u00e9clair\u00e9: Andr\u00e9 de Peretti, polytechnicien et homme de lettres"},"content":{"rendered":"<p><iframe loading=\"lazy\" title=\"YouTube video player\" src=\"https:\/\/www.youtube.com\/embed\/472bQmge_tY\" width=\"560\" height=\"315\" frameborder=\"0\" allowfullscreen=\"allowfullscreen\"><\/iframe><\/p>\n<p style=\"text-align: justify;\"><span style=\"font-weight: 400;\">L\u2019histoire de vie d&#8217;Andr\u00e9 de Peretti r\u00e9unit ses souvenirs d&#8217;enfance \u00e0 Rabat et ses exp\u00e9riences pendant la guerre, tout en illustrant son attachement \u00e0 l&#8217;ouverture aux autres. Apr\u00e8s avoir \u00e9voqu\u00e9 ses ann\u00e9es d&#8217;\u00e9tudes et sa mobilisation pendant la guerre, le polytechnicien \u00e9crivain partage son v\u00e9cu en tant que prisonnier et sa lib\u00e9ration. Il relate sa rencontre avec le scientifique et homme de religion Teilhard de Chardin, les interactions avec les soldats allemands, les conditions de vie en captivit\u00e9, et sa participation \u00e0 des activit\u00e9s artistiques. Apr\u00e8s sa lib\u00e9ration, il s&#8217;implique dans l&#8217;accueil des rapatri\u00e9s.<a href=\"https:\/\/cch.um6p.ma\/wp-content\/uploads\/2023\/09\/Andre_de_Peretti_pedagogue.jpg\"><img loading=\"lazy\" decoding=\"async\" class=\"alignright wp-image-1718\" src=\"https:\/\/cch.um6p.ma\/wp-content\/uploads\/2023\/09\/Andre_de_Peretti_pedagogue.jpg\" alt=\"\" width=\"343\" height=\"462\" srcset=\"https:\/\/cch.um6p.ma\/wp-content\/uploads\/2023\/09\/Andre_de_Peretti_pedagogue.jpg 570w, https:\/\/cch.um6p.ma\/wp-content\/uploads\/2023\/09\/Andre_de_Peretti_pedagogue-223x300.jpg 223w, https:\/\/cch.um6p.ma\/wp-content\/uploads\/2023\/09\/Andre_de_Peretti_pedagogue-111x150.jpg 111w\" sizes=\"auto, (max-width: 343px) 100vw, 343px\" \/><\/a><\/span><\/p>\n<p style=\"text-align: justify;\"><span style=\"font-weight: 400;\">Andr\u00e9 de Peretti poursuit son r\u00e9cit de vie par son engagement politique et social. Il \u00e9voque son r\u00f4le aux c\u00f4t\u00e9s de Louis Massignon dans la pr\u00e9paration de l&#8217;ind\u00e9pendance du Maroc, son implication dans des n\u00e9gociations politiques et sa collaboration avec des personnalit\u00e9s telles que Robert Schuman pour favoriser les relations interculturelles. Engag\u00e9 dans le R\u00e9seau Intelligence de la Complexit\u00e9 avec Edgar Morin et Jean-Louis Le Moigne, le penseur&nbsp; aborde \u00e9galement l&#8217;impact des avanc\u00e9es technologiques, notamment l&#8217;utilisation croissante des appareils \u00e9lectroniques, tout en soulignant les enjeux \u00e9thiques et sociaux associ\u00e9s.<\/span><\/p>\n<p style=\"text-align: justify;\"><span style=\"font-weight: 400;\">En conclusion, Andr\u00e9 de Peretti partage son optimisme pour l&#8217;avenir de l&#8217;humanit\u00e9, en aspirant \u00e0 une unit\u00e9 harmonieuse malgr\u00e9 les diff\u00e9rences. Cet entretien offre un panorama riche de la vie et des engagements d&#8217;Andr\u00e9 de Peretti, mettant en lumi\u00e8re son parcours personnel et son d\u00e9vouement envers des valeurs humanistes et sociales.<\/span><\/p>\n<p style=\"text-align: right;\"><span style=\"font-weight: 400;\">Samia Erraji<\/span><\/p>\n<p><span style=\"font-weight: 400;\"><strong>Andr\u00e9 de Peretti<\/strong>, n\u00e9 en 1916 \u00e0 Rabat, au Maroc, \u00e9tait une figure intellectuelle en France. Polytechnicien ayant particip\u00e9 \u00e0 la Seconde Guerre mondiale, il a par la suite \u0153uvr\u00e9 dans les sciences de l\u2019\u00e9ducation et promu la compr\u00e9hension interculturelle. Andr\u00e9 de Peretti a au sein du gouvernement fran\u00e7ais activement soutenu et pr\u00e9par\u00e9 l&#8217;ind\u00e9pendance du Maroc, il fut l\u2019ami du roi Mohamed V et a collabor\u00e9 avec des politiciens \u00e9minents. Andr\u00e9 de Peretti est d\u00e9c\u00e9d\u00e9 en 2017, laissant derri\u00e8re lui un h\u00e9ritage d&#8217;engagement social et d\u2019\u00e9change intellectuel.&nbsp;<\/span><\/p>\n<p><span style=\"font-weight: 400;\">Andr\u00e9 de Peretti , polytechnicien, p\u00e9dagogue et homme de lettres fran\u00e7ais, est l\u2019auteur de tr\u00e8s nombreux ouvrages dont les plus r\u00e9cents :<\/span><i><span style=\"font-weight: 400;\"> Le sens du sens <\/span><\/i><span style=\"font-weight: 400;\">(\u00e9d. Hermes Lavoisier, 2011),<\/span><i><span style=\"font-weight: 400;\"> La double h\u00e9lice des civilisations : le parti pris de l\u2019optimisme <\/span><\/i><span style=\"font-weight: 400;\">(\u00e9d. Chronique sociale, 2015),<\/span><span style=\"font-weight: 400;\"> et <\/span><i><span style=\"font-weight: 400;\">Hymne \u00e0 la cr\u00e9ation<\/span><\/i><span style=\"font-weight: 400;\"> (\u00e9d. Chronique sociale, 2017)<\/span><span style=\"font-weight: 400;\">.<\/span><\/p>\n<p style=\"text-align: center;\">_________________________________<\/p>\n<p style=\"text-align: justify;\"><span style=\"font-weight: 400;\"><strong><a href=\"https:\/\/cch.um6p.ma\/wp-content\/uploads\/2023\/09\/Andre_de_Peretti_pedagogue_dix_mots_Frederic_Duriez_2016.jpg\"><img loading=\"lazy\" decoding=\"async\" class=\"alignleft wp-image-1717\" src=\"https:\/\/cch.um6p.ma\/wp-content\/uploads\/2023\/09\/Andre_de_Peretti_pedagogue_dix_mots_Frederic_Duriez_2016.jpg\" alt=\"\" width=\"340\" height=\"463\" srcset=\"https:\/\/cch.um6p.ma\/wp-content\/uploads\/2023\/09\/Andre_de_Peretti_pedagogue_dix_mots_Frederic_Duriez_2016.jpg 566w, https:\/\/cch.um6p.ma\/wp-content\/uploads\/2023\/09\/Andre_de_Peretti_pedagogue_dix_mots_Frederic_Duriez_2016-220x300.jpg 220w, https:\/\/cch.um6p.ma\/wp-content\/uploads\/2023\/09\/Andre_de_Peretti_pedagogue_dix_mots_Frederic_Duriez_2016-110x150.jpg 110w\" sizes=\"auto, (max-width: 340px) 100vw, 340px\" \/><\/a><\/strong>The life story of Andr\u00e9 de Peretti brings together his childhood memories in Rabat and his wartime experiences, while illustrating his commitment to openness towards others. After recounting his years of study and his engagement during the war, the Polytechnic-educated writer shares his experiences as a prisoner and his subsequent liberation. He describes his encounter with the scientist and theologian Teilhard de Chardin, interactions with German soldiers, living conditions in captivity, and his involvement in artistic activities. Following his release, he became active in welcoming repatriates.<\/span><\/p>\n<p style=\"text-align: justify;\"><span style=\"font-weight: 400;\">Andr\u00e9 de Peretti continues his life story by delving into his political and social engagement. He discusses his role alongside Louis Massignon in preparing for Morocco&#8217;s independence, his involvement in political negotiations, and his collaboration with figures such as Robert Schuman to promote intercultural relations. Engaged in the Intelligence of Complexity Network with Edgar Morin and Jean-Louis Le Moigne, the thinker also addresses the impact of technological advancements, including the growing use of electronic devices, while emphasizing the ethical and social issues associated with them.<\/span><\/p>\n<p style=\"text-align: justify;\"><span style=\"font-weight: 400;\">In conclusion, Andr\u00e9 de Peretti shares his optimism for the future of humanity, aspiring towards harmonious unity despite differences. This interview provides a rich panorama of Andr\u00e9 de Peretti&#8217;s life and commitments, highlighting his personal journey and dedication to humanistic and social values.<\/span><\/p>\n<p style=\"text-align: right;\"><span style=\"font-weight: 400;\">SE<\/span><\/p>\n<p><span style=\"font-weight: 400;\">Born in 1916 in Rabat, Morocco, <strong>Andr\u00e9 de Peretti<\/strong>, was a French intellectual. A graduate from Polytechnique who participated in World War II, he later worked in the field of education and promoted intercultural understanding. Within the French government, Andr\u00e9 de Peretti actively supported and prepared for Morocco&#8217;s independence. He was a friend of King Mohamed V and collaborated with prominent politicians. Andr\u00e9 de Peretti passed away in 2017, leaving behind a legacy of social commitment and intellectual exchange.<\/span><\/p>\n<p><span style=\"font-weight: 400;\">&nbsp;French Polytechnician, educator, and man of letters, Andr\u00e9 de Peretti Authored numerous works including the most recent: <i>Le sens du sens <\/i>(\u00e9d. Hermes Lavoisier, 2011),<i> La double h\u00e9lice des civilisations : le parti pris de l\u2019optimisme <\/i>(\u00e9d. Chronique sociale, 2015), and <i>Hymne \u00e0 la cr\u00e9ation<\/i> (\u00e9d. Chronique sociale, 2017).<\/span><\/p>\n<p dir=\"rtl\" style=\"text-align: center;\">_________________________________<\/p>\n<p dir=\"rtl\" style=\"text-align: right;\"><span lang=\"AR-SA\"><span style=\"font-weight: 400; font-family: Thabit, sans-serif;\">\u0642\u0635\u0629 \u062d\u064a\u0627\u0629 \u0623\u0646\u062f\u0631\u064a\u0647 \u062f\u064a \u0628\u064a\u0631\u064a\u062a\u064a \u062a\u062c\u0645\u0639 \u0628\u064a\u0646 \u0630\u0643\u0631\u064a\u0627\u062a \u0637\u0641\u0648\u0644\u062a\u0647 \u0641\u064a \u0627\u0644\u0631\u0628\u0627\u0637 \u0648\u062a\u062c\u0627\u0631\u0628\u0647 \u062e\u0644\u0627\u0644 \u0627\u0644\u062d\u0631\u0628\u060c \u0645\u0639 \u062a\u0648\u0636\u064a\u062d \u0627\u0644\u062a\u0632\u0627\u0645\u0647 \u0628\u0627\u0644\u0627\u0646\u0641\u062a\u0627\u062d \u0639\u0644\u0649 \u0627\u0644\u0622\u062e\u0631\u064a\u0646. \u0628\u0639\u062f \u0623\u0646 \u0627\u0633\u062a\u0639\u0631\u0636 \u0633\u0646\u0648\u0627\u062a \u062f\u0631\u0627\u0633\u062a\u0647 \u0648\u062a\u062c\u0646\u064a\u062f\u0647 \u062e\u0644\u0627\u0644 \u0627\u0644\u062d\u0631\u0628\u060c \u064a\u0634\u0627\u0631\u0643 \u0627\u0644\u0643\u0627\u062a\u0628 \u0627\u0644\u0645\u0647\u0646\u062f\u0633 \u0645\u0646 \u0645\u062f\u0631\u0633\u0629 \u0628\u0648\u0644\u064a\u062a\u064a\u0643\u0646\u064a\u0643 \u062a\u062c\u0631\u0628\u062a\u0647 \u0643\u0623\u0633\u064a\u0631 \u0648\u062a\u062d\u0631\u064a\u0631\u0647. \u064a\u0635\u0641 \u0644\u0642\u0627\u0621\u0647 \u0645\u0639 \u0627\u0644\u0639\u0627\u0644\u0650\u0645 \u0648\u0627\u0644\u0631\u062c\u0644 \u0627\u0644\u062f\u064a\u0646 \u062a\u064a\u0627\u0631 \u062f\u0648 \u0634\u0627\u0631\u062f\u0627\u0646\u060c \u0648\u0627\u0644\u062a\u0641\u0627\u0639\u0644\u0627\u062a \u0645\u0639 \u0627\u0644\u062c\u0646\u0648\u062f \u0627\u0644\u0623\u0644\u0645\u0627\u0646\u060c \u0648\u0638\u0631\u0648\u0641 \u0627\u0644\u062d\u064a\u0627\u0629 \u0641\u064a \u0627\u0644\u0623\u0633\u0631\u060c \u0648\u0645\u0634\u0627\u0631\u0643\u062a\u0647 \u0641\u064a \u0627\u0644\u0623\u0646\u0634\u0637\u0629 \u0627\u0644\u0641\u0646\u064a\u0629.\u0628\u0627\u0644\u0627\u0636\u0627\u0641\u0629 \u0627\u0644\u0649 \u0645\u0634\u0627\u0631\u0643\u062a\u0647 \u0641\u064a \u0627\u0644\u062a\u0631\u062d\u064a\u0628 \u0628\u0627\u0644\u0639\u0627\u0626\u062f\u064a\u0646 \u0628\u0639\u062f \u0625\u0637\u0644\u0627\u0642 \u0633\u0631\u0627\u062d\u0647.<\/span><\/span><\/p>\n<p dir=\"rtl\" style=\"text-align: right;\"><span lang=\"AR-SA\"><span style=\"font-weight: 400; font-family: Thabit, sans-serif;\">\u064a\u0633\u062a\u0645\u0631 \u0623\u0646\u062f\u0631\u064a\u0647 \u062f\u064a \u0628\u064a\u0631\u064a\u062a\u064a \u0641\u064a \u0633\u0631\u062f \u0642\u0635\u0629 \u062d\u064a\u0627\u062a\u0647 \u0645\u0646 \u062e\u0644\u0627\u0644 \u0627\u0644\u062a\u0639\u0645\u0642 \u0641\u064a \u0645\u0634\u0627\u0631\u0643\u062a\u0647 \u0627\u0644\u0633\u064a\u0627\u0633\u064a\u0629 \u0648\u0627\u0644\u0627\u062c\u062a\u0645\u0627\u0639\u064a\u0629. \u064a\u0646\u0627\u0642\u0634 \u062f\u0648\u0631\u0647 \u0625\u0644\u0649 \u062c\u0627\u0646\u0628 \u0644\u0648\u064a \u0645\u0627\u0633\u064a\u0646\u064a\u0648\u0646 \u0641\u064a \u0627\u0644\u062a\u062d\u0636\u064a\u0631 \u0644\u0627\u0633\u062a\u0642\u0644\u0627\u0644 \u0627\u0644\u0645\u063a\u0631\u0628\u060c \u0648\u0645\u0634\u0627\u0631\u0643\u062a\u0647 \u0641\u064a \u0627\u0644\u0645\u0641\u0627\u0648\u0636\u0627\u062a \u0627\u0644\u0633\u064a\u0627\u0633\u064a\u0629\u060c \u0648\u062a\u0639\u0627\u0648\u0646\u0647 \u0645\u0639 \u0634\u062e\u0635\u064a\u0627\u062a \u0645\u062b\u0644 \u0631\u0648\u0628\u0631\u062a \u0634\u0648\u0645\u0627\u0646 \u0644\u062a\u0639\u0632\u064a\u0632 \u0627\u0644\u0639\u0644\u0627\u0642\u0627\u062a \u0628\u064a\u0646 \u0627\u0644\u062b\u0642\u0627\u0641\u0627\u062a. \u0645\u0634\u0627\u0631\u0643\u064b\u0627 \u0641\u064a \u0634\u0628\u0643\u0629 \u0630\u0643\u0627\u0621 \u0627\u0644\u062a\u0639\u0642\u064a\u062f \u0645\u0639 \u0625\u062f\u063a\u0627\u0631 \u0645\u0648\u0631\u0627\u0646 \u0648\u062c\u0627\u0646-\u0644\u0648\u064a \u0644\u0648 \u0645\u0648\u064a\u0646\u060c \u064a\u062a\u0646\u0627\u0648\u0644 \u0627\u0644\u0641\u064a\u0644\u0633\u0648\u0641 \u0623\u064a\u0636\u064b\u0627 \u062a\u0623\u062b\u064a\u0631 \u0627\u0644\u062a\u0642\u062f\u0645 \u0627\u0644\u062a\u0643\u0646\u0648\u0644\u0648\u062c\u064a\u060c \u0628\u0645\u0627 \u0641\u064a \u0630\u0644\u0643 \u0627\u0644\u0627\u0633\u062a\u062e\u062f\u0627\u0645 \u0627\u0644\u0645\u062a\u0632\u0627\u064a\u062f \u0644\u0644\u0623\u062c\u0647\u0632\u0629 \u0627\u0644\u0625\u0644\u0643\u062a\u0631\u0648\u0646\u064a\u0629\u060c \u0645\u0639 \u0627\u0644\u062a\u0623\u0643\u064a\u062f \u0639\u0644\u0649 \u0627\u0644\u0642\u0636\u0627\u064a\u0627 \u0627\u0644\u0623\u062e\u0644\u0627\u0642\u064a\u0629 \u0648\u0627\u0644\u0627\u062c\u062a\u0645\u0627\u0639\u064a\u0629 \u0627\u0644\u0645\u0631\u062a\u0628\u0637\u0629 \u0628\u0647\u0627.<\/span><\/span><\/p>\n<p dir=\"rtl\" style=\"text-align: right;\"><span lang=\"AR-SA\"><span style=\"font-weight: 400; font-family: Thabit, sans-serif;\">\u0641\u064a \u0627\u0644\u062e\u062a\u0627\u0645\u060c \u064a\u0634\u0627\u0631\u0643 \u0623\u0646\u062f\u0631\u064a\u0647 \u062f\u064a \u0628\u064a\u0631\u064a\u062a\u064a \u062a\u0641\u0627\u0624\u0644\u0647 \u0628\u0645\u0633\u062a\u0642\u0628\u0644 \u0627\u0644\u0625\u0646\u0633\u0627\u0646\u064a\u0629\u060c \u0637\u0627\u0645\u062d\u064b\u0627 \u0625\u0644\u0649 \u0648\u062d\u062f\u0629 \u0645\u062a\u0646\u0627\u063a\u0645\u0629 \u0639\u0644\u0649 \u0627\u0644\u0631\u063a\u0645 \u0645\u0646 \u0627\u0644\u0627\u062e\u062a\u0644\u0627\u0641\u0627\u062a. \u062a\u0642\u062f\u0645 \u0647\u0630\u0647 \u0627\u0644\u0645\u0642\u0627\u0628\u0644\u0629 \u0645\u0646\u0638\u0631\u064b\u0627 \u063a\u0646\u064a\u064b\u0627 \u0644\u062d\u064a\u0627\u0629 \u0648\u0627\u0644\u062a\u0632\u0627\u0645\u0627\u062a \u0623\u0646\u062f\u0631\u064a\u0647 \u062f\u064a \u0628\u064a\u0631\u064a\u062a\u064a\u060c \u0645\u0633\u0644\u0637\u0629 \u0627\u0644\u0636\u0648\u0621 \u0639\u0644\u0649 \u0645\u0633\u0627\u0631\u0647 \u0627\u0644\u0634\u062e\u0635\u064a \u0648\u062a\u0641\u0627\u0646\u064a\u0647 \u0641\u064a \u0627\u0644\u0642\u064a\u0645 \u0627\u0644\u0625\u0646\u0633\u0627\u0646\u064a\u0629 \u0648\u0627\u0644\u0627\u062c\u062a\u0645\u0627\u0639\u064a\u0629.<\/span><\/span><\/p>\n<p dir=\"rtl\" style=\"text-align: right;\"><span lang=\"AR-SA\"><span style=\"font-weight: 400; font-family: Thabit, sans-serif;\">\u0633\u0627\u0645\u064a\u0629 \u0627\u0644\u0631\u0627\u062c\u064a<\/span><\/span><\/p>\n<p dir=\"rtl\" style=\"text-align: right;\"><span lang=\"AR-SA\"><span style=\"font-weight: 400; font-family: Thabit, sans-serif;\"><strong> \u0623\u0646\u062f\u0631\u064a\u0647 \u062f\u064a \u0628\u064a\u0631\u064a\u062a\u064a<\/strong>\u060c \u0648\u064f\u0644\u062f \u0641\u064a \u0639\u0627\u0645 1916 \u0641\u064a \u0627\u0644\u0631\u0628\u0627\u0637 \u0628\u0627\u0644\u0645\u063a\u0631\u0628\u060c \u0643\u0627\u0646 \u0623\u062d\u062f \u0623\u0647\u0645 \u0627\u0644\u0645\u0641\u0643\u0631\u064a\u0646 \u0641\u064a \u0641\u0631\u0646\u0633\u0627. \u0643\u0627\u0646 \u0645\u0647\u0646\u062f\u0633\u0627\u064b \u0645\u0646 \u0645\u062f\u0631\u0633\u0629 \u0628\u0648\u0644\u064a\u062a\u064a\u0643\u0646\u064a\u0643 \u0634\u0627\u0631\u0643 \u0641\u064a \u0627\u0644\u062d\u0631\u0628 \u0627\u0644\u0639\u0627\u0644\u0645\u064a\u0629 \u0627\u0644\u062b\u0627\u0646\u064a\u0629\u060c \u062b\u0645 \u0639\u0645\u0644 \u0641\u064a \u0645\u064a\u062f\u0627\u0646 \u0627\u0644\u062a\u0639\u0644\u064a\u0645 \u0648\u0634\u062c\u0639 \u0639\u0644\u0649 \u0627\u0644\u062a\u0641\u0627\u0647\u0645 \u0628\u064a\u0646 \u0627\u0644\u062b\u0642\u0627\u0641\u0627\u062a \u0627\u0644\u0645\u062e\u062a\u0644\u0641\u0629. \u0636\u0645\u0646 \u062d\u0643\u0648\u0645\u0629 \u0641\u0631\u0646\u0633\u0627\u060c \u062f\u0639\u0645 \u0623\u0646\u062f\u0631\u064a\u0647 \u062f\u064a \u0628\u064a\u0631\u064a\u062a\u064a \u0628\u0646\u0634\u0627\u0637 \u0648\u0634\u0627\u0631\u0643 \u0641\u064a \u062a\u062d\u0636\u064a\u0631 \u0627\u0633\u062a\u0642\u0644\u0627\u0644 \u0627\u0644\u0645\u063a\u0631\u0628. \u0643\u0627\u0646 \u0635\u062f\u064a\u0642\u0627\u064b \u0644\u0644\u0645\u0644\u0643 \u0645\u062d\u0645\u062f \u0627\u0644\u062e\u0627\u0645\u0633 \u0648\u062a\u0639\u0627\u0648\u0646 \u0645\u0639 \u0633\u064a\u0627\u0633\u064a\u064a\u0646 \u0628\u0627\u0631\u0632\u064a\u0646. \u062a\u0648\u0641\u064a \u0623\u0646\u062f\u0631\u064a\u0647 \u062f\u064a \u0628\u064a\u0631\u064a\u062a\u064a \u0641\u064a \u0639\u0627\u0645 2017\u060c \u062a\u0627\u0631\u0643\u0627\u064b \u0648\u0631\u0627\u0621\u0647 \u0625\u0631\u062b\u0627\u064b \u0645\u0646 \u0627\u0644\u062a\u0632\u0627\u0645 \u0627\u062c\u062a\u0645\u0627\u0639\u064a \u0648\u062a\u0628\u0627\u062f\u0644 \u0641\u0643\u0631\u064a. \u0623\u0646\u062f\u0631\u064a\u0647 \u062f\u064a \u0628\u064a\u0631\u064a\u062a\u064a\u060c \u0627\u0644\u0645\u0647\u0646\u062f\u0633 \u0645\u0646 \u0645\u062f\u0631\u0633\u0629 \u0628\u0648\u0644\u064a\u062a\u064a\u0643\u0646\u064a\u0643\u060c \u0627\u0644\u0645\u0639\u0644\u0645\u060c \u0648\u0645\u0646 \u062e\u064a\u0631\u0629 \u0627\u0644\u0623\u062f\u0628\u0627\u0621 \u0627\u0644\u0641\u0631\u0646\u0633\u064a\u064a\u0646\u060c \u0647\u0648 \u0645\u0624\u0644\u0641 \u0644\u0644\u0639\u062f\u064a\u062f \u0645\u0646 \u0627\u0644\u0623\u0639\u0645\u0627\u0644 \u0623\u062d\u062f\u062b\u0647\u0627: &#8220;Le sens du sens&#8221;\u060c \u0646\u0634\u0631\u0647\u0627 \u0647\u064a\u0631\u0645\u064a\u0633 \u0644\u0627\u0641\u0648\u0627\u0632\u064a\u064a\u0647\u060c 2011\u060c &#8220;La double h\u00e9lice des civilisations : le parti pris de l\u2019optimisme&#8221;\u060c \u0646\u0634\u0631\u0647\u0627 \u0634\u0631\u0648\u0646\u064a\u0643 \u0633\u0648\u0633\u064a\u0627\u0644\u060c 2015\u060c \u0648&#8221;Hymne \u00e0 la cr\u00e9ation&#8221;\u060c \u0646\u0634\u0631\u0647\u0627 \u0634\u0631\u0648\u0646\u064a\u0643 \u0633\u0648\u0633\u064a\u0627\u0644\u060c 2017<span lang=\"AR-SA\"><span style=\"font-weight: 400; font-family: Thabit, sans-serif;\"><i><\/i><br \/>\n<\/span><\/span><\/span><\/span><\/p>\n","protected":false},"excerpt":{"rendered":"<p>L\u2019histoire de vie d&#8217;Andr\u00e9 de Peretti r\u00e9unit ses souvenirs d&#8217;enfance \u00e0 Rabat et ses exp\u00e9riences pendant la guerre, tout en illustrant son attachement \u00e0 l&#8217;ouverture aux autres. Apr\u00e8s avoir \u00e9voqu\u00e9 ses ann\u00e9es d&#8217;\u00e9tudes et sa mobilisation pendant la guerre, le polytechnicien \u00e9crivain partage son v\u00e9cu en tant que prisonnier et\u2026 <a class=\"continue-reading-link\" href=\"https:\/\/cch.um6p.ma\/?page_id=638\">Lire plus \/ Read more<\/a><\/p>\n","protected":false},"author":1,"featured_media":911,"parent":1930,"menu_order":0,"comment_status":"closed","ping_status":"closed","template":"","meta":{"om_disable_all_campaigns":false,"_monsterinsights_skip_tracking":false,"_monsterinsights_sitenote_active":false,"_monsterinsights_sitenote_note":"","_monsterinsights_sitenote_category":0,"ngg_post_thumbnail":0,"footnotes":""},"categories":[120],"tags":[119],"class_list":["post-638","page","type-page","status-publish","has-post-thumbnail","hentry","category-humanities","tag-andre-de-peretti"],"aioseo_notices":[],"_links":{"self":[{"href":"https:\/\/cch.um6p.ma\/index.php?rest_route=\/wp\/v2\/pages\/638","targetHints":{"allow":["GET"]}}],"collection":[{"href":"https:\/\/cch.um6p.ma\/index.php?rest_route=\/wp\/v2\/pages"}],"about":[{"href":"https:\/\/cch.um6p.ma\/index.php?rest_route=\/wp\/v2\/types\/page"}],"author":[{"embeddable":true,"href":"https:\/\/cch.um6p.ma\/index.php?rest_route=\/wp\/v2\/users\/1"}],"replies":[{"embeddable":true,"href":"https:\/\/cch.um6p.ma\/index.php?rest_route=%2Fwp%2Fv2%2Fcomments&post=638"}],"version-history":[{"count":12,"href":"https:\/\/cch.um6p.ma\/index.php?rest_route=\/wp\/v2\/pages\/638\/revisions"}],"predecessor-version":[{"id":2654,"href":"https:\/\/cch.um6p.ma\/index.php?rest_route=\/wp\/v2\/pages\/638\/revisions\/2654"}],"up":[{"embeddable":true,"href":"https:\/\/cch.um6p.ma\/index.php?rest_route=\/wp\/v2\/pages\/1930"}],"wp:featuredmedia":[{"embeddable":true,"href":"https:\/\/cch.um6p.ma\/index.php?rest_route=\/wp\/v2\/media\/911"}],"wp:attachment":[{"href":"https:\/\/cch.um6p.ma\/index.php?rest_route=%2Fwp%2Fv2%2Fmedia&parent=638"}],"wp:term":[{"taxonomy":"category","embeddable":true,"href":"https:\/\/cch.um6p.ma\/index.php?rest_route=%2Fwp%2Fv2%2Fcategories&post=638"},{"taxonomy":"post_tag","embeddable":true,"href":"https:\/\/cch.um6p.ma\/index.php?rest_route=%2Fwp%2Fv2%2Ftags&post=638"}],"curies":[{"name":"wp","href":"https:\/\/api.w.org\/{rel}","templated":true}]}}