{"id":571,"date":"2023-08-19T10:14:52","date_gmt":"2023-08-19T10:14:52","guid":{"rendered":"https:\/\/cch.um6p.ma\/?page_id=571"},"modified":"2023-10-14T20:31:37","modified_gmt":"2023-10-14T20:31:37","slug":"stuart-kauffman-the-inevitable-anthropocene-and-our-choices-now-prolegomenon-to-a-next-axial-age","status":"publish","type":"page","link":"https:\/\/cch.um6p.ma\/?page_id=571","title":{"rendered":"Stuart Kauffman,\u00a0The Inevitable Anthropocene and our Choices Now: Prolegomenon to a Next Axial Age"},"content":{"rendered":"<p>UM6P, 22 February 2023, 58mn&nbsp;<\/p>\n<p>Introductory texts (English, French and Arabic) by Samia Erraji<br \/>\nDrawing by Sophie Lenormand<\/p>\n<p><iframe loading=\"lazy\" title=\"YouTube video player\" src=\"https:\/\/www.youtube.com\/embed\/bQgD7xxAFUE\" width=\"560\" height=\"315\" frameborder=\"0\" allowfullscreen=\"allowfullscreen\"><\/iframe><\/p>\n<p style=\"text-align: justify;\"><span style=\"font-weight: 400;\">Stuart Kauffman&#8217;s presentation delves into the concept of co-evolution and its potential impact on the future. He emphasizes humanity&#8217;s connection to nature and contrasts it with historical Western science&#8217;s view of humans as separate entities. Kauffman introduces the idea of an &#8220;axial age&#8221; marked by transformative shifts in worldview and the emergence of religions and philosophies.&nbsp; He continues by introducing a groundbreaking concept known as the &#8220;Theory of the Adjacent Possible&#8221; (TAP). This theory proposes that innovation and novelty emerge from the current state of a system, with the adjacent possibilities being the immediate next steps that can be explored from that state.<\/span><\/p>\n<p style=\"text-align: justify;\"><span style=\"font-weight: 400;\">Stuart Kauffman connects the &#8220;TAP process&#8221; to the &#8220;Inevitable Anthropocene,&#8221; the human-driven era impacting the planet. He stresses the need for a spiritual transformation and a shift in practice to address environmental challenges.<\/span><\/p>\n<p><img loading=\"lazy\" decoding=\"async\" class=\"size-large wp-image-2249 aligncenter\" src=\"https:\/\/cch.um6p.ma\/wp-content\/uploads\/2023\/09\/Stuart_Kauffman_22fev_Sophie_Lenormand1-1024x724.jpg\" alt=\"\" width=\"800\" height=\"566\" srcset=\"https:\/\/cch.um6p.ma\/wp-content\/uploads\/2023\/09\/Stuart_Kauffman_22fev_Sophie_Lenormand1-1024x724.jpg 1024w, https:\/\/cch.um6p.ma\/wp-content\/uploads\/2023\/09\/Stuart_Kauffman_22fev_Sophie_Lenormand1-300x212.jpg 300w, https:\/\/cch.um6p.ma\/wp-content\/uploads\/2023\/09\/Stuart_Kauffman_22fev_Sophie_Lenormand1-768x543.jpg 768w, https:\/\/cch.um6p.ma\/wp-content\/uploads\/2023\/09\/Stuart_Kauffman_22fev_Sophie_Lenormand1-212x150.jpg 212w, https:\/\/cch.um6p.ma\/wp-content\/uploads\/2023\/09\/Stuart_Kauffman_22fev_Sophie_Lenormand1-150x106.jpg 150w, https:\/\/cch.um6p.ma\/wp-content\/uploads\/2023\/09\/Stuart_Kauffman_22fev_Sophie_Lenormand1.jpg 1267w\" sizes=\"auto, (max-width: 800px) 100vw, 800px\" \/><\/p>\n<p style=\"text-align: justify;\"><span style=\"font-weight: 400;\">Kauffman also discusses the work of biologist Joanna Xavier on molecular reproduction and introduces the concept of &#8220;Kantian holes&#8221; explaining how parts exist for and by means of the whole. He challenges set theory and traditional mathematics in predicting evolution due to the unique nature of emergent systems.<\/span><\/p>\n<p style=\"text-align: justify;\"><span style=\"font-weight: 400;\">The American scientist discusses global soil regeneration experiments for sustainable agriculture and proposes a Global Creative Commons platform for sharing knowledge. He explores co-evolving bacterial communities and the potential of a distributed peer learning network.<\/span><\/p>\n<p style=\"text-align: justify;\"><span style=\"font-weight: 400;\">In summary, Kauffman envisions a future where humanity collaborates with nature and fellow humans, embracing participatory science and cooperation to navigate challenges and build a sustainable world.<\/span><\/p>\n<p style=\"text-align: right;\"><span style=\"font-weight: 400;\">Samia Erraji<br \/>\n<\/span><\/p>\n<p style=\"text-align: justify;\"><span style=\"font-weight: 400;\"><strong>Stuart Kauffman<\/strong>, born in 1939, is an American theoretical biologist, complexity researcher, and author. Kauffman has made significant contributions to various fields, including biology, physics, and philosophy.<\/span><\/p>\n<p style=\"text-align: justify;\"><span style=\"font-weight: 400;\">He earned his M.D. degree from the University of California, San Francisco, and later pursued a Ph.D. in biochemistry at the University of Oxford. Throughout his career, Kauffman held positions at prestigious institutions such as the Santa Fe Institute, where he was a founding member.<\/span><\/p>\n<p style=\"text-align: justify;\"><span style=\"font-weight: 400;\">His interdisciplinary approach has led to groundbreaking insights into the nature of complexity and evolution. He has authored several books, including <\/span><i><span style=\"font-weight: 400;\">The Origins of Order <\/span><\/i><span style=\"font-weight: 400;\">(Oxford University Press, 1993) <\/span><span style=\"font-weight: 400;\">and <\/span><i><span style=\"font-weight: 400;\">At Home in the Universe <\/span><\/i><span style=\"font-weight: 400;\">(Oxford University Press, 1996).<\/span><\/p>\n<p style=\"text-align: center;\">_________________________________<\/p>\n<p style=\"text-align: justify;\"><span style=\"font-weight: 400;\">Dans cette pr\u00e9sentation, Stuart Kauffman aborde le concept de co-\u00e9volution et son impact potentiel sur l&#8217;avenir. Il souligne la connexion de l&#8217;humanit\u00e9 \u00e0 la nature et la compare \u00e0 la vision historique de la science occidentale qui consid\u00e9rait les humains comme des entit\u00e9s distinctes. Kauffman introduit l&#8217;id\u00e9e d&#8217;une &#8220;\u00e8re axiale&#8221; marqu\u00e9e par des changements profonds dans la perception du monde et l&#8217;\u00e9mergence de religions et de philosophies.<\/span><\/p>\n<p style=\"text-align: justify;\"><span style=\"font-weight: 400;\">Kauffman relie cela au &#8220;processus TAP&#8221;, une \u00e9quation qu&#8217;il a \u00e9labor\u00e9e pour expliquer la croissance de la complexit\u00e9 et de la diversit\u00e9 des produits et du commerce. Il relie cela \u00e0 &#8220;l&#8217;anthropoc\u00e8ne in\u00e9vitable&#8221;, o\u00f9 les changements induits par l&#8217;homme ont un impact sur les \u00e9cosyst\u00e8mes.&nbsp;<br \/>\n<\/span><\/p>\n<p style=\"text-align: justify;\"><span style=\"font-weight: 400;\">Kauffman discute du travail de la biologiste Joanna Xavier sur la reproduction mol\u00e9culaire et introduit le concept de &#8220;trous kantiens&#8221; expliquant comment les parties d&#8217;un \u00eatre organis\u00e9 existent pour et par le tout. Il remet en question la th\u00e9orie des ensembles et les math\u00e9matiques traditionnelles pour pr\u00e9dire l&#8217;\u00e9volution en raison de la nature unique des syst\u00e8mes \u00e9mergents.<\/span><\/p>\n<p style=\"text-align: justify;\"><span style=\"font-weight: 400;\">Stuart aborde les exp\u00e9riences de r\u00e9g\u00e9n\u00e9ration mondiale des sols pour une agriculture durable et propose une plateforme &#8220;Communs cr\u00e9atifs mondiaux&#8221; de partage des connaissances. Il explore les communaut\u00e9s bact\u00e9riennes en co-\u00e9volution et le potentiel d&#8217;un r\u00e9seau mondial d&#8217;apprentissage entre pairs.<\/span><\/p>\n<p style=\"text-align: justify;\"><span style=\"font-weight: 400;\">Le message principal de Kauffman appelle \u00e0&nbsp; collaborer avec la nature plut\u00f4t que de chercher \u00e0 la dominer. Il souligne le potentiel de la science participative, de la coop\u00e9ration mondiale et de l&#8217;apprentissage aupr\u00e8s de la biosph\u00e8re pour cr\u00e9er un monde plus interconnect\u00e9 et durable. Cette pr\u00e9sentation suscite un changement de perspective, sugg\u00e9rant que comprendre et travailler avec la complexit\u00e9 inh\u00e9rente de la biosph\u00e8re peut conduire \u00e0 des solutions innovantes dans divers domaines.<\/span><\/p>\n<p style=\"text-align: right;\"><span style=\"font-weight: 400;\">S.E<\/span><\/p>\n<p style=\"text-align: justify;\"><span style=\"font-weight: 400;\"><strong>Stuart Kauffman<\/strong>, n\u00e9 en 1939, est un biologiste th\u00e9oricien am\u00e9ricain, chercheur en complexit\u00e9 et auteur.&nbsp; Kauffman a apport\u00e9 des contributions significatives dans divers domaines, notamment la biologie, la physique et la philosophie.<\/span><\/p>\n<p style=\"text-align: justify;\"><span style=\"font-weight: 400;\">Il a obtenu son dipl\u00f4me de docteur en m\u00e9decine de l&#8217;Universit\u00e9 de Californie, San Francisco, et a ensuite poursuivi un doctorat en biochimie \u00e0 l&#8217;Universit\u00e9 d&#8217;Oxford. Tout au long de sa carri\u00e8re, Kauffman a occup\u00e9 des postes dans des institutions prestigieuses, telles que l&#8217;Institut de Santa Fe, dont il \u00e9tait membre fondateur.<\/span><\/p>\n<p style=\"text-align: justify;\"><span style=\"font-weight: 400;\">Son approche interdisciplinaire a conduit \u00e0 des id\u00e9es r\u00e9volutionnaires sur la nature de la complexit\u00e9 et de l&#8217;\u00e9volution. Il est l&#8217;auteur de plusieurs livres, dont <\/span><i><span style=\"font-weight: 400;\">The Origins of Order<\/span><\/i><span style=\"font-weight: 400;\"> (Oxford University Press, 1993)<\/span> <span style=\"font-weight: 400;\">et <\/span><i><span style=\"font-weight: 400;\">At Home in the Universe <\/span><\/i><span style=\"font-weight: 400;\">(Oxford University Press, 1996).<\/span><\/p>\n<p style=\"text-align: center;\">_________________________________<\/p>\n<p dir=\"rtl\" style=\"text-align: right;\"><span lang=\"AR-SA\"><span style=\"font-family: Thabit, sans-serif;\">\u064a\u062f\u0648\u0631 \u0639\u0631\u0636 \u0633\u062a\u064a\u0648\u0627\u0631\u062a \u0643\u0648\u0641\u0645\u0627\u0646 \u062d\u0648\u0644 \u0627\u0644\u062a\u062d\u0648\u0644 \u0627\u0644\u0639\u0645\u064a\u0642 \u0627\u0644\u062d\u0627\u0644\u064a \u0641\u064a \u0639\u0635\u0631\u0646\u0627\u060c \u0648\u0627\u0644\u0630\u064a \u064a\u0635\u0641\u0647 \u0628\u0645\u0635\u0637\u0644\u062d &#8220;\u0627\u0644\u0645\u0624\u0634\u0631&#8221;\u060c \u0645\u062a\u0633\u0627\u0626\u0644\u0627\u064b \u0639\u0646 \u0627\u0644\u0641\u0635\u0644 \u0627\u0644\u062a\u0627\u0631\u064a\u062e\u064a \u0628\u064a\u0646 \u0627\u0644\u0625\u0646\u0633\u0627\u0646\u064a\u0629 \u0648\u0627\u0644\u0637\u0628\u064a\u0639\u0629. \u064a\u0633\u062a\u0643\u0634\u0641 \u0645\u0641\u0647\u0648\u0645 &#8220;\u0627\u0644\u0639\u0635\u0631 \u0627\u0644\u0645\u062d\u0648\u0631\u064a&#8221;\u060c \u0641\u062a\u0631\u0629 \u0627\u0644\u062a\u062d\u0648\u0644\u0627\u062a \u0627\u0644\u0639\u0645\u064a\u0642\u0629 \u0641\u064a \u0627\u0644\u0631\u0624\u064a\u0629 \u0627\u0644\u0639\u0627\u0644\u0645\u064a\u0629 \u0648\u0627\u0644\u0642\u064a\u0645. \u064a\u0631\u0628\u0637 \u0643\u0648\u0641\u0645\u0627\u0646 \u0647\u0630\u0627 \u0628\u0645\u0639\u0627\u062f\u0644\u0629 \u0648\u0636\u0639\u0647\u0627 \u0644\u0634\u0631\u062d \u0646\u0645\u0648 \u0627\u0644\u062a\u0639\u0642\u064a\u062f \u0648\u062a\u0646\u0648\u0639 \u0627\u0644\u0645\u0646\u062a\u062c\u0627\u062a \u0648\u0627\u0644\u062a\u062c\u0627\u0631\u0629.<\/span><\/span><\/p>\n<p dir=\"rtl\" style=\"text-align: right;\"><span lang=\"AR-SA\"><span style=\"font-family: Thabit, sans-serif;\">\u064a\u0631\u0628\u0637 \u0630\u0644\u0643 \u0628\u0640 &#8220;\u062d\u0642\u0628\u0629 \u0627\u0644\u062a\u0623\u062b\u064a\u0631 \u0627\u0644\u0628\u0634\u0631\u064a &#8220;\u060c \u062d\u064a\u062b \u062a\u0624\u062b\u0631 \u0627\u0644\u062a\u063a\u064a\u064a\u0631\u0627\u062a \u0627\u0644\u062a\u064a \u064a\u0642\u0648\u0645 \u0628\u0647\u0627 \u0627\u0644\u0625\u0646\u0633\u0627\u0646 \u0639\u0644\u0649 \u0627\u0644\u0646\u0638\u0645 \u0627\u0644\u0628\u064a\u0626\u064a\u0629. \u064a\u0642\u062a\u0631\u062d \u0643\u0648\u0641\u0645\u0627\u0646 \u062a\u062d\u0648\u0644\u064b\u0627 \u0631\u0648\u062d\u064a\u064b\u0627 \u0648\u062a\u063a\u064a\u064a\u0631\u064b\u0627 \u0641\u064a \u0627\u0644\u0645\u0645\u0627\u0631\u0633\u0627\u062a \u0644\u0645\u0648\u0627\u062c\u0647\u0629 \u062a\u062d\u062f\u064a\u0627\u062a \u0647\u0630\u0627 \u0627\u0644\u0639\u0635\u0631. \u064a\u0642\u062f\u0645 \u0645\u0641\u0647\u0648\u0645 &#8220;\u0627\u0644\u062b\u0642\u0648\u0628 \u0627\u0644\u0643\u0627\u0646\u0637\u064a\u0629&#8221; \u0643\u0634\u0631\u062d\u064b \u0644\u0643\u064a\u0641\u064a\u0629 \u0648\u062c\u0648\u062f \u0623\u062c\u0632\u0627\u0621 \u0643\u064a\u0627\u0646 \u0645\u0646\u0638\u0645\u060c \u0645\u062a\u062d\u062f\u064a\u0627 \u0627\u0644\u0631\u064a\u0627\u0636\u064a\u0627\u062a \u0627\u0644\u062a\u0642\u0644\u064a\u062f\u064a\u0629 \u0648\u0645\u0624\u0643\u062f\u0627 \u0639\u0644\u0649 \u0639\u062c\u0632\u0647\u0627 \u0639\u0646 \u0627\u0644\u062a\u0646\u0628\u0624 \u0628\u0633\u0644\u0648\u0643&nbsp;\u0627\u0644\u0623\u0646\u0638\u0645\u0629.<\/span><\/span><\/p>\n<p dir=\"rtl\" style=\"text-align: right;\"><span lang=\"AR-SA\"><span style=\"font-family: Thabit, sans-serif;\">\u064a\u0646\u062a\u0642\u0644 \u0643\u0648\u0641\u0645\u0627\u0646 \u0625\u0644\u0649 \u0627\u0643\u062a\u0634\u0627\u0641 \u062b\u0648\u0631\u064a \u0645\u0639 \u0623\u0646\u062f\u0631\u064a\u0627 \u0631\u0648\u0644\u064a \u064a\u0639\u0637\u0644 \u062a\u0637\u0628\u064a\u0642 \u0627\u0644\u0631\u064a\u0627\u0636\u064a\u0627\u062a \u0627\u0644\u062a\u0642\u0644\u064a\u062f\u064a\u0629 \u0644\u0641\u0647\u0645 \u0627\u0644\u062a\u0637\u0648\u0631 \u0628\u0633\u0628\u0628 \u0637\u0628\u064a\u0639\u0629 \u0627\u0644\u0627\u0633\u062a\u0643\u0634\u0627\u0641\u0627\u062a \u0648\u0627\u0644\u062a\u0643\u064a\u0641\u0627\u062a \u0627\u0644\u0641\u0631\u064a\u062f\u0629.<\/span><\/span><\/p>\n<p dir=\"rtl\" style=\"text-align: right;\"><span lang=\"AR-SA\"><span style=\"font-family: Thabit, sans-serif;\">\u064a\u0642\u062a\u0631\u062d \u0643\u0648\u0641\u0645\u0627\u0646 \u0628\u0627\u0644\u062a\u0639\u0627\u0648\u0646 \u0645\u0639 \u064a\u0627\u0646 \u062f\u064a\u0643\u0633\u062a\u0631\u0647\u0627\u0648\u0633 \u0648\u062c\u0648\u0646 \u0643\u0631\u0627\u0648\u0641\u0648\u0631\u062f\u060c \u062a\u062c\u062f\u064a\u062f \u0627\u0644\u062a\u0631\u0628\u0629 \u0643\u062d\u0644 \u0646\u0627\u062c\u0639 \u0644\u062a\u062c\u0627\u0648\u0632 \u0627\u0644\u0645\u0634\u0627\u0643\u0644&nbsp;\u0627\u0644\u0632\u0631\u0627\u0639\u064a\u0629 \u0648\u0627\u0644\u0625\u0645\u0643\u0627\u0646\u0627\u062a \u0627\u0644\u0645\u062d\u062a\u0645\u0644\u0629 \u0644\u0644\u0628\u0630\u0648\u0631 \u0627\u0644\u0645\u0639\u0627\u0644\u062c\u0629\u060c \u0628\u0647\u062f\u0641 \u0625\u0638\u0647\u0627\u0631 \u0641\u0639\u0627\u0644\u064a\u062a\u0647\u0627 \u062f\u0648\u0646 \u0627\u0644\u062d\u0627\u062c\u0629 \u0644\u0644\u0623\u0633\u0645\u062f\u0629 \u0627\u0644\u062a\u0642\u0644\u064a\u062f\u064a\u0629. \u0643\u0645\u0627 \u064a\u0642\u062a\u0631\u062d \u0627\u0644\u0627\u0633\u062a\u0639\u0627\u0646\u0629&nbsp;\u0628\u0645\u0646\u0635\u0629 \u201c<em>Creative Commons<\/em>\u201d \u0644\u0645\u0634\u0627\u0631\u0643\u0629 \u0627\u0644\u0645\u0639\u0631\u0641\u0629 \u0627\u0644\u0632\u0631\u0627\u0639\u064a\u0629 \u0639\u0644\u0649 \u0646\u0637\u0627\u0642 \u0639\u0627\u0644\u0645\u064a \u0648\u064a\u0624\u0643\u062f \u0639\u0644\u0649 \u062f\u0631\u0627\u0633\u0629 \u0627\u0644\u0645\u062c\u062a\u0645\u0639\u0627\u062a \u0627\u0644\u0628\u0643\u062a\u064a\u0631\u064a\u0629 \u0644\u0641\u062a\u062d \u0622\u0641\u0627\u0642 \u062c\u062f\u064a\u062f\u0629.<\/span><\/span><\/p>\n<p dir=\"rtl\" style=\"text-align: right;\"><span lang=\"AR-SA\"><span style=\"font-family: Thabit, sans-serif;\">\u064a\u0646\u0627\u062f\u064a \u0643\u0648\u0641\u0645\u0627\u0646 \u0628\u0627\u0644\u062a\u0639\u0627\u064a\u0634 \u0645\u0639 \u0627\u0644\u0637\u0628\u064a\u0639\u0629 \u0648\u0627\u0644\u0645\u0634\u0627\u0631\u0643\u0629 \u0641\u064a \u0639\u0645\u0644\u064a\u0627\u062a\u0647\u0627 \u0643\u0645\u0627 \u064a\u062f\u0639\u0648 \u0625\u0644\u0649 \u062a\u062d\u0648\u0644 \u0631\u0648\u062d\u064a \u0648\u0639\u0645\u0644\u064a \u0644\u0645\u0648\u0627\u062c\u0647\u0629 \u062a\u062d\u062f\u064a\u0627\u062a \u062d\u0642\u0628\u0629 \u0627\u0644\u062a\u0623\u062b\u064a\u0631 \u0627\u0644\u0628\u0634\u0631\u064a\u060c \u0645\u0634\u062c\u0639\u064b\u0627 \u0639\u0644\u0649 \u0627\u0644\u062a\u0639\u0627\u0648\u0646 \u0648\u0645\u0634\u0627\u0631\u0643\u0629 \u0627\u0644\u0645\u0639\u0631\u0641\u0629 \u0644\u0628\u0646\u0627\u0621 \u0645\u0633\u062a\u0642\u0628\u0644 \u0645\u0633\u062a\u062f\u0627\u0645.<\/span><\/span><\/p>\n<p dir=\"rtl\" style=\"text-align: right;\"><span lang=\"AR-SA\"><span style=\"font-family: Thabit, sans-serif;\">\u0633\u0627\u0645\u064a\u0629 \u0627\u0644\u0631\u0627\u062c\u064a<\/span><\/span><\/p>\n<p dir=\"rtl\" style=\"text-align: right;\"><span lang=\"AR-SA\"><span style=\"font-weight: 400; font-family: Thabit, sans-serif;\"><strong>\u0633\u062a\u064a\u0648\u0627\u0631\u062a \u0643\u0648\u0641\u0645\u0627\u0646<\/strong> \u0647\u0648 \u0639\u0627\u0644\u0650\u0645 \u0628\u064a\u0648\u0644\u0648\u062c\u064a \u0646\u0638\u0631\u064a \u0623\u0645\u0631\u064a\u0643\u064a\u060c \u0648\u0628\u0627\u062d\u062b \u0641\u064a \u0645\u062c\u0627\u0644 \u0627\u0644\u062a\u0639\u0642\u064a\u062f\u060c \u0648\u0643\u0627\u062a\u0628. \u0648\u064f\u0644\u062f \u0641\u064a 28 \u0633\u0628\u062a\u0645\u0628\u0631 1939 \u0641\u064a \u0628\u0646\u0633\u0644\u0641\u0627\u0646\u064a\u0627. \u0642\u062f\u0645 \u0643\u0648\u0641\u0645\u0627\u0646 \u0645\u0633\u0627\u0647\u0645\u0627\u062a \u0643\u0628\u064a\u0631\u0629 \u0641\u064a \u0645\u062c\u0645\u0648\u0639\u0629 \u0645\u0646 \u0627\u0644\u0645\u062c\u0627\u0644\u0627\u062a\u060c \u0628\u0645\u0627 \u0641\u064a \u0630\u0644\u0643 \u0639\u0644\u0645 \u0627\u0644\u0623\u062d\u064a\u0627\u0621\u060c \u0648\u0627\u0644\u0641\u064a\u0632\u064a\u0627\u0621\u060c \u0648\u0627\u0644\u0641\u0644\u0633\u0641\u0629.<\/span><\/span><\/p>\n<p dir=\"rtl\" style=\"text-align: right;\"><span lang=\"AR-SA\"><span style=\"font-weight: 400; font-family: Thabit, sans-serif;\">\u062d\u0635\u0644 \u0639\u0644\u0649 \u062f\u0631\u062c\u0629 \u0627\u0644\u062f\u0643\u062a\u0648\u0631\u0627\u0647 \u0641\u064a \u0627\u0644\u0637\u0628 \u0645\u0646 \u062c\u0627\u0645\u0639\u0629 \u0643\u0627\u0644\u064a\u0641\u0648\u0631\u0646\u064a\u0627\u060c \u0633\u0627\u0646 \u0641\u0631\u0627\u0646\u0633\u064a\u0633\u0643\u0648\u060c \u0648\u062a\u0627\u0628\u0639 \u0628\u0639\u062f \u0630\u0644\u0643 \u062f\u0631\u0627\u0633\u0627\u062a\u0647 \u0641\u064a \u0627\u0644\u0628\u064a\u0648\u0643\u064a\u0645\u064a\u0627\u0621 \u0641\u064a \u062c\u0627\u0645\u0639\u0629 \u0623\u0643\u0633\u0641\u0648\u0631\u062f. \u0637\u0648\u0627\u0644 \u0645\u0633\u064a\u0631\u062a\u0647 \u0627\u0644\u0645\u0647\u0646\u064a\u0629\u060c \u0634\u063a\u0644 \u0643\u0648\u0641\u0645\u0627\u0646 \u0645\u0646\u0627\u0635\u0628 \u0641\u064a \u0645\u0624\u0633\u0633\u0627\u062a \u0645\u0631\u0645\u0648\u0642\u0629 \u0645\u062b\u0644 \u0645\u0639\u0647\u062f\u201d \u0633\u0627\u0646\u062a\u0627 \u0641\u064a\u201d\u060c \u062d\u064a\u062b \u0643\u0627\u0646 \u0639\u0636\u0648\u064b\u0627 \u0645\u0624\u0633\u0633\u064b\u0627.<\/span><\/span><\/p>\n<p dir=\"rtl\" style=\"text-align: right;\"><span lang=\"AR-SA\"><span style=\"font-family: Thabit, sans-serif;\"><span style=\"font-weight: 400;\">\u0646\u0647\u062c\u0647 \u0627\u0644\u0645\u062a\u0639\u062f\u062f \u0627\u0644\u062a\u062e\u0635\u0635\u0627\u062a \u0623\u062f\u0649 \u0625\u0644\u0649 \u0631\u0624\u0649 \u062b\u0648\u0631\u064a\u0629 \u062d\u0648\u0644 \u0637\u0628\u064a\u0639\u0629 \u0627\u0644\u062a\u0639\u0642\u064a\u062f \u0648\u0627\u0644\u062a\u0637\u0648\u0631. \u0644\u0642\u062f \u0643\u062a\u0628 \u0627\u0644\u0639\u062f\u064a\u062f \u0645\u0646 \u0627\u0644\u0643\u062a\u0628\u060c<\/span>&nbsp; (<i><span style=\"font-weight: 400;\">At Home in the Universe <\/span><\/i><span style=\"font-weight: 400;\">(Oxford University Press, 1996) <\/span><i><span style=\"font-weight: 400;\">\u060c<\/span><\/i><\/span><span style=\"font-family: Thabit, sans-serif;\"><i><span style=\"font-weight: 400;\">The Origins of Order <\/span><\/i><span style=\"font-weight: 400;\">(Oxford University Press&nbsp; &nbsp;<\/span><i><span style=\"font-weight: 400;\">&nbsp;&nbsp;<\/span><\/i><\/span><\/span><\/p>\n","protected":false},"excerpt":{"rendered":"<p>UM6P, 22 February 2023, 58mn&nbsp; Introductory texts (English, French and Arabic) by Samia Erraji Drawing by Sophie Lenormand Stuart Kauffman&#8217;s presentation delves into the concept of co-evolution and its potential impact on the future. He emphasizes humanity&#8217;s connection to nature and contrasts it with historical Western science&#8217;s view of humans\u2026 <a class=\"continue-reading-link\" href=\"https:\/\/cch.um6p.ma\/?page_id=571\">Lire plus \/ Read more<\/a><\/p>\n","protected":false},"author":1,"featured_media":870,"parent":1897,"menu_order":23,"comment_status":"closed","ping_status":"closed","template":"","meta":{"om_disable_all_campaigns":false,"_monsterinsights_skip_tracking":false,"_monsterinsights_sitenote_active":false,"_monsterinsights_sitenote_note":"","_monsterinsights_sitenote_category":0,"ngg_post_thumbnail":0,"footnotes":""},"categories":[50,65,34],"tags":[73,72,30,203],"class_list":["post-571","page","type-page","status-publish","has-post-thumbnail","hentry","category-complexity","category-resources","category-science-week","tag-adjacent-possible","tag-anthropocene","tag-stuart-kauffman","tag-203"],"aioseo_notices":[],"_links":{"self":[{"href":"https:\/\/cch.um6p.ma\/index.php?rest_route=\/wp\/v2\/pages\/571","targetHints":{"allow":["GET"]}}],"collection":[{"href":"https:\/\/cch.um6p.ma\/index.php?rest_route=\/wp\/v2\/pages"}],"about":[{"href":"https:\/\/cch.um6p.ma\/index.php?rest_route=\/wp\/v2\/types\/page"}],"author":[{"embeddable":true,"href":"https:\/\/cch.um6p.ma\/index.php?rest_route=\/wp\/v2\/users\/1"}],"replies":[{"embeddable":true,"href":"https:\/\/cch.um6p.ma\/index.php?rest_route=%2Fwp%2Fv2%2Fcomments&post=571"}],"version-history":[{"count":10,"href":"https:\/\/cch.um6p.ma\/index.php?rest_route=\/wp\/v2\/pages\/571\/revisions"}],"predecessor-version":[{"id":2660,"href":"https:\/\/cch.um6p.ma\/index.php?rest_route=\/wp\/v2\/pages\/571\/revisions\/2660"}],"up":[{"embeddable":true,"href":"https:\/\/cch.um6p.ma\/index.php?rest_route=\/wp\/v2\/pages\/1897"}],"wp:featuredmedia":[{"embeddable":true,"href":"https:\/\/cch.um6p.ma\/index.php?rest_route=\/wp\/v2\/media\/870"}],"wp:attachment":[{"href":"https:\/\/cch.um6p.ma\/index.php?rest_route=%2Fwp%2Fv2%2Fmedia&parent=571"}],"wp:term":[{"taxonomy":"category","embeddable":true,"href":"https:\/\/cch.um6p.ma\/index.php?rest_route=%2Fwp%2Fv2%2Fcategories&post=571"},{"taxonomy":"post_tag","embeddable":true,"href":"https:\/\/cch.um6p.ma\/index.php?rest_route=%2Fwp%2Fv2%2Ftags&post=571"}],"curies":[{"name":"wp","href":"https:\/\/api.w.org\/{rel}","templated":true}]}}