{"id":3502,"date":"2026-04-03T12:32:49","date_gmt":"2026-04-03T12:32:49","guid":{"rendered":"https:\/\/cch.um6p.ma\/?page_id=3502"},"modified":"2026-04-03T12:32:49","modified_gmt":"2026-04-03T12:32:49","slug":"science-week-2026-alterites-en-et-devenir","status":"publish","type":"page","link":"https:\/\/cch.um6p.ma\/?page_id=3502","title":{"rendered":"Science Week 2026 &#8211; Alt\u00e9rit\u00e9s en\/et devenir"},"content":{"rendered":"<div>\n<p class=\"font-claude-response-body break-words whitespace-normal leading-[1.7]\"><strong>Lundi 30 mars | 14h00 \u2013 17h00<\/strong><\/p>\n<p class=\"font-claude-response-body break-words whitespace-normal leading-[1.7]\"><strong>Alt\u00e9rit\u00e9s en\/et devenir<\/strong> <em>Divergence | Convergence | \u00c9mergence<\/em><\/p>\n<\/div>\n<div>&nbsp;<\/div>\n<div><img loading=\"lazy\" decoding=\"async\" class=\"aligncenter wp-image-3482\" src=\"https:\/\/cch.um6p.ma\/wp-content\/uploads\/2026\/03\/Alterites-Final-300x169.jpeg\" sizes=\"auto, (max-width: 540px) 100vw, 540px\" srcset=\"https:\/\/cch.um6p.ma\/wp-content\/uploads\/2026\/03\/Alterites-Final-300x169.jpeg 300w, https:\/\/cch.um6p.ma\/wp-content\/uploads\/2026\/03\/Alterites-Final-1024x576.jpeg 1024w, https:\/\/cch.um6p.ma\/wp-content\/uploads\/2026\/03\/Alterites-Final-768x432.jpeg 768w, https:\/\/cch.um6p.ma\/wp-content\/uploads\/2026\/03\/Alterites-Final-1536x863.jpeg 1536w, https:\/\/cch.um6p.ma\/wp-content\/uploads\/2026\/03\/Alterites-Final-250x141.jpeg 250w, https:\/\/cch.um6p.ma\/wp-content\/uploads\/2026\/03\/Alterites-Final-150x84.jpeg 150w, https:\/\/cch.um6p.ma\/wp-content\/uploads\/2026\/03\/Alterites-Final.jpeg 2048w\" alt=\"\" width=\"540\" height=\"304\"><\/div>\n<div>&nbsp;<\/div>\n<div>\n<p class=\"font-claude-response-body break-words whitespace-normal leading-[1.7]\">L&#8217;\u00e9v\u00e9nement a r\u00e9uni des \u00ab t\u00e9moins \u00bb de l&#8217;alt\u00e9rit\u00e9 et des participants du programme Inspire de Cultur.Ed UM6P pour un temps de r\u00e9flexion et de dialogue. \u00c0 travers cette rencontre, nous avons explor\u00e9 comment les diff\u00e9rences et les interactions entre les cultures, les syst\u00e8mes de savoirs et les exp\u00e9riences fa\u00e7onnent les soci\u00e9t\u00e9s contemporaines. En rassemblant des chercheurs, des intellectuels et des jeunes participants du programme Inspire, l&#8217;\u00e9v\u00e9nement a cr\u00e9\u00e9 un espace de dialogue m\u00ealant r\u00e9flexion acad\u00e9mique, expression artistique et engagement intellectuel. Le programme a inclus des t\u00e9moignages, des discussions, des expositions et des performances artistiques.<\/p>\n<p class=\"font-claude-response-body break-words whitespace-normal leading-[1.7]\"><strong>Quatre t\u00e9moins et m\u00e9diateurs culturels<\/strong><\/p>\n<ul class=\"[li_&amp;]:mb-0 [li_&amp;]:mt-1 [li_&amp;]:gap-1 [&amp;:not(:last-child)_ul]:pb-1 [&amp;:not(:last-child)_ol]:pb-1 list-disc flex flex-col gap-1 pl-8 mb-3\">\n<li class=\"whitespace-normal break-words pl-2\"><strong>Najat Vallaud-Belkacem<\/strong>, pr\u00e9sidente de l&#8217;association France terre d&#8217;asile, ancienne ministre fran\u00e7aise de l&#8217;\u00c9ducation nationale, professeure affili\u00e9e \u00e0 l&#8217;UM6P, a t\u00e9moign\u00e9 de \u00ab Je dans le regard de l&#8217;autre \u00bb.<\/li>\n<li class=\"whitespace-normal break-words pl-2\"><strong>Hassan Aslafy<\/strong>, socio-anthropologue franco-marocain, ma\u00eetre de conf\u00e9rences \u00e0 l&#8217;Universit\u00e9 de Toulouse, a abord\u00e9 les \u00ab Andalousies \u00bb sous l&#8217;angle de \u00ab Je est un h\u00f4te \u00bb.<\/li>\n<li class=\"whitespace-normal break-words pl-2\"><strong>Fouad Laroui<\/strong>, \u00e9crivain, professeur \u00e0 l&#8217;UM6P et directeur scientifique de la Semaine de la Science, a \u00e9voqu\u00e9 la situation dans laquelle \u00ab Je est un autre \u00bb.<\/li>\n<li class=\"whitespace-normal break-words pl-2\"><strong>Reda Benkirane<\/strong>, professeur affili\u00e9 titulaire de la Chaire Complexit\u00e9s \u221e Humanit\u00e9s (ABS\/UM6P), a trait\u00e9 du th\u00e8me \u00ab Je entre identit\u00e9 et sentiment d&#8217;appartenance \u00bb.<\/li>\n<\/ul>\n<p class=\"font-claude-response-body break-words whitespace-normal leading-[1.7]\">La session a \u00e9t\u00e9 co-anim\u00e9e par<strong> Nicolas Sperry-Guillou<\/strong> (Chaire Complexit\u00e9s \u221e Humanit\u00e9s) et des membres du groupe <strong>Inspire<\/strong> (<a href=\"https:\/\/um6p.ma\/fr\/cultured\" target=\"_blank\" rel=\"noopener\">Cultur.Ed<\/a>).<\/p>\n<\/div>\n","protected":false},"excerpt":{"rendered":"<p>Lundi 30 mars | 14h00 \u2013 17h00 Alt\u00e9rit\u00e9s en\/et devenir Divergence | Convergence | \u00c9mergence &nbsp; &nbsp; L&#8217;\u00e9v\u00e9nement a r\u00e9uni des \u00ab t\u00e9moins \u00bb de l&#8217;alt\u00e9rit\u00e9 et des participants du programme Inspire de Cultur.Ed UM6P pour un temps de r\u00e9flexion et de dialogue. \u00c0 travers cette rencontre, nous avons explor\u00e9\u2026 <a class=\"continue-reading-link\" href=\"https:\/\/cch.um6p.ma\/?page_id=3502\">Lire plus \/ Read more<\/a><\/p>\n","protected":false},"author":1,"featured_media":0,"parent":0,"menu_order":0,"comment_status":"closed","ping_status":"closed","template":"","meta":{"om_disable_all_campaigns":false,"_monsterinsights_skip_tracking":false,"_monsterinsights_sitenote_active":false,"_monsterinsights_sitenote_note":"","_monsterinsights_sitenote_category":0,"ngg_post_thumbnail":0,"footnotes":""},"categories":[],"tags":[],"class_list":["post-3502","page","type-page","status-publish","hentry"],"aioseo_notices":[],"_links":{"self":[{"href":"https:\/\/cch.um6p.ma\/index.php?rest_route=\/wp\/v2\/pages\/3502","targetHints":{"allow":["GET"]}}],"collection":[{"href":"https:\/\/cch.um6p.ma\/index.php?rest_route=\/wp\/v2\/pages"}],"about":[{"href":"https:\/\/cch.um6p.ma\/index.php?rest_route=\/wp\/v2\/types\/page"}],"author":[{"embeddable":true,"href":"https:\/\/cch.um6p.ma\/index.php?rest_route=\/wp\/v2\/users\/1"}],"replies":[{"embeddable":true,"href":"https:\/\/cch.um6p.ma\/index.php?rest_route=%2Fwp%2Fv2%2Fcomments&post=3502"}],"version-history":[{"count":1,"href":"https:\/\/cch.um6p.ma\/index.php?rest_route=\/wp\/v2\/pages\/3502\/revisions"}],"predecessor-version":[{"id":3503,"href":"https:\/\/cch.um6p.ma\/index.php?rest_route=\/wp\/v2\/pages\/3502\/revisions\/3503"}],"wp:attachment":[{"href":"https:\/\/cch.um6p.ma\/index.php?rest_route=%2Fwp%2Fv2%2Fmedia&parent=3502"}],"wp:term":[{"taxonomy":"category","embeddable":true,"href":"https:\/\/cch.um6p.ma\/index.php?rest_route=%2Fwp%2Fv2%2Fcategories&post=3502"},{"taxonomy":"post_tag","embeddable":true,"href":"https:\/\/cch.um6p.ma\/index.php?rest_route=%2Fwp%2Fv2%2Ftags&post=3502"}],"curies":[{"name":"wp","href":"https:\/\/api.w.org\/{rel}","templated":true}]}}