{"id":3387,"date":"2025-07-22T13:32:41","date_gmt":"2025-07-22T13:32:41","guid":{"rendered":"https:\/\/cch.um6p.ma\/?page_id=3387"},"modified":"2025-07-22T13:35:29","modified_gmt":"2025-07-22T13:35:29","slug":"lesprit-pervers-du-capitalisme-theologie-et-anthropologie-liberale-dany-robert-dufour","status":"publish","type":"page","link":"https:\/\/cch.um6p.ma\/?page_id=3387","title":{"rendered":"L&#8217;esprit pervers du capitalisme. Th\u00e9ologie et anthropologie lib\u00e9rale. Dany Robert Dufour"},"content":{"rendered":"<p><iframe loading=\"lazy\" src=\"\/\/www.youtube.com\/embed\/JXqSJKsXuKY\" width=\"560\" height=\"314\" allowfullscreen=\"allowfullscreen\" data-mce-fragment=\"1\"><\/iframe><\/p>\n<p>Paris, 7 mai 2018.&nbsp;Entretien men\u00e9 par Reda Benkirane<\/p>\n<p><strong>Dany-Robert Dufour<\/strong> est philosophe. Professeur \u00e9m\u00e9rite de l\u2019universit\u00e9 Paris 8, sp\u00e9cialiste des sciences de l\u2019\u00e9ducation il est l\u2019auteur de <em>Le D\u00e9lire occidental et ses effets actuels dans la vie quotidienne : travail, loisir, amour<\/em>&nbsp;(Les liens qui lib\u00e8rent, 2014, Pocket 2018), <em>Il \u00e9tait une fois le dernier homme<\/em> (Deno\u00ebl, 2012), <em>L\u2019individu qui vient\u2026 apr\u00e8s le lib\u00e9ralisme<\/em> (Deno\u00ebl, 2011), <em>La Cit\u00e9 perverse<\/em> (Deno\u00ebl, 2009, Folio, 2012), <em>Le Divin march\u00e9<\/em> (Deno\u00ebl, 2007, Folio, 2012), <em>On ach\u00e8ve bien les hommes : de quelques cons\u00e9quences actuelles et futures de la mort de Dieu<\/em> (Deno\u00ebl, 2005), <em>L\u2019Art de r\u00e9duire les t\u00eates : sur la nouvelle servitude de l\u2019homme lib\u00e9r\u00e9 \u00e0 l\u2019\u00e8re du capitalisme total<\/em> (Deno\u00ebl, 2003), <em>Folie et d\u00e9mocratie<\/em> (Gallimard, 1996), <em>Les Myst\u00e8res de la trinit\u00e9<\/em> (Gallimard, 1990), <em>Le B\u00e9gaiement des ma\u00eetres\u2009: Lacan, \u00c9mile Benveniste, L\u00e9vi-Strauss<\/em> (R\u00e9\u00e9d. Arcanes, 1988). Dany-Robert Dufour est \u00e9galement l\u2019auteur d\u2019une \u00e9tude introductive sur Bernard Mandeville dont il a revu et comment\u00e9 la nouvelle \u00e9dition de sa <em>Fable des abeilles<\/em> (Pocket, 2017).<\/p>\n","protected":false},"excerpt":{"rendered":"<p>Paris, 7 mai 2018.&nbsp;Entretien men\u00e9 par Reda Benkirane Dany-Robert Dufour est philosophe. Professeur \u00e9m\u00e9rite de l\u2019universit\u00e9 Paris 8, sp\u00e9cialiste des sciences de l\u2019\u00e9ducation il est l\u2019auteur de Le D\u00e9lire occidental et ses effets actuels dans la vie quotidienne : travail, loisir, amour&nbsp;(Les liens qui lib\u00e8rent, 2014, Pocket 2018), Il \u00e9tait\u2026 <a class=\"continue-reading-link\" href=\"https:\/\/cch.um6p.ma\/?page_id=3387\">Lire plus \/ Read more<\/a><\/p>\n","protected":false},"author":1,"featured_media":0,"parent":1930,"menu_order":0,"comment_status":"closed","ping_status":"closed","template":"","meta":{"om_disable_all_campaigns":false,"_monsterinsights_skip_tracking":false,"_monsterinsights_sitenote_active":false,"_monsterinsights_sitenote_note":"","_monsterinsights_sitenote_category":0,"ngg_post_thumbnail":0,"footnotes":""},"categories":[],"tags":[],"class_list":["post-3387","page","type-page","status-publish","hentry"],"aioseo_notices":[],"_links":{"self":[{"href":"https:\/\/cch.um6p.ma\/index.php?rest_route=\/wp\/v2\/pages\/3387","targetHints":{"allow":["GET"]}}],"collection":[{"href":"https:\/\/cch.um6p.ma\/index.php?rest_route=\/wp\/v2\/pages"}],"about":[{"href":"https:\/\/cch.um6p.ma\/index.php?rest_route=\/wp\/v2\/types\/page"}],"author":[{"embeddable":true,"href":"https:\/\/cch.um6p.ma\/index.php?rest_route=\/wp\/v2\/users\/1"}],"replies":[{"embeddable":true,"href":"https:\/\/cch.um6p.ma\/index.php?rest_route=%2Fwp%2Fv2%2Fcomments&post=3387"}],"version-history":[{"count":2,"href":"https:\/\/cch.um6p.ma\/index.php?rest_route=\/wp\/v2\/pages\/3387\/revisions"}],"predecessor-version":[{"id":3390,"href":"https:\/\/cch.um6p.ma\/index.php?rest_route=\/wp\/v2\/pages\/3387\/revisions\/3390"}],"up":[{"embeddable":true,"href":"https:\/\/cch.um6p.ma\/index.php?rest_route=\/wp\/v2\/pages\/1930"}],"wp:attachment":[{"href":"https:\/\/cch.um6p.ma\/index.php?rest_route=%2Fwp%2Fv2%2Fmedia&parent=3387"}],"wp:term":[{"taxonomy":"category","embeddable":true,"href":"https:\/\/cch.um6p.ma\/index.php?rest_route=%2Fwp%2Fv2%2Fcategories&post=3387"},{"taxonomy":"post_tag","embeddable":true,"href":"https:\/\/cch.um6p.ma\/index.php?rest_route=%2Fwp%2Fv2%2Ftags&post=3387"}],"curies":[{"name":"wp","href":"https:\/\/api.w.org\/{rel}","templated":true}]}}