{"id":3278,"date":"2025-02-05T17:29:42","date_gmt":"2025-02-05T17:29:42","guid":{"rendered":"https:\/\/cch.um6p.ma\/?page_id=3278"},"modified":"2025-05-22T09:54:29","modified_gmt":"2025-05-22T09:54:29","slug":"science-week-2025-le-vivant-retrospective-et-prospective","status":"publish","type":"page","link":"https:\/\/cch.um6p.ma\/?page_id=3278","title":{"rendered":"Science Week 2025 &#8211; Le Vivant: r\u00e9trospective et prospective"},"content":{"rendered":"<p><img loading=\"lazy\" decoding=\"async\" class=\"aligncenter  wp-image-3271\" src=\"https:\/\/cch.um6p.ma\/wp-content\/uploads\/2025\/02\/Science-Week-Le-Vivant-300x169.jpg\" alt=\"\" width=\"546\" height=\"307\" srcset=\"https:\/\/cch.um6p.ma\/wp-content\/uploads\/2025\/02\/Science-Week-Le-Vivant-300x169.jpg 300w, https:\/\/cch.um6p.ma\/wp-content\/uploads\/2025\/02\/Science-Week-Le-Vivant-1024x576.jpg 1024w, https:\/\/cch.um6p.ma\/wp-content\/uploads\/2025\/02\/Science-Week-Le-Vivant-768x432.jpg 768w, https:\/\/cch.um6p.ma\/wp-content\/uploads\/2025\/02\/Science-Week-Le-Vivant-1536x864.jpg 1536w, https:\/\/cch.um6p.ma\/wp-content\/uploads\/2025\/02\/Science-Week-Le-Vivant-250x141.jpg 250w, https:\/\/cch.um6p.ma\/wp-content\/uploads\/2025\/02\/Science-Week-Le-Vivant-150x84.jpg 150w, https:\/\/cch.um6p.ma\/wp-content\/uploads\/2025\/02\/Science-Week-Le-Vivant.jpg 1600w\" sizes=\"auto, (max-width: 546px) 100vw, 546px\" \/><\/p>\n<p>Le 19 f\u00e9vrier 2025, la Chaire Complexit\u00e9s \u221e Humanit\u00e9s a organis\u00e9 une session intitul\u00e9e \u00ab Le Vivant : r\u00e9trospective et prospective \u00bb, dans le cadre de la Science Week 2025 de l&#8217;UM6P.<\/p>\n<p><span style=\"font-weight: 400;\">Comment et quand est apparue la vie multicellulaire complexe? Comment les sciences sociales et humaines peuvent-elles dialoguer et interagir avec les sciences du vivant? Peut-on encore pr\u00e9server la diversit\u00e9 du vivant, intriquer \u00e0 nouveau nature et culture, relier soci\u00e9t\u00e9s humaines et animales? Une politique du vivant est-elle envisageable? L&#8217;humanit\u00e9 peut-elle survivre \u00e0 ses impacts biosph\u00e9rique et g\u00e9ologique?<\/span><\/p>\n<p><span style=\"font-weight: 400;\">Afin d&#8217;explorer ces th\u00e9matiques, des chercheurs internationaux ont partag\u00e9 leurs r\u00e9flexions sur l\u2019avenir de la science et de l\u2019humanit\u00e9.&nbsp;<\/span><\/p>\n<p><span style=\"font-weight: 400;\">\ud835\uddd4\ud835\uddef\ud835\uddf1\ud835\uddf2\ud835\uddff\ud835\uddff\ud835\uddee\ud835\ude07\ud835\uddee\ud835\uddf8 \ud835\uddd8\ud835\udddf \ud835\uddd4\ud835\udddf\ud835\uddd5\ud835\uddd4\ud835\udde1\ud835\udddc \u2013 \ud835\ude0b\ud835\ude26\ud835\ude34 \ud835\ude30\ud835\ude33\ud835\ude2a\ud835\ude28\ud835\ude2a\ud835\ude2f\ud835\ude26\ud835\ude34 \ud835\ude25\ud835\ude26 \ud835\ude2d\ud835\ude22 \ud835\ude37\ud835\ude2a\ud835\ude26 \ud835\ude22 \ud835\ude2d\u2019\ud835\ude08\ud835\ude2f\ud835\ude35\ud835\ude29\ud835\ude33\ud835\ude30\ud835\ude31\ud835\ude30\ud835\ude24\ud835\ude26\ud835\ude2f\ud835\ude26&nbsp;&nbsp;<\/span><\/p>\n<p><iframe loading=\"lazy\" src=\"\/\/www.youtube.com\/embed\/9ovyAyodmxI?t=1s\" width=\"560\" height=\"314\" allowfullscreen=\"allowfullscreen\"><\/iframe><\/p>\n<p><span style=\"font-weight: 400;\">\ud835\uddd5\ud835\uddf2\ud835\uddff\ud835\uddfb\ud835\uddee\ud835\uddff\ud835\uddf1 \ud835\udddf\ud835\uddd4\ud835\udddb\ud835\udddc\ud835\udde5\ud835\uddd8 \u2013 \ud835\ude1d\ud835\ude26\ud835\ude33\ud835\ude34 \ud835\ude25\ud835\ude26\ud835\ude34 \ud835\ude34\ud835\ude24\ud835\ude2a\ud835\ude26\ud835\ude2f\ud835\ude24\ud835\ude26\ud835\ude34 \ud835\ude34\ud835\ude30\ud835\ude24\ud835\ude2a\ud835\ude22\ud835\ude2d\ud835\ude26\ud835\ude34 \ud835\ude25\ud835\ude36 \ud835\ude37\ud835\ude2a\ud835\ude37\ud835\ude22\ud835\ude2f\ud835\ude35&nbsp;&nbsp;<\/span><\/p>\n<p><iframe loading=\"lazy\" src=\"\/\/www.youtube.com\/embed\/QP57AoaHFI0?t=2s\" width=\"560\" height=\"314\" allowfullscreen=\"allowfullscreen\"><\/iframe><\/p>\n<p><span style=\"font-weight: 400;\">\ud835\uddda\ud835\uddff\ud835\uddee\ud835\ude07\ud835\uddf6\ud835\uddee \ud835\uddd5\ud835\udde2\ud835\udde5\ud835\udde5\ud835\udddc\ud835\udde1\ud835\udddc-\ud835\uddd9\ud835\uddd8\ud835\uddec\ud835\uddd8\ud835\udde5\ud835\uddd4\ud835\uddd5\ud835\uddd8\ud835\udde1\ud835\uddd7 \u2013 \ud835\ude1b\ud835\ude26\ud835\ude33\ud835\ude33\ud835\ude2a\ud835\ude35\ud835\ude30\ud835\ude2a\ud835\ude33\ud835\ude26\ud835\ude34 \ud835\ude25\ud835\ude26 \ud835\ude37\ud835\ude2a\ud835\ude26&nbsp;&nbsp;<\/span><\/p>\n<p><iframe loading=\"lazy\" src=\"\/\/www.youtube.com\/embed\/7akjqQ2fkpU?t=588s\" width=\"560\" height=\"314\" allowfullscreen=\"allowfullscreen\"><\/iframe><\/p>\n<p><span style=\"font-weight: 400;\">\ud835\udde5\ud835\uddf2\ud835\uddf1\ud835\uddee \ud835\uddd5\ud835\uddd8\ud835\udde1\ud835\uddde\ud835\udddc\ud835\udde5\ud835\uddd4\ud835\udde1\ud835\uddd8 \u2013 \ud835\ude1a\ud835\ude36\ud835\ude33\ud835\ude37\ud835\ude2a\ud835\ude37\ud835\ude33\ud835\ude26 \ud835\ude22 \ud835\ude2d\u2019\ud835\ude08\ud835\ude2f\ud835\ude35\ud835\ude29\ud835\ude33\ud835\ude30\ud835\ude31\ud835\ude30\ud835\ude24\ud835\ude26\ud835\ude2f\ud835\ude26 : \ud835\ude26\ud835\ude39\ud835\ude24\ud835\ude33\ud835\ude30\ud835\ude2a\ud835\ude34\ud835\ude34\ud835\ude22\ud835\ude2f\ud835\ude24\ud835\ude26\ud835\ude34 \ud835\ude26\ud835\ude35 \ud835\ude2d\ud835\ude2a\ud835\ude2e\ud835\ude2a\ud835\ude35\ud835\ude26\ud835\ude34 \ud835\ude31\ud835\ude2d\ud835\ude22\ud835\ude2f\ud835\ude26\ud835\ude35\ud835\ude22\ud835\ude2a\ud835\ude33\ud835\ude26\ud835\ude34&nbsp;&nbsp;<\/span><\/p>\n<p><iframe loading=\"lazy\" src=\"\/\/www.youtube.com\/embed\/DL49cMosVNE?t=2s\" width=\"560\" height=\"314\" allowfullscreen=\"allowfullscreen\"><\/iframe><\/p>\n<p><span style=\"font-weight: 400;\"><strong>D\u00e9bat avec le public<\/strong>&nbsp;&nbsp;<\/span><\/p>\n<p><iframe loading=\"lazy\" src=\"\/\/www.youtube.com\/embed\/CSHQ4zGgJDo\" width=\"560\" height=\"314\" allowfullscreen=\"allowfullscreen\"><\/iframe><\/p>\n<p><strong><a id=\"biosSW2025\"><\/a>Bios des intervenants<\/strong><\/p>\n<table style=\"border-collapse: collapse; width: 100%; height: 96px;\" border=\"1\">\n<tbody>\n<tr style=\"height: 24px;\">\n<td style=\"width: 18.3621%; height: 24px;\"><span style=\"font-weight: 400;\"><img loading=\"lazy\" decoding=\"async\" class=\"wp-image-3281  alignleft\" src=\"https:\/\/cch.um6p.ma\/wp-content\/uploads\/2025\/02\/El-Albani-e1738775980764-264x300.jpg\" alt=\"\" width=\"194\" height=\"220\" srcset=\"https:\/\/cch.um6p.ma\/wp-content\/uploads\/2025\/02\/El-Albani-e1738775980764-264x300.jpg 264w, https:\/\/cch.um6p.ma\/wp-content\/uploads\/2025\/02\/El-Albani-e1738775980764-768x872.jpg 768w, https:\/\/cch.um6p.ma\/wp-content\/uploads\/2025\/02\/El-Albani-e1738775980764-132x150.jpg 132w, https:\/\/cch.um6p.ma\/wp-content\/uploads\/2025\/02\/El-Albani-e1738775980764.jpg 856w\" sizes=\"auto, (max-width: 194px) 100vw, 194px\" \/><\/span><\/td>\n<td style=\"width: 81.6379%; height: 24px;\"><span style=\"font-weight: 400;\"><strong>Abderrazak El Albani<\/strong> est g\u00e9ologue et professeur \u00e0 l&#8217;Universit\u00e9 de Poitiers, connu pour sa d\u00e9couverte majeure au Gabon de fossiles multicellulaires qui ont permis de repousser la date de l\u2019\u00e9mergence de la vie multicellulaire de 1,5 milliard d\u2019ann\u00e9es. Ses travaux ont plusieurs fois eu un impact d\u00e9terminant faisant l\u2019objet des couvertures des revues Nature et Science, comme pour le cas de sa d\u00e9couverte au Maroc de deux nouvelles esp\u00e8ces de trilobites fossiles vieux de 515 millions d\u2019ann\u00e9es. Il est co-auteur notamment de Comment tout a commenc\u00e9 sur la Terre. Le r\u00e9cit d&#8217;une incroyable d\u00e9couverte (humenSciences, 2020) et de Aux origines de la vie &#8211; une nouvelle histoire de l&#8217;\u00e9volution (Dunod, 2016).<\/span><\/td>\n<\/tr>\n<tr style=\"height: 24px;\">\n<td style=\"width: 18.3621%; height: 24px;\"><span style=\"font-weight: 400;\"><img loading=\"lazy\" decoding=\"async\" class=\"wp-image-3282 size-medium alignleft\" src=\"https:\/\/cch.um6p.ma\/wp-content\/uploads\/2025\/02\/Lahire-200x300.jpg\" alt=\"\" width=\"200\" height=\"300\"><\/span><\/td>\n<td style=\"width: 81.6379%; height: 24px;\"><span style=\"font-weight: 400;\"><strong>Bernard Lahire<\/strong> est sociologue, directeur de reherche au CNRS et membre honoraire de l&#8217;Institut Universitaire de France. Affili\u00e9 \u00e0 l&#8217;Ecole Normale Sup\u00e9rieure de Lyon, ses travaux portent sur la socialisation pendant l\u2019enfance, la culture et les in\u00e9galit\u00e9s sociales. Il est l&#8217;auteur de tr\u00e8s nombreux ouvrages dont L&#8217;Homme pluriel (Nathan, 1998), Monde pluriel : penser l&#8217;unit\u00e9 des sciences sociales (Seuil, 2012), Les structures fondamentales des soci\u00e9t\u00e9s humaines (La D\u00e9couverte, 2023) et Vers une science sociale du vivant (La D\u00e9couverte, 2025).&nbsp;<\/span><\/td>\n<\/tr>\n<tr style=\"height: 24px;\">\n<td style=\"width: 18.3621%; height: 24px;\"><span style=\"font-weight: 400;\"><img loading=\"lazy\" decoding=\"async\" class=\"wp-image-3280 alignleft\" src=\"https:\/\/cch.um6p.ma\/wp-content\/uploads\/2025\/02\/Borrini-300x300.jpg\" alt=\"\" width=\"169\" height=\"169\" srcset=\"https:\/\/cch.um6p.ma\/wp-content\/uploads\/2025\/02\/Borrini-300x300.jpg 300w, https:\/\/cch.um6p.ma\/wp-content\/uploads\/2025\/02\/Borrini-150x150.jpg 150w, https:\/\/cch.um6p.ma\/wp-content\/uploads\/2025\/02\/Borrini-768x768.jpg 768w, https:\/\/cch.um6p.ma\/wp-content\/uploads\/2025\/02\/Borrini-350x350.jpg 350w, https:\/\/cch.um6p.ma\/wp-content\/uploads\/2025\/02\/Borrini.jpg 900w\" sizes=\"auto, (max-width: 169px) 100vw, 169px\" \/><\/span><\/td>\n<td style=\"width: 81.6379%; height: 24px;\"><span style=\"font-weight: 400;\"><strong>Grazia Borrini-Feyerabend<\/strong> travaille depuis pr\u00e8s de trente ans sur la gouvernance pour la conservation de la nature et les droits et responsabilit\u00e9s des communaut\u00e9s, souvent en \u00e9troite collaboration avec l&#8217;Union internationale pour la conservation de la nature (UICN), pour laquelle elle a d\u00e9velopp\u00e9 et mis en \u0153uvre le programme de politique sociale au d\u00e9but des ann\u00e9es 1990. Elle est actuellement pr\u00e9sidente de la Fondation Paul K. Feyerabend. En 2014, elle a re\u00e7u le Fred Packard International Parks Merit Award. Elle vient de publier Territories of Life. Exploring vitality of governance for conserved and protected areas (The ICCA Consortium, 2024).&nbsp;<\/span><\/td>\n<\/tr>\n<tr style=\"height: 24px;\">\n<td style=\"width: 18.3621%; height: 24px;\"><span style=\"font-weight: 400;\"><img loading=\"lazy\" decoding=\"async\" class=\"wp-image-3279 alignleft\" src=\"https:\/\/cch.um6p.ma\/wp-content\/uploads\/2025\/02\/Benkirane-286x300.jpg\" alt=\"\" width=\"172\" height=\"180\" srcset=\"https:\/\/cch.um6p.ma\/wp-content\/uploads\/2025\/02\/Benkirane-286x300.jpg 286w, https:\/\/cch.um6p.ma\/wp-content\/uploads\/2025\/02\/Benkirane-143x150.jpg 143w, https:\/\/cch.um6p.ma\/wp-content\/uploads\/2025\/02\/Benkirane.jpg 605w\" sizes=\"auto, (max-width: 172px) 100vw, 172px\" \/><\/span><\/td>\n<td style=\"width: 81.6379%; height: 24px;\"><span style=\"font-weight: 400;\"><strong>Reda Benkirane<\/strong>, sociologue, professeur titulaire affili\u00e9&nbsp; \u00e0 l&#8217;Africa Business School, dirige la Chaire Complexit\u00e9s \u221e Humanit\u00e9s. Il&nbsp; enseigne \u00e9galement \u00e0 l\u2019universit\u00e9 de Fribourg (Suisse). Il est expert en affaires internationales aupr\u00e8s d\u2019agences des Nations-Unies, d\u2019ONGs et d\u2019institutions culturelles et m\u00e9diatiques. Ses recherches empiriques ont port\u00e9 principalement sur l\u2019urbanit\u00e9, la complexit\u00e9, la radicalit\u00e9 et l\u2019islamit\u00e9. ll est l\u2019auteur de plusieurs ouvrages dont notamment La Complexit\u00e9, vertiges et promesses. Histoires de sciences (UM6P-Press, 2023, Le Pommier, 2013).<\/span><\/td>\n<\/tr>\n<\/tbody>\n<\/table>\n<p><span style=\"font-weight: 400;\">&nbsp;<\/span><\/p>\n<p>&nbsp;<\/p>\n<p><span style=\"font-weight: 400;\">&nbsp;<\/span><\/p>\n<p><span style=\"font-weight: 400;\">&nbsp;<\/span><\/p>\n","protected":false},"excerpt":{"rendered":"<p>Le 19 f\u00e9vrier 2025, la Chaire Complexit\u00e9s \u221e Humanit\u00e9s a organis\u00e9 une session intitul\u00e9e \u00ab Le Vivant : r\u00e9trospective et prospective \u00bb, dans le cadre de la Science Week 2025 de l&#8217;UM6P. Comment et quand est apparue la vie multicellulaire complexe? Comment les sciences sociales et humaines peuvent-elles dialoguer et\u2026 <a class=\"continue-reading-link\" href=\"https:\/\/cch.um6p.ma\/?page_id=3278\">Lire plus \/ Read more<\/a><\/p>\n","protected":false},"author":1,"featured_media":0,"parent":1838,"menu_order":0,"comment_status":"closed","ping_status":"closed","template":"","meta":{"om_disable_all_campaigns":false,"_monsterinsights_skip_tracking":false,"_monsterinsights_sitenote_active":false,"_monsterinsights_sitenote_note":"","_monsterinsights_sitenote_category":0,"ngg_post_thumbnail":0,"footnotes":""},"categories":[],"tags":[],"class_list":["post-3278","page","type-page","status-publish","hentry"],"aioseo_notices":[],"_links":{"self":[{"href":"https:\/\/cch.um6p.ma\/index.php?rest_route=\/wp\/v2\/pages\/3278","targetHints":{"allow":["GET"]}}],"collection":[{"href":"https:\/\/cch.um6p.ma\/index.php?rest_route=\/wp\/v2\/pages"}],"about":[{"href":"https:\/\/cch.um6p.ma\/index.php?rest_route=\/wp\/v2\/types\/page"}],"author":[{"embeddable":true,"href":"https:\/\/cch.um6p.ma\/index.php?rest_route=\/wp\/v2\/users\/1"}],"replies":[{"embeddable":true,"href":"https:\/\/cch.um6p.ma\/index.php?rest_route=%2Fwp%2Fv2%2Fcomments&post=3278"}],"version-history":[{"count":8,"href":"https:\/\/cch.um6p.ma\/index.php?rest_route=\/wp\/v2\/pages\/3278\/revisions"}],"predecessor-version":[{"id":3307,"href":"https:\/\/cch.um6p.ma\/index.php?rest_route=\/wp\/v2\/pages\/3278\/revisions\/3307"}],"up":[{"embeddable":true,"href":"https:\/\/cch.um6p.ma\/index.php?rest_route=\/wp\/v2\/pages\/1838"}],"wp:attachment":[{"href":"https:\/\/cch.um6p.ma\/index.php?rest_route=%2Fwp%2Fv2%2Fmedia&parent=3278"}],"wp:term":[{"taxonomy":"category","embeddable":true,"href":"https:\/\/cch.um6p.ma\/index.php?rest_route=%2Fwp%2Fv2%2Fcategories&post=3278"},{"taxonomy":"post_tag","embeddable":true,"href":"https:\/\/cch.um6p.ma\/index.php?rest_route=%2Fwp%2Fv2%2Ftags&post=3278"}],"curies":[{"name":"wp","href":"https:\/\/api.w.org\/{rel}","templated":true}]}}