{"id":3009,"date":"2024-09-01T19:46:49","date_gmt":"2024-09-01T19:46:49","guid":{"rendered":"https:\/\/cch.um6p.ma\/?page_id=3009"},"modified":"2024-09-02T16:03:21","modified_gmt":"2024-09-02T16:03:21","slug":"reliance","status":"publish","type":"page","link":"https:\/\/cch.um6p.ma\/?page_id=3009","title":{"rendered":"Reliance"},"content":{"rendered":"<p><strong><img loading=\"lazy\" decoding=\"async\" class=\"alignleft\" src=\"https:\/\/c.pxhere.com\/images\/4f\/f2\/73c9890e9cf00a80bdf4649abf83-1625055.jpg!d\" alt=\"network, people, business, icon, social, friend, technology, concept, management, net, leader, corporation, marketing, community, society, team, connection, organization, communication, networking, crowd, company, connect, line art, line, circle, clip art, symbol, graphics\" width=\"204\" height=\"204\"><\/strong><\/p>\n<p>Below are links to some of the most important centers, institutes, and laboratories working on the sciences of complexity and non-linearity or exploring social, educational, or philosophical issues through interdisciplinary approaches.<\/p>\n<p>Vous trouverez ci-dessous des liens vers certains des centres, instituts et laboratoires les plus importants travaillant sur les sciences de la complexit\u00e9 et de la non-lin\u00e9arit\u00e9 ou explorant des questions sociales, \u00e9ducatives ou philosophiques par le biais d&#8217;approches interdisciplinaires.<\/p>\n<p>&nbsp;<\/p>\n<p>&nbsp;<\/p>\n<ul>\n<li><strong>Center for Complex Systems and Brain Sciences<\/strong>, Florida Atlantic University\n<ul>\n<li>Raton, FL, USA <a href=\"https:\/\/ccs.fau.edu\/\">https:\/\/ccs.fau.edu\/<\/a><\/li>\n<\/ul>\n<\/li>\n<li><strong>Center for the Study of Complex Systems (CSCS)<\/strong>, University of Michigan\n<ul>\n<li>Ann Arbor, MI, USA <a href=\"https:\/\/lsa.umich.edu\/cscs\">https:\/\/lsa.umich.edu\/cscs<\/a><\/li>\n<\/ul>\n<\/li>\n<li><strong>Center Leo Apostel (CLEA) for transdisciplinary research, <\/strong>VUB\n<ul>\n<li>Brussells, Belgique <a href=\"https:\/\/clea.research.vub.be\/\">https:\/\/clea.research.vub.be\/<\/a><\/li>\n<\/ul>\n<\/li>\n<li><strong>Centre for Complex Systems<\/strong>, The University of Sydney\n<ul>\n<li>Sydney, Australia <a href=\"https:\/\/www.sydney.edu.au\/science\/our-research\/research-centres\/centre-for-complex-systems.html\">https:\/\/www.sydney.edu.au\/science\/our-research\/research-centres\/centre-for-complex-systems.html<\/a><\/li>\n<\/ul>\n<\/li>\n<li><strong>Centre for Complex Systems (CCS)<\/strong>, Universit\u00e9 d&#8217;Utrecht\n<ul>\n<li>Utrecht, Netherlands <a href=\"https:\/\/www.uu.nl\/en\/research\/centre-for-complex-systems-studies-ccss\">https:\/\/www.uu.nl\/en\/research\/centre-for-complex-systems-studies-ccss<\/a><\/li>\n<\/ul>\n<\/li>\n<li><strong>Centro de Ciencias de la Complejidad<\/strong>, Universidad Nacional Aut\u00f3noma de M\u00e9xico\n<ul>\n<li>Mexico City, Mexico <a href=\"https:\/\/www.c3.unam.mx\/\">https:\/\/www.c3.unam.mx\/<\/a><\/li>\n<\/ul>\n<\/li>\n<li><strong>Chaire Reliance en Complexit\u00e9<\/strong>, Universit\u00e9 de Montpellier\n<ul>\n<li>Montpellier, France <a href=\"https:\/\/www.reliance-en-complexite.org\/\">https:\/\/www.reliance-en-complexite.org\/<\/a><\/li>\n<\/ul>\n<\/li>\n<li><strong>Complex Systems Institute<\/strong>, Universit\u00e9 de Caroline du Nord\n<ul>\n<li>Charlotte, NC, USA <a href=\"https:\/\/complexity.charlotte.edu\/\">https:\/\/complexity.charlotte.edu\/<\/a><\/li>\n<\/ul>\n<\/li>\n<li><strong>Complex Systems Society<\/strong>\n<ul>\n<li><a href=\"https:\/\/cssociety.org\/home\">&nbsp;https:\/\/cssociety.org\/home<\/a><\/li>\n<\/ul>\n<\/li>\n<li><strong>Complexity Science Hub<\/strong>\n<ul>\n<li>Vienne, Autriche <a href=\"https:\/\/csh.ac.at\/\">https:\/\/csh.ac.at\/<\/a><\/li>\n<\/ul>\n<\/li>\n<li><strong>Harvard Radcliffe Institute<\/strong>, Harvard University\n<ul>\n<li>Cambridge, MA, USA, <a href=\"https:\/\/www.radcliffe.harvard.edu\/\">https:\/\/www.radcliffe.harvard.edu\/<\/a><\/li>\n<\/ul>\n<\/li>\n<li><strong>Institut des Syst\u00e8mes Complexes Paris \u00cele-de-France (ISC-PIF)<\/strong>\n<ul>\n<li>Paris, France <a href=\"https:\/\/iscpif.fr\/\">https:\/\/iscpif.fr\/<\/a><\/li>\n<\/ul>\n<\/li>\n<li><strong>Institut des Syst\u00e8mes Complexes de Normandie (ISCN), <\/strong>Universit\u00e9 Le Havre Normandie\n<ul>\n<li>Le Havre, France <a href=\"https:\/\/iscn.univ-lehavre.fr\/\">https:\/\/iscn.univ-lehavre.fr\/<\/a><\/li>\n<\/ul>\n<\/li>\n<li><strong>Institut e of Complex Systems, <\/strong>University of Barcelona\n<ul>\n<li>Barcelona, Spain <a href=\"https:\/\/www.ubics.net\/\">https:\/\/www.ubics.net\/<\/a><\/li>\n<\/ul>\n<\/li>\n<li><strong>Institut Rh\u00f4nalpin des Syst\u00e8mes Complexes (IXXI)<\/strong>\n<ul>\n<li>Lyon, France <a href=\"https:\/\/www.ixxi.fr\/\">https:\/\/www.ixxi.fr\/<\/a><\/li>\n<\/ul>\n<\/li>\n<li><strong>Institute for New Economic Thinking (INET)<\/strong>, Oxford University\n<ul>\n<li>Oxford, UK <a href=\"https:\/\/www.inet.ox.ac.uk\/\">https:\/\/www.inet.ox.ac.uk\/<\/a><\/li>\n<\/ul>\n<\/li>\n<li><strong>Max Planck Institute for Dynamics and Self-Organization<\/strong>\n<ul>\n<li>G\u00f6ttingen, Allemagne <a href=\"https:\/\/www.ds.mpg.de\/en\">https:\/\/www.ds.mpg.de\/en<\/a><\/li>\n<\/ul>\n<\/li>\n<li><strong>Northwestern Institute on Complex Systems (NICO)<\/strong>, Northwestern University\n<ul>\n<li>Evanston, IL, USA <a href=\"https:\/\/www.nico.northwestern.edu\/\">https:\/\/www.nico.northwestern.edu\/<\/a><\/li>\n<\/ul>\n<\/li>\n<li><strong>Laboratoire de physique des syst\u00e8mes complexes<\/strong>, EPFL\n<ul>\n<li>Lausanne, Suisse <a href=\"https:\/\/www.epfl.ch\/labs\/pcsl\/\">https:\/\/www.epfl.ch\/labs\/pcsl\/<\/a><\/li>\n<\/ul>\n<\/li>\n<li><strong>R\u00e9seau Intelligence de la Complexit\u00e9<\/strong>\n<ul>\n<li>Paris, France <a href=\"https:\/\/www.intelligence-complexite.org\/\">https:\/\/www.intelligence-complexite.org\/<\/a><\/li>\n<\/ul>\n<\/li>\n<li><strong>Santa Fe Institute<\/strong>\n<ul>\n<li>Santa Fe, NM, USA <a href=\"https:\/\/www.santafe.edu\/\">https:\/\/www.santafe.edu\/<\/a><\/li>\n<\/ul>\n<\/li>\n<li><strong>Schumacher College<\/strong>\n<ul>\n<li>Dartington, Royaume-Uni <a href=\"https:\/\/campus.dartington.org\/schumacher-college-2024\/\">https:\/\/campus.dartington.org\/schumacher-college-2024\/<\/a><\/li>\n<\/ul>\n<\/li>\n<li><strong>The International Bateson Institute&nbsp;<\/strong>\n<ul>\n<li>Munso, Sweden <a href=\"https:\/\/batesoninstitute.org\/\">https:\/\/batesoninstitute.org\/<\/a><\/li>\n<\/ul>\n<\/li>\n<li><strong>Universit\u00e9 Populaire Edgar Morin pour la M\u00e9tamorphose<\/strong>\n<ul>\n<li>Toulouse, France <a href=\"https:\/\/upemm.org\/\">https:\/\/upemm.org\/<\/a><\/li>\n<\/ul>\n<\/li>\n<\/ul>\n","protected":false},"excerpt":{"rendered":"<p>Below are links to some of the most important centers, institutes, and laboratories working on the sciences of complexity and non-linearity or exploring social, educational, or philosophical issues through interdisciplinary approaches. Vous trouverez ci-dessous des liens vers certains des centres, instituts et laboratoires les plus importants travaillant sur les sciences\u2026 <a class=\"continue-reading-link\" href=\"https:\/\/cch.um6p.ma\/?page_id=3009\">Lire plus \/ Read more<\/a><\/p>\n","protected":false},"author":1,"featured_media":0,"parent":248,"menu_order":1,"comment_status":"closed","ping_status":"closed","template":"","meta":{"om_disable_all_campaigns":false,"_monsterinsights_skip_tracking":false,"_monsterinsights_sitenote_active":false,"_monsterinsights_sitenote_note":"","_monsterinsights_sitenote_category":0,"ngg_post_thumbnail":0,"footnotes":""},"categories":[],"tags":[],"class_list":["post-3009","page","type-page","status-publish","hentry"],"aioseo_notices":[],"_links":{"self":[{"href":"https:\/\/cch.um6p.ma\/index.php?rest_route=\/wp\/v2\/pages\/3009","targetHints":{"allow":["GET"]}}],"collection":[{"href":"https:\/\/cch.um6p.ma\/index.php?rest_route=\/wp\/v2\/pages"}],"about":[{"href":"https:\/\/cch.um6p.ma\/index.php?rest_route=\/wp\/v2\/types\/page"}],"author":[{"embeddable":true,"href":"https:\/\/cch.um6p.ma\/index.php?rest_route=\/wp\/v2\/users\/1"}],"replies":[{"embeddable":true,"href":"https:\/\/cch.um6p.ma\/index.php?rest_route=%2Fwp%2Fv2%2Fcomments&post=3009"}],"version-history":[{"count":6,"href":"https:\/\/cch.um6p.ma\/index.php?rest_route=\/wp\/v2\/pages\/3009\/revisions"}],"predecessor-version":[{"id":3018,"href":"https:\/\/cch.um6p.ma\/index.php?rest_route=\/wp\/v2\/pages\/3009\/revisions\/3018"}],"up":[{"embeddable":true,"href":"https:\/\/cch.um6p.ma\/index.php?rest_route=\/wp\/v2\/pages\/248"}],"wp:attachment":[{"href":"https:\/\/cch.um6p.ma\/index.php?rest_route=%2Fwp%2Fv2%2Fmedia&parent=3009"}],"wp:term":[{"taxonomy":"category","embeddable":true,"href":"https:\/\/cch.um6p.ma\/index.php?rest_route=%2Fwp%2Fv2%2Fcategories&post=3009"},{"taxonomy":"post_tag","embeddable":true,"href":"https:\/\/cch.um6p.ma\/index.php?rest_route=%2Fwp%2Fv2%2Ftags&post=3009"}],"curies":[{"name":"wp","href":"https:\/\/api.w.org\/{rel}","templated":true}]}}