{"id":248,"date":"2023-08-15T08:32:55","date_gmt":"2023-08-15T08:32:55","guid":{"rendered":"https:\/\/cch.um6p.ma\/?page_id=248"},"modified":"2023-10-02T07:30:43","modified_gmt":"2023-10-02T07:30:43","slug":"about","status":"publish","type":"page","link":"https:\/\/cch.um6p.ma\/?page_id=248","title":{"rendered":"About the Chair"},"content":{"rendered":"<div class=\"content-cch\">\n<p><a href=\"https:\/\/cch.um6p.ma\/wp-content\/uploads\/2023\/09\/Perceptual_Geometry_3_Placebo_Studio_ABS.jpg\"><img loading=\"lazy\" decoding=\"async\" class=\"alignleft wp-image-2412\" title=\"Perceptual Geometry 2, Hajar Azzoumi, 2023. Mixed Media on Canvas, 120 cm x 120 cm. Africa Business School Private Collection - Curated by Placebo Studio\" src=\"https:\/\/cch.um6p.ma\/wp-content\/uploads\/2023\/09\/Perceptual_Geometry_3_Placebo_Studio_ABS.jpg\" alt=\"\" width=\"280\" height=\"277\" srcset=\"https:\/\/cch.um6p.ma\/wp-content\/uploads\/2023\/09\/Perceptual_Geometry_3_Placebo_Studio_ABS.jpg 637w, https:\/\/cch.um6p.ma\/wp-content\/uploads\/2023\/09\/Perceptual_Geometry_3_Placebo_Studio_ABS-300x297.jpg 300w, https:\/\/cch.um6p.ma\/wp-content\/uploads\/2023\/09\/Perceptual_Geometry_3_Placebo_Studio_ABS-151x150.jpg 151w\" sizes=\"auto, (max-width: 280px) 100vw, 280px\" \/><\/a>Attached to the Africa Business School (ABS), the Chair of Complexities \u221e Humanities is tasked with reinforcing the ties with other UM6P Schools and Departments by facilitating:<\/p>\n<p style=\"padding-left: 40px;\">\u2022&nbsp;&nbsp; teachings on complexity sciences delivered within ABS and UM6P and their articulation with human and managerial sciences<\/p>\n<p style=\"padding-left: 40px;\">\u2022&nbsp;&nbsp; their dissemination through cultural and scientific events as well as publications and multimedia productions<\/p>\n<p style=\"padding-left: 40px;\">\u2022&nbsp; &nbsp;their \u201cinsemination\u201d through workshops, case studies, and field surveys<\/p>\n<p>The Chair\u2019s various activities will focus on:<\/p>\n<p style=\"padding-left: 40px;\">\u2022&nbsp; &nbsp;deepening the specifically human and social dimensions of complexity<\/p>\n<p style=\"padding-left: 40px;\">\u2022&nbsp; &nbsp;the contribution of the Chair\u2019s themes to the managerial approach of organizations<\/p>\n<p style=\"padding-left: 40px;\">\u2022&nbsp; &nbsp;the spirit of creativity and innovation through a circulation of ideas and concrete initiatives all oriented towards the \u2018learning by doing\u2019 approach.<\/p>\n<p style=\"padding-left: 40px;\">\u2022&nbsp; &nbsp;the emulation or implementation of multidisciplinary approaches, transversality, and critical thinking<\/p>\n<p>The objective of the Chair of Complexities \u221e Humanities is to support actors within UM6P in their processes of transformation and learning. By providing young managers, engineers, scientific researchers, and students \u2013 who are well-trained in cutting-edge fields \u2013 with a mastery of transdisciplinary tools, the ambition is to reinforce their self-reliance and empower them with a humanist and civic culture.<\/p>\n<p>Reda Benkirane, Affiliate Full Professor, is in charge of this Chair.<\/p>\n<p>Reda Benkirane, a sociologist and doctor in philosophy (study of systems), has a dual background as a social science researcher and an expert in international affairs. His multidisciplinary approach, empirical knowledge and publications are all based on a methodological approach which relies on the heuristics of dialogue (as a path to knowledge otherwise out of reach), sustained attention to otherness, diversity and singularity, the understanding of nonlinear and contradictory phenomena, deep listening and participant observation.<\/p>\n<p style=\"text-align: center;\">__________________________________<\/p>\n<h3><b><span lang=\"FR\"><a id=\"french\"><\/a>La Chaire Complexit\u00e9s \u221e Humanit\u00e9s<\/span><\/b><\/h3>\n<p><span lang=\"FR\"><a href=\"https:\/\/cch.um6p.ma\/wp-content\/uploads\/2023\/09\/Perceptual_Geometry_1_Placebo_Studio_ABS.jpg\"><img loading=\"lazy\" decoding=\"async\" class=\"alignright wp-image-2410\" title=\"Perceptual Geometry 1, Sico, 2023. Mixed Media on Canvas, 120 cm x 120 cm. Africa Business School Private Collection - Curated by Placebo Studio\" src=\"https:\/\/cch.um6p.ma\/wp-content\/uploads\/2023\/09\/Perceptual_Geometry_1_Placebo_Studio_ABS.jpg\" alt=\"\" width=\"280\" height=\"283\" srcset=\"https:\/\/cch.um6p.ma\/wp-content\/uploads\/2023\/09\/Perceptual_Geometry_1_Placebo_Studio_ABS.jpg 633w, https:\/\/cch.um6p.ma\/wp-content\/uploads\/2023\/09\/Perceptual_Geometry_1_Placebo_Studio_ABS-297x300.jpg 297w, https:\/\/cch.um6p.ma\/wp-content\/uploads\/2023\/09\/Perceptual_Geometry_1_Placebo_Studio_ABS-149x150.jpg 149w\" sizes=\"auto, (max-width: 280px) 100vw, 280px\" \/><\/a>Rattach\u00e9e \u00e0 l\u2019Africa Business School (ABS), la Chaire Complexit\u00e9s \u221e Humanit\u00e9s (Chair of Complexities \u221e Humanities) est appel\u00e9e \u00e0 renforcer les liens avec les autres \u00e9coles et d\u00e9partements de l\u2019UM6P en favorisant :<\/span><\/p>\n<p style=\"padding-left: 40px;\"><span lang=\"FR\">\u2022&nbsp;&nbsp; des enseignements dispens\u00e9s au sein de l\u2019ABS et \u00e0 l\u2019UM6P sur les sciences de la complexit\u00e9 et leur articulation avec les sciences humaines et manag\u00e9riales<\/span><\/p>\n<p style=\"padding-left: 40px;\"><span lang=\"FR\">\u2022&nbsp; leur diss\u00e9mination via des rencontres scientifiques et culturelles ainsi que des publications et des productions multim\u00e9dias<\/span><\/p>\n<p style=\"padding-left: 40px;\"><span lang=\"FR\">\u2022&nbsp;&nbsp; leur ins\u00e9mination au travers d\u2019ateliers, \u00e9tudes de cas, enqu\u00eates de terrain<\/span><\/p>\n<p><span lang=\"FR\">Les diverses activit\u00e9s mettront l\u2019accent sur :<\/span><\/p>\n<p style=\"padding-left: 40px;\"><span lang=\"FR\">\u2022&nbsp; l\u2019approfondissement de la dimension sp\u00e9cifiquement humaine et sociale de la complexit\u00e9<\/span><\/p>\n<p style=\"padding-left: 40px;\"><span lang=\"FR\">\u2022&nbsp; l\u2019apport des th\u00e9matiques de la chaire \u00e0 l\u2019approche manag\u00e9riale des organisations<\/span><\/p>\n<p style=\"padding-left: 40px;\"><span lang=\"FR\">\u2022 l\u2019esprit de cr\u00e9ativit\u00e9 et d\u2019innovation au travers de la circulation des id\u00e9es et d\u2019initiatives concr\u00e8tes toutes ax\u00e9es sur l\u2019apprentissage par \u00ab le faire \u00bb (<i>learning by doing<\/i>)<\/span><\/p>\n<p style=\"padding-left: 40px;\"><span lang=\"FR\">\u2022&nbsp; l\u2019\u00e9mulation ou la mise en acte des approches multidisciplinaires, de la transversalit\u00e9 et du sens critique<\/span><\/p>\n<p><span lang=\"FR\">La finalit\u00e9 de la Chaire Complexit\u00e9s \u221e Humanit\u00e9s est d\u2019accompagner des acteurs au sein de l\u2019UM6P dans le cadre des processus en cours de transformation et d\u2019apprentissage. En dotant de jeunes cadres manag\u00e9riaux, ing\u00e9nieurs, chercheurs scientifiques et \u00e9tudiants \u2013 par ailleurs excellemment form\u00e9s dans des domaines de pointe \u2013 d\u2019une ma\u00eetrise des outils de la \u00ab transdiscipline \u00bb, l\u2019ambition est de renforcer leur autonomie (<i>self-reliance<\/i>) et de les \u00ab empuissanter \u00bb de mani\u00e8re \u00e0 les doter d\u2019une culture humaniste et citoyenne.&nbsp;<\/span><\/p>\n<p><span lang=\"FR\">Reda Benkirane, professeur titulaire affili\u00e9, est en charge de cette chaire.<\/span><\/p>\n<p><span lang=\"FR\">Reda Benkirane, sociologue, docteur en philosophie (\u00e9tude des syst\u00e8mes), a un double parcours de chercheur en sciences sociales et d\u2019expert en affaires internationales. Son approche multidisciplinaire, ses connaissances empiriques et ses publications proc\u00e8dent d\u2019une m\u00e9thodologie mobilisant le potentiel heuristique du dialogue (comme voie d\u2019acc\u00e8s au savoir), l\u2019attention soutenue \u00e0 l\u2019alt\u00e9rit\u00e9, la diversit\u00e9 et la singularit\u00e9, la saisie des ph\u00e9nom\u00e8nes non lin\u00e9aires et contradictoires, l\u2019\u00e9coute profonde et l\u2019observation participante.<\/span><\/p>\n<p style=\"text-align: center;\">__________________________________<\/p>\n<h3 style=\"text-align: right;\"><span style=\"font-size: 16px; font-family: Thabit, sans-serif;\"><span lang=\"AR-SA\"><b>\u0627\u0644\u0643\u0631\u0633\u064a\u0651 \u0627\u0644\u0639\u0644\u0645\u064a\u0651 \u062a\u0639\u0642\u064a\u062f\u0627\u062a \u221e \u0625\u0646\u0633\u0627\u0646\u064a\u0651\u0627\u062a<a id=\"arabic\"><\/a><\/b><\/span><b><\/b><\/span><\/h3>\n<p dir=\"RTL\"><span style=\"font-size: 16px; font-family: Thabit, sans-serif;\"><span lang=\"AR-SA\"><span lang=\"FR\"><a href=\"https:\/\/cch.um6p.ma\/wp-content\/uploads\/2023\/09\/Less_is_More_Placebo_Studio_ABS.jpg\"><img loading=\"lazy\" decoding=\"async\" class=\"alignleft wp-image-2405\" title=\"Less is More, Hajjar Azzoumi, 2023. Mixed Media on Canvas, 120 cm x 120 cm. Africa Business School Private Collection - Curated by Placebo Studio\" src=\"https:\/\/cch.um6p.ma\/wp-content\/uploads\/2023\/09\/Less_is_More_Placebo_Studio_ABS.jpg\" alt=\"\" width=\"280\" height=\"275\" srcset=\"https:\/\/cch.um6p.ma\/wp-content\/uploads\/2023\/09\/Less_is_More_Placebo_Studio_ABS.jpg 603w, https:\/\/cch.um6p.ma\/wp-content\/uploads\/2023\/09\/Less_is_More_Placebo_Studio_ABS-300x295.jpg 300w, https:\/\/cch.um6p.ma\/wp-content\/uploads\/2023\/09\/Less_is_More_Placebo_Studio_ABS-153x150.jpg 153w, https:\/\/cch.um6p.ma\/wp-content\/uploads\/2023\/09\/Less_is_More_Placebo_Studio_ABS-150x148.jpg 150w\" sizes=\"auto, (max-width: 280px) 100vw, 280px\" \/><\/a><\/span>\u064a\u0631\u062a\u0628\u0637 \u0627\u0644\u0643\u0631\u0633\u064a\u0651 \u0627\u0644\u0639\u0644\u0645\u064a\u0651 \u201d \u062a\u0639\u0642\u064a\u062f\u0627\u062a \u221e \u0625\u0646\u0633\u0627\u0646\u064a\u0651\u0627\u062a \u201d \u062a\u0646\u0638\u064a\u0645\u064a\u0651\u0627 \u0628\u0627\u0644\u0645\u062f\u0631\u0633\u0629 \u0627\u0644\u0639\u064f\u0644\u064a\u0627 \u0627\u0644\u0625\u0641\u0631\u064a\u0642\u064a\u0651\u0629 \u0644\u0625\u062f\u0627\u0631\u0629 \u0627\u0644\u0623\u0639\u0645\u0627\u0644<\/span>&nbsp;<span lang=\"AR-SA\">\u0648\u0647\u0648 \u0645\u062f\u0639\u0648\u0651 \u0644\u062a\u0639\u0632\u064a\u0632 \u0627\u0644\u0631\u0651\u0648\u0627\u0628\u0637 \u0645\u0639 \u0627\u0644\u0643\u0644\u0651\u064a\u0627\u062a \u0648\u0627\u0644\u0645\u062f\u0627\u0631\u0633 \u0627\u0644\u0639\u064f\u0644\u064a\u0627 \u0627\u0644\u0645\u064f\u0646\u0636\u0648\u064a\u0629 \u0636\u0645\u0646 \u062c\u0627\u0645\u0639\u0629 \u0645\u064f\u062d\u0645\u0651\u062f \u0627\u0644\u0633\u0651\u0627\u062f\u0633 \u0645\u064f\u062a\u0639\u062f\u0651\u062f\u0629 \u0627\u0644\u062a\u062e\u0635\u0651\u0635\u0627\u062a \u0627\u0644\u062a\u0642\u0646\u064a\u0651\u0629 \u0648\u0630\u0644\u0643 \u0645\u0646 \u062e\u0644\u0627\u0644 \u0645\u0627 \u064a\u0644\u064a:<\/span><\/span><\/p>\n<p dir=\"RTL\" style=\"padding-right: 40px;\"><span style=\"font-size: 16px; font-family: Thabit, sans-serif;\"><span dir=\"LTR\" lang=\"FR\">&nbsp;<\/span><span lang=\"FR\">\u00b7&nbsp;&nbsp;&nbsp;&nbsp;&nbsp;&nbsp;&nbsp;&nbsp;&nbsp;<\/span><span lang=\"AR-SA\">&nbsp;\u062a\u062f\u0631\u064a\u0633&nbsp;<i>\u0639\u064f\u0644\u0648\u0645 \u0627\u0644\u062a\u0651\u0639\u0642\u064a\u062f&nbsp;<\/i>\u0636\u0645\u0646 \u0628\u0631\u0627\u0645\u062c \u0627\u0644\u0645\u062f\u0631\u0633\u0629 \u0627\u0644\u0639\u0644\u064a\u0627 \u0648\u062c\u0627\u0645\u0639\u0629 \u0645\u062d\u0645\u062f \u0627\u0644\u0633\u0651\u0627\u062f\u0633 \u0645\u062a\u0639\u062f\u062f\u0629 \u0627\u0644\u062a\u062e\u0635\u0635\u0627\u062a \u0627\u0644\u062a\u0642\u0646\u064a\u0629 \u0645\u0646 \u0632\u0627\u0648\u064a\u0629 \u0627\u0631\u062a\u0628\u0627\u0637\u0650\u0647\u0627 \u0628\u0627\u0644\u0639\u0644\u0648\u0645 \u0627\u0644\u0625\u0646\u0633\u0627\u0646\u064a\u0629 \u0648\u0627\u0644\u0625\u062f\u0627\u0631\u064a\u0629<\/span><span dir=\"LTR\" lang=\"FR\">.<\/span><\/span><\/p>\n<p dir=\"RTL\" style=\"padding-right: 40px;\"><span style=\"font-size: 16px; font-family: Thabit, sans-serif;\"><span lang=\"FR\">\u00b7&nbsp;&nbsp;&nbsp;&nbsp;&nbsp;&nbsp;&nbsp;&nbsp;&nbsp;<\/span><span lang=\"AR-SA\">\u0627\u0644\u062a\u0651\u0639\u0631\u064a\u0641&nbsp;<i>\u0628\u0639\u064f\u0644\u0648\u0645 \u0627\u0644\u062a\u0651\u0639\u0642\u064a\u062f<\/i>&nbsp;\u0648\u0634\u0631\u062d\u0647\u0627 \u0645\u0646 \u062e\u0644\u0627\u0644 \u0627\u0644\u0644\u0651\u0642\u0627\u0621\u0627\u062a \u0627\u0644\u0639\u0644\u0645\u064a\u0651\u0629 \u0648\u0627\u0644\u062b\u0642\u0627\u0641\u064a\u0651\u0629 \u0628\u0627\u0644\u0625\u0636\u0627\u0641\u0629 \u0625\u0644\u0649 \u0627\u0644\u0646\u0651\u0634\u0631 \u0648\u0627\u0644\u0648\u0633\u0627\u0626\u0637 \u0627\u0644\u0625\u0639\u0644\u0627\u0645\u064a\u0651\u0629.<\/span><\/span><\/p>\n<p dir=\"RTL\" style=\"padding-right: 40px;\"><span style=\"font-size: 16px; font-family: Thabit, sans-serif;\"><span lang=\"FR\">\u00b7&nbsp;&nbsp;&nbsp;&nbsp;&nbsp;&nbsp;&nbsp;&nbsp;&nbsp;<\/span><span lang=\"AR-SA\">\u0625\u062b\u0631\u0627\u0621 \u0627\u0644\u0645\u0636\u0627\u0645\u064a\u0646 \u0639\u0628\u0631 \u0648\u0631\u0634\u0627\u062a \u0627\u0644\u0639\u0645\u0644 \u0648\u062f\u0631\u0627\u0633\u0627\u062a \u0627\u0644\u062d\u0627\u0644\u0627\u062a \u0648\u0627\u0644\u062f\u0651\u0631\u0627\u0633\u0627\u062a \u0627\u0644\u0645\u064a\u062f\u0627\u0646\u064a\u0651\u0629.<\/span><\/span><\/p>\n<p dir=\"RTL\"><span style=\"font-size: 16px; font-family: Thabit, sans-serif;\"><span dir=\"LTR\" lang=\"FR\">&nbsp;<\/span><span lang=\"AR-SA\">\u0648\u0633\u062a\u064f\u0631\u0643\u0651\u0632 \u0645\u064f\u062e\u062a\u0644\u0641 \u0627\u0644\u0623\u0646\u0634\u0637\u0629 \u0639\u0644\u0649 \u0645\u0627 \u064a\u0644\u064a:<\/span><\/span><\/p>\n<p dir=\"RTL\" style=\"padding-right: 40px;\"><span style=\"font-size: 16px; font-family: Thabit, sans-serif;\"><span lang=\"AR-SA\">&nbsp;<\/span><span lang=\"FR\">\u00b7&nbsp;&nbsp;&nbsp;&nbsp;&nbsp;&nbsp;&nbsp;&nbsp;&nbsp;<\/span><span lang=\"AR-SA\">\u062a\u0639\u0645\u064a\u0642 \u0641\u0647\u0645 \u0623\u0628\u0639\u0627\u062f&nbsp;<i>\u0627\u0644\u062a\u0651\u0639\u0642\u064a\u062f<\/i>&nbsp;\u0644\u0627 \u0633\u064a\u0651\u0645\u0627 \u0627\u0644\u0625\u0646\u0633\u0627\u0646\u064a\u0651\u0629 \u0648\u0627\u0644\u0627\u062c\u062a\u0645\u0627\u0639\u064a\u0651\u0629 \u0645\u0646\u0647\u0627.<\/span><\/span><\/p>\n<p dir=\"RTL\" style=\"padding-right: 40px;\"><span style=\"font-size: 16px; font-family: Thabit, sans-serif;\"><span lang=\"FR\">\u00b7&nbsp;&nbsp;&nbsp;&nbsp;&nbsp;&nbsp;&nbsp;&nbsp;&nbsp;<\/span><span lang=\"AR-SA\">\u062a\u0639\u0632\u064a\u0632 \u0645\u064f\u0633\u0627\u0647\u0645\u0629 \u0627\u0644\u0645\u0648\u0636\u0648\u0639\u0627\u062a \u0627\u0644\u062a\u064a \u064a\u062a\u0646\u0627\u0648\u0644\u0647\u0627 \u0627\u0644\u0643\u0631\u0633\u064a\u0651 \u0641\u064a \u0625\u062b\u0631\u0627\u0621 \u0627\u0644\u0646\u0651\u0642\u0627\u0634 \u062d\u0648\u0644 \u0645\u0646\u0647\u062c\u064a\u0651\u0629 \u062a\u062f\u0628\u064a\u0631 \u0627\u0644\u0645\u0624\u0633\u0651\u0633\u0627\u062a.<\/span><\/span><\/p>\n<p dir=\"RTL\" style=\"padding-right: 40px;\"><span style=\"font-size: 16px; font-family: Thabit, sans-serif;\"><span lang=\"FR\">\u00b7&nbsp;&nbsp;&nbsp;&nbsp;&nbsp;&nbsp;&nbsp;&nbsp;&nbsp;<\/span><span lang=\"AR-SA\">\u062a\u0639\u0632\u064a\u0632 \u0631\u0648\u062d \u0627\u0644\u0625\u0628\u062f\u0627\u0639 \u0648\u0627\u0644\u0627\u0628\u062a\u0643\u0627\u0631 \u0645\u0646 \u062e\u0644\u0627\u0644 \u062a\u062f\u0627\u0648\u0644 \u0627\u0644\u0623\u0641\u0643\u0627\u0631 \u0648\u0627\u0644\u0645\u064f\u0628\u0627\u062f\u0631\u0627\u062a \u0627\u0644\u0639\u0645\u0644\u064a\u0651\u0629 \u0627\u0644\u0645\u064f\u062a\u0645\u062d\u0648\u0631\u0629 \u062d\u0648\u0644&nbsp;<i>\u0627\u0644\u062a\u0651\u0639\u0644\u0651\u0645 \u0645\u0646 \u062e\u0644\u0627\u0644 \u0627\u0644\u0645\u064f\u0645\u0627\u0631\u0633\u0629<\/i>.<\/span><\/span><\/p>\n<p dir=\"RTL\" style=\"padding-right: 40px;\"><span style=\"font-size: 16px; font-family: Thabit, sans-serif;\"><span lang=\"FR\">\u00b7&nbsp;&nbsp;&nbsp;&nbsp;&nbsp;&nbsp;&nbsp;&nbsp;&nbsp;<\/span><span lang=\"AR-SA\">\u0627\u0644\u0645\u064f\u062d\u0627\u0643\u0627\u0629\u064f \u0623\u0648 \u0627\u0644\u062a\u0651\u062c\u0631\u064a\u0628 \u0627\u0644\u0639\u0645\u0644\u064a\u0651 \u0644\u0645\u0646\u0627\u0647\u062c\u064e \u0645\u064f\u062a\u0639\u062f\u0651\u062f\u0629 \u0627\u0644\u0627\u062e\u062a\u0635\u0627\u0635\u0627\u062a \u0630\u0627\u062a \u0628\u064f\u0639\u062f&nbsp;<i>\u062a\u0642\u0627\u0637\u0639\u064a\u0651<\/i>&nbsp;\u0648\u0642\u0627\u0626\u0645\u0629 \u0639\u0644\u0649 \u0627\u0644\u062d\u0633\u0651 \u0627\u0644\u0646\u0642\u062f\u064a\u0651.<\/span><\/span><\/p>\n<p dir=\"RTL\"><span style=\"font-size: 16px; font-family: Thabit, sans-serif;\"><span lang=\"AR-SA\">&nbsp;<\/span><span lang=\"AR-SA\">\u0648\u0625\u0630 \u062a\u062a\u0645\u062b\u0651\u0644 \u063a\u0627\u064a\u0629 \u0627\u0644\u0643\u0631\u0633\u064a\u0651 \u0627\u0644\u0639\u0644\u0645\u064a\u0651 \u201d \u062a\u0639\u0642\u064a\u062f\u0627\u062a \u221e \u0625\u0646\u0633\u0627\u0646\u064a\u0651\u0627\u062a \u201d \u0641\u064a \u0645\u064f\u0631\u0627\u0641\u0642\u0629 \u0627\u0644\u0623\u0637\u0631\u0627\u0641 \u0627\u0644\u0641\u0627\u0639\u0644\u0629 \u062f\u0627\u062e\u0644 \u062c\u0627\u0645\u0639\u0629 \u0645\u064f\u062d\u0645\u0651\u062f \u0627\u0644\u0633\u0651\u0627\u062f\u0633 \u0645\u064f\u062a\u0639\u062f\u0651\u062f\u0629 \u0627\u0644\u062a\u062e\u0635\u0651\u0635\u0627\u062a \u0627\u0644\u062a\u0642\u0646\u064a\u0651\u0629 \u0636\u0650\u0645\u0646 \u0639\u0645\u0644\u064a\u0651\u0629 \u0627\u0644\u062a\u0651\u0639\u0644\u0651\u0645 \u0648\u0627\u0644\u062a\u062d\u0648\u0651\u0644 \u0627\u0644\u0645\u064f\u0633\u062a\u0645\u0631\u0651\u064a\u0646\u060c \u0641\u0625\u0646\u0651 \u0647\u0630\u0627 \u0627\u0644\u0643\u0631\u0633\u064a\u0651 \u064a\u062a\u0648\u062c\u0651\u0647 \u0643\u0630\u0644\u0643 \u0644\u0644\u0645\u064f\u0633\u064a\u0651\u0631\u064a\u0646 \u0627\u0644\u0634\u0651\u0628\u0627\u0628 \u0648\u0627\u0644\u0645\u064f\u0647\u0646\u062f\u0633\u064a\u0646 \u0648\u0627\u0644\u0628\u0627\u062d\u062b\u064a\u0646 \u0641\u064a \u0634\u062a\u0651\u0649 \u0627\u0644\u0645\u062c\u0627\u0644\u0627\u062a \u0627\u0644\u0639\u0644\u0645\u064a\u0651\u0629 \u0648\u0639\u0645\u0648\u0645 \u0627\u0644\u0637\u0651\u0644\u0628\u0629. \u0648\u0625\u0630\u0627 \u0643\u0627\u0646\u062a \u0647\u0630\u0647 \u0627\u0644\u0641\u0626\u0627\u062a \u0642\u062f \u062a\u0644\u0642\u0651\u062a \u062a\u062f\u0631\u064a\u0628\u0627 \u0645\u064f\u062a\u0645\u064a\u0651\u0632\u0627 \u0641\u064a \u0627\u0644\u0645\u062c\u0627\u0644\u0627\u062a \u0627\u0644\u0641\u0646\u0651\u064a\u0629 \u0627\u0644\u062f\u0651\u0642\u064a\u0642\u0629 \u0627\u0644\u0645\u064f\u062a\u0637\u0648\u0651\u0631\u0629\u060c \u0641\u0625\u0646\u0651 \u0627\u0644\u0637\u0651\u0645\u0648\u062d \u064a\u062a\u0645\u062b\u0651\u0644 \u0641\u064a \u062a\u0645\u0643\u064a\u0646\u0647\u0627 \u0645\u0646 \u0623\u062f\u0648\u0627\u062a \u201d \u0639\u0627\u0628\u0631\u0629 \u0644\u0644\u0645\u0646\u0647\u062c\u064a\u0651\u0627\u062a \u201d \u0628\u0645\u0627 \u064a\u064f\u0639\u0632\u0651\u0632\u064f \u0644\u062f\u064a\u0647\u0627 \u0645\u064e\u0644\u064e\u0643\u064e\u0629\u064e \u0627\u0644\u0627\u0633\u062a\u0642\u0644\u0627\u0644\u064a\u0651\u0629 (\u0627\u0644\u0627\u0639\u062a\u0645\u0627\u062f \u0639\u0644\u0649 \u0627\u0644\u0630\u0651\u0627\u062a) \u0648\u062a\u0642\u0648\u064a\u0629 \u0642\u062f\u0631\u0627\u062a\u0647\u0627 \u0628\u0645\u0627 \u064a\u0645\u0646\u062d\u064f\u0647\u0627 \u062b\u0642\u0627\u0641\u0629 \u0625\u0646\u0633\u0627\u0646\u064a\u0651\u0629 \u0648\u062d\u0636\u0627\u0631\u064a\u0651\u0629 \u0634\u0627\u0645\u0644\u0629.<\/span><\/span><\/p>\n<p dir=\"RTL\"><span style=\"font-size: 16px; font-family: Thabit, sans-serif;\"><span lang=\"AR-SA\">\u0631\u0636\u0627 \u0628\u0646\u0643\u064a\u0631\u0627\u0646<\/span>&nbsp;<span lang=\"AR-SA\">\u0647\u0648 \u0623\u0633\u062a\u0627\u0630 \u0645\u0646\u062a\u0633\u0628 \u0644\u062c\u0627\u0645\u0639\u0629 \u0645\u064f\u062d\u0645\u0651\u062f \u0627\u0644\u0633\u0651\u0627\u062f\u0633 \u0645\u064f\u062a\u0639\u062f\u0651\u062f\u0629 \u0627\u0644\u062a\u062e\u0635\u0651\u0635\u0627\u062a \u0627\u0644\u062a\u0642\u0646\u064a\u0651\u0629\u060c \u0645\u0633\u0624\u0648\u0644 \u0639\u0646 \u0627\u0644\u0643\u0631\u0633\u064a\u0651 \u0627\u0644\u0639\u0644\u0645\u064a\u0651 \u201d \u062a\u0639\u0642\u064a\u062f\u0627\u062a \u0648\u0625\u0646\u0633\u0627\u0646\u064a\u0651\u0627\u062a \u201c<\/span><span dir=\"LTR\" lang=\"FR\">.<\/span><\/span><\/p>\n<p dir=\"RTL\"><span lang=\"AR-SA\" style=\"font-size: 16px; font-family: Thabit, sans-serif;\">\u0631\u0636\u0627 \u0628\u0646\u0643\u064a\u0631\u0627\u0646 \u0647\u0648 \u0639\u0627\u0644\u0645 \u0627\u062c\u062a\u0645\u0627\u0639 \u0645\u064f\u062a\u062d\u0635\u0651\u0644 \u0639\u0644\u0649 \u0627\u0644\u062f\u0643\u062a\u0648\u0631\u0627\u0647 \u0641\u064a \u0627\u0644\u0641\u0644\u0633\u0641\u0629 \u0641\u064a \u0645\u0648\u0636\u0648\u0639 <i>\u062f\u0631\u0627\u0633\u0629 \u0627\u0644\u0623\u0646\u0638\u0645\u0629<\/i>. \u0648\u0642\u062f \u0639\u0645\u0644 \u0641\u064a \u0625\u0637\u0627\u0631 \u0645\u0633\u064a\u0631\u062a\u0647 \u0627\u0644\u0639\u0644\u0645\u064a\u0651\u0629 \u0648\u0627\u0644\u0645\u0650\u0647\u0646\u064a\u0651\u0629 \u0641\u064a \u0645\u0633\u0627\u0631\u0627\u062a \u0645\u0632\u062f\u0648\u062c\u0629 \u0643\u0628\u0627\u062d\u062b \u0641\u064a \u0627\u0644\u0639\u0644\u0648\u0645 \u0627\u0644\u0627\u062c\u062a\u0645\u0627\u0639\u064a\u0629 \u0648\u062e\u0628\u064a\u0631 \u0641\u064a \u0627\u0644\u0634\u0624\u0648\u0646 \u0627\u0644\u062f\u0648\u0644\u064a\u0629. \u0648\u0625\u0630 \u062a\u062a\u0645\u062d\u0648\u0631 \u0627\u0647\u062a\u0645\u0627\u0645\u0627\u062a\u0647 \u062d\u0648\u0644 \u0627\u0644\u0645\u0646\u0647\u062c\u064a\u0651\u0629 \u0645\u064f\u062a\u0639\u062f\u0651\u062f\u0629 \u0627\u0644\u0627\u062e\u062a\u0635\u0627\u0635\u0627\u062a \u0648\u0627\u0644\u0645\u0639\u0627\u0631\u0641 \u0627\u0644\u062a\u0651\u062c\u0631\u064a\u0628\u064a\u0651\u0629\u060c \u0641\u0625\u0646\u0651 \u0645\u0646\u0634\u0648\u0631\u0627\u062a\u0647 \u0627\u0644\u0639\u0644\u0645\u064a\u0651\u0629 \u0643\u062b\u064a\u0631\u0627 \u0645\u0627 \u062a\u0633\u062a\u0644\u0647\u0645\u064f \u062e\u0635\u0648\u0635\u064a\u0651\u062a\u0647\u0627 \u0645\u0646 \u0645\u0646\u0647\u062c\u064a\u0651\u0629 \u062a\u064f\u0643\u062b\u0651\u0641 \u0627\u0644\u0625\u0645\u0643\u0627\u0646\u064a\u0651\u0627\u062a \u0627\u0644\u0627\u0633\u062a\u0643\u0634\u0627\u0641\u064a\u0651\u0629 \u0644\u0644\u062d\u0648\u0627\u0631 (\u0628\u0627\u0639\u062a\u0628\u0627\u0631\u0647 \u0633\u0628\u064a\u0644\u0627 \u0644\u0644\u0645\u0639\u0631\u0641\u0629)\u060c \u0648\u0627\u0644\u0627\u0646\u062a\u0628\u0627\u0647 \u0627\u0644\u0645\u064f\u0633\u062a\u0645\u0631\u0651 \u0644\u0644\u0622\u062e\u0631 \u0628\u0627\u0644\u0625\u0636\u0627\u0641\u0629 \u0625\u0644\u0649 \u062e\u0627\u0635\u064a\u0651\u0627\u062a \u0627\u0644\u062a\u0646\u0648\u0651\u0639 \u0648\u0627\u0644\u062a\u0641\u0631\u0651\u062f \u0648\u062a\u0644\u0645\u0651\u0633 \u0627\u0644\u0638\u0651\u0648\u0627\u0647\u0631 \u063a\u064a\u0631 \u0627\u0644\u062e\u0637\u0651\u064a\u0629 \u0648\u0627\u0644\u0645\u064f\u062a\u0646\u0627\u0642\u0636\u0629 \u0648\u0627\u0644\u0627\u0633\u062a\u0645\u0627\u0639 \u0627\u0644\u0645\u064f\u0639\u0645\u0651\u0642 \u0648\u0627\u0644\u0645\u064f\u0634\u0627\u0647\u062f\u0629 \u0627\u0644\u062a\u0651\u0634\u0627\u0631\u0643\u064a\u0651\u0629.<\/span><\/p>\n<\/div>\n","protected":false},"excerpt":{"rendered":"<p>Attached to the Africa Business School (ABS), the Chair of Complexities \u221e Humanities is tasked with reinforcing the ties with other UM6P Schools and Departments by facilitating: \u2022&nbsp;&nbsp; teachings on complexity sciences delivered within ABS and UM6P and their articulation with human and managerial sciences \u2022&nbsp;&nbsp; their dissemination through cultural\u2026 <a class=\"continue-reading-link\" href=\"https:\/\/cch.um6p.ma\/?page_id=248\">Lire plus \/ Read more<\/a><\/p>\n","protected":false},"author":1,"featured_media":486,"parent":0,"menu_order":44,"comment_status":"closed","ping_status":"closed","template":"","meta":{"om_disable_all_campaigns":false,"_monsterinsights_skip_tracking":false,"_monsterinsights_sitenote_active":false,"_monsterinsights_sitenote_note":"","_monsterinsights_sitenote_category":0,"ngg_post_thumbnail":0,"footnotes":""},"categories":[191],"tags":[],"class_list":["post-248","page","type-page","status-publish","has-post-thumbnail","hentry","category-the-chair"],"aioseo_notices":[],"_links":{"self":[{"href":"https:\/\/cch.um6p.ma\/index.php?rest_route=\/wp\/v2\/pages\/248","targetHints":{"allow":["GET"]}}],"collection":[{"href":"https:\/\/cch.um6p.ma\/index.php?rest_route=\/wp\/v2\/pages"}],"about":[{"href":"https:\/\/cch.um6p.ma\/index.php?rest_route=\/wp\/v2\/types\/page"}],"author":[{"embeddable":true,"href":"https:\/\/cch.um6p.ma\/index.php?rest_route=\/wp\/v2\/users\/1"}],"replies":[{"embeddable":true,"href":"https:\/\/cch.um6p.ma\/index.php?rest_route=%2Fwp%2Fv2%2Fcomments&post=248"}],"version-history":[{"count":27,"href":"https:\/\/cch.um6p.ma\/index.php?rest_route=\/wp\/v2\/pages\/248\/revisions"}],"predecessor-version":[{"id":2406,"href":"https:\/\/cch.um6p.ma\/index.php?rest_route=\/wp\/v2\/pages\/248\/revisions\/2406"}],"wp:featuredmedia":[{"embeddable":true,"href":"https:\/\/cch.um6p.ma\/index.php?rest_route=\/wp\/v2\/media\/486"}],"wp:attachment":[{"href":"https:\/\/cch.um6p.ma\/index.php?rest_route=%2Fwp%2Fv2%2Fmedia&parent=248"}],"wp:term":[{"taxonomy":"category","embeddable":true,"href":"https:\/\/cch.um6p.ma\/index.php?rest_route=%2Fwp%2Fv2%2Fcategories&post=248"},{"taxonomy":"post_tag","embeddable":true,"href":"https:\/\/cch.um6p.ma\/index.php?rest_route=%2Fwp%2Fv2%2Ftags&post=248"}],"curies":[{"name":"wp","href":"https:\/\/api.w.org\/{rel}","templated":true}]}}