{"id":1930,"date":"2023-09-11T15:55:19","date_gmt":"2023-09-11T15:55:19","guid":{"rendered":"https:\/\/cch.um6p.ma\/?page_id=1930"},"modified":"2023-09-23T16:42:30","modified_gmt":"2023-09-23T16:42:30","slug":"humanities","status":"publish","type":"page","link":"https:\/\/cch.um6p.ma\/?page_id=1930","title":{"rendered":"Humanities"},"content":{"rendered":"<div id=\"attachment_2399\" style=\"width: 281px\" class=\"wp-caption alignright\"><a href=\"https:\/\/cch.um6p.ma\/wp-content\/uploads\/2023\/09\/Estebanico_Placebo_Studio_ABS.jpg\"><img loading=\"lazy\" decoding=\"async\" aria-describedby=\"caption-attachment-2399\" class=\"wp-image-2399\" title=\"Estebanico - Socrom, 2023. Mixed Media on Canvas, 200 cm x 200 cm. Africa Business School Private Collection - Curated by Placebo Studio\" src=\"https:\/\/cch.um6p.ma\/wp-content\/uploads\/2023\/09\/Estebanico_Placebo_Studio_ABS.jpg\" alt=\"\" width=\"271\" height=\"272\" srcset=\"https:\/\/cch.um6p.ma\/wp-content\/uploads\/2023\/09\/Estebanico_Placebo_Studio_ABS.jpg 858w, https:\/\/cch.um6p.ma\/wp-content\/uploads\/2023\/09\/Estebanico_Placebo_Studio_ABS-298x300.jpg 298w, https:\/\/cch.um6p.ma\/wp-content\/uploads\/2023\/09\/Estebanico_Placebo_Studio_ABS-150x150.jpg 150w, https:\/\/cch.um6p.ma\/wp-content\/uploads\/2023\/09\/Estebanico_Placebo_Studio_ABS-768x772.jpg 768w, https:\/\/cch.um6p.ma\/wp-content\/uploads\/2023\/09\/Estebanico_Placebo_Studio_ABS-149x150.jpg 149w, https:\/\/cch.um6p.ma\/wp-content\/uploads\/2023\/09\/Estebanico_Placebo_Studio_ABS-350x350.jpg 350w\" sizes=\"auto, (max-width: 271px) 100vw, 271px\" \/><\/a><p id=\"caption-attachment-2399\" class=\"wp-caption-text\"><span style=\"font-size: 10px;\">Estebanico &#8211; Socrom, 2023 \u00a9 ABS&nbsp;&nbsp;<\/span><\/p><\/div>\r\n\r\n<p>&nbsp;<\/p>\r\n<ul class=\"wp-block-page-list\"><li class=\"wp-block-pages-list__item\"><a class=\"wp-block-pages-list__item__link\" href=\"https:\/\/cch.um6p.ma\/?page_id=888\">Beyond Europe: Perspectives on Minorities, Religions &amp; Secular States. Faisal Devji<\/a><\/li><li class=\"wp-block-pages-list__item\"><a class=\"wp-block-pages-list__item__link\" href=\"https:\/\/cch.um6p.ma\/?page_id=3063\">Contre-pouvoirs. Penser, agir et r\u00e9sister dans la complexit\u00e9. Miguel Benasayag<\/a><\/li><li class=\"wp-block-pages-list__item\"><a class=\"wp-block-pages-list__item__link\" href=\"https:\/\/cch.um6p.ma\/?page_id=3301\">De Casablanca \u00e0 Ouaouizalte: parcours d&#8217;une architecte. Selma Zerhouni<\/a><\/li><li class=\"wp-block-pages-list__item\"><a class=\"wp-block-pages-list__item__link\" href=\"https:\/\/cch.um6p.ma\/?page_id=3298\">From Bolivia to Morocco: Anthropology of Health in Indigenous Communities. Sarah Alami<\/a><\/li><li class=\"wp-block-pages-list__item\"><a class=\"wp-block-pages-list__item__link\" href=\"https:\/\/cch.um6p.ma\/?page_id=3387\">L&#8217;esprit pervers du capitalisme. Th\u00e9ologie et anthropologie lib\u00e9rale. Dany Robert Dufour<\/a><\/li><li class=\"wp-block-pages-list__item\"><a class=\"wp-block-pages-list__item__link\" href=\"https:\/\/cch.um6p.ma\/?page_id=3293\">Le leader serviteur : sens et puissance d&#8217;un d\u00e9vouement altruiste. Wafae Hajjani<\/a><\/li><li class=\"wp-block-pages-list__item\"><a class=\"wp-block-pages-list__item__link\" href=\"https:\/\/cch.um6p.ma\/?page_id=638\">Un centenaire \u00e9clair\u00e9: Andr\u00e9 de Peretti, polytechnicien et homme de lettres<\/a><\/li><li class=\"wp-block-pages-list__item\"><a class=\"wp-block-pages-list__item__link\" href=\"https:\/\/cch.um6p.ma\/?page_id=889\">Un pass\u00e9 qui ne passe pas. Sciences coloniales et islamophobie savante. Olivier Le Cour Grandmaison<\/a><\/li><\/ul>\r\n<p>&nbsp;<\/p>","protected":false},"excerpt":{"rendered":"<p>&nbsp; &nbsp; <a class=\"continue-reading-link\" href=\"https:\/\/cch.um6p.ma\/?page_id=1930\">Lire plus \/ Read more<\/a><\/p>\n","protected":false},"author":1,"featured_media":0,"parent":1847,"menu_order":26,"comment_status":"closed","ping_status":"closed","template":"","meta":{"om_disable_all_campaigns":false,"_monsterinsights_skip_tracking":false,"_monsterinsights_sitenote_active":false,"_monsterinsights_sitenote_note":"","_monsterinsights_sitenote_category":0,"ngg_post_thumbnail":0,"footnotes":""},"categories":[],"tags":[],"class_list":["post-1930","page","type-page","status-publish","hentry"],"aioseo_notices":[],"_links":{"self":[{"href":"https:\/\/cch.um6p.ma\/index.php?rest_route=\/wp\/v2\/pages\/1930","targetHints":{"allow":["GET"]}}],"collection":[{"href":"https:\/\/cch.um6p.ma\/index.php?rest_route=\/wp\/v2\/pages"}],"about":[{"href":"https:\/\/cch.um6p.ma\/index.php?rest_route=\/wp\/v2\/types\/page"}],"author":[{"embeddable":true,"href":"https:\/\/cch.um6p.ma\/index.php?rest_route=\/wp\/v2\/users\/1"}],"replies":[{"embeddable":true,"href":"https:\/\/cch.um6p.ma\/index.php?rest_route=%2Fwp%2Fv2%2Fcomments&post=1930"}],"version-history":[{"count":11,"href":"https:\/\/cch.um6p.ma\/index.php?rest_route=\/wp\/v2\/pages\/1930\/revisions"}],"predecessor-version":[{"id":2419,"href":"https:\/\/cch.um6p.ma\/index.php?rest_route=\/wp\/v2\/pages\/1930\/revisions\/2419"}],"up":[{"embeddable":true,"href":"https:\/\/cch.um6p.ma\/index.php?rest_route=\/wp\/v2\/pages\/1847"}],"wp:attachment":[{"href":"https:\/\/cch.um6p.ma\/index.php?rest_route=%2Fwp%2Fv2%2Fmedia&parent=1930"}],"wp:term":[{"taxonomy":"category","embeddable":true,"href":"https:\/\/cch.um6p.ma\/index.php?rest_route=%2Fwp%2Fv2%2Fcategories&post=1930"},{"taxonomy":"post_tag","embeddable":true,"href":"https:\/\/cch.um6p.ma\/index.php?rest_route=%2Fwp%2Fv2%2Ftags&post=1930"}],"curies":[{"name":"wp","href":"https:\/\/api.w.org\/{rel}","templated":true}]}}