{"id":1775,"date":"2023-09-10T19:19:18","date_gmt":"2023-09-10T19:19:18","guid":{"rendered":"https:\/\/cch.um6p.ma\/?page_id=1775"},"modified":"2023-10-02T08:45:52","modified_gmt":"2023-10-02T08:45:52","slug":"publications","status":"publish","type":"page","link":"https:\/\/cch.um6p.ma\/?page_id=1775","title":{"rendered":"Library"},"content":{"rendered":"\r\n<p><span style=\"font-weight: 400;\">Welcome to the &#8220;<strong><a href=\"#library\" data-type=\"internal\" data-id=\"#library\">Library<\/a><\/strong>&#8221; section of the Chair of Complexities \u221e Humanities where you will find a range of meticulously researched books and thought-provoking articles. We invite you to explore these publications at the crossroads of complexity science and the humanities, as we delve deep into the intricate tapestry of human existence. These works reflect our commitment to sharing knowledge and offering fresh perspectives on the complexities that define our world.<\/span><\/p>\r\n\r\n\r\n<h6 id=\"library\" class=\"wp-block-heading\">&nbsp;<\/h6>\r\n\r\n<div class=\"wp-block-image\">\r\n<figure class=\"aligncenter is-resized\"><img loading=\"lazy\" decoding=\"async\" class=\"wp-image-1708\" style=\"width: 487px; height: 365px;\" title=\"Library, UM6P Rabat Campus\" src=\"https:\/\/cch.um6p.ma\/wp-content\/uploads\/2023\/09\/20221127_182430-1024x768.jpg\" alt=\"\" width=\"487\" height=\"365\" srcset=\"https:\/\/cch.um6p.ma\/wp-content\/uploads\/2023\/09\/20221127_182430-1024x768.jpg 1024w, https:\/\/cch.um6p.ma\/wp-content\/uploads\/2023\/09\/20221127_182430-300x225.jpg 300w, https:\/\/cch.um6p.ma\/wp-content\/uploads\/2023\/09\/20221127_182430-768x576.jpg 768w, https:\/\/cch.um6p.ma\/wp-content\/uploads\/2023\/09\/20221127_182430-200x150.jpg 200w, https:\/\/cch.um6p.ma\/wp-content\/uploads\/2023\/09\/20221127_182430-150x113.jpg 150w, https:\/\/cch.um6p.ma\/wp-content\/uploads\/2023\/09\/20221127_182430.jpg 1156w\" sizes=\"auto, (max-width: 487px) 100vw, 487px\" \/><\/figure><\/div>\r\n\r\n<div class=\"wp-block-spacer\" style=\"height: 56px;\" aria-hidden=\"true\">&nbsp;<\/div>\r\n\r\n<ul class=\"wp-block-page-list\"><li class=\"wp-block-pages-list__item\"><a class=\"wp-block-pages-list__item__link\" href=\"https:\/\/cch.um6p.ma\/?page_id=3042\">Fusion of science and culture, Mahdi Elmandjra<\/a><\/li><li class=\"wp-block-pages-list__item\"><a class=\"wp-block-pages-list__item__link\" href=\"https:\/\/cch.um6p.ma\/?page_id=2644\">Scientific Glossary<\/a><\/li><li class=\"wp-block-pages-list__item\"><a class=\"wp-block-pages-list__item__link\" href=\"https:\/\/cch.um6p.ma\/?page_id=2927\">Edgar Morin, Le progr\u00e8s des connaissances a\u202fsuscit\u00e9 une r\u00e9gression de la pens\u00e9e<\/a><\/li><li class=\"wp-block-pages-list__item\"><a class=\"wp-block-pages-list__item__link\" href=\"https:\/\/cch.um6p.ma\/?page_id=2706\">History of contemporary violence<\/a><\/li><li class=\"wp-block-pages-list__item\"><a class=\"wp-block-pages-list__item__link\" href=\"https:\/\/cch.um6p.ma\/?page_id=977\">Recommended Readings<\/a><\/li><li class=\"wp-block-pages-list__item\"><a class=\"wp-block-pages-list__item__link\" href=\"https:\/\/cch.um6p.ma\/?page_id=1064\">Complexity &#8211; Annotated Bibliography<\/a><\/li><li class=\"wp-block-pages-list__item\"><a class=\"wp-block-pages-list__item__link\" href=\"https:\/\/cch.um6p.ma\/?page_id=1052\">Monadology &#8211; Leibniz<\/a><\/li><li class=\"wp-block-pages-list__item\"><a class=\"wp-block-pages-list__item__link\" href=\"https:\/\/cch.um6p.ma\/?page_id=1104\">The Semantic Sphere by Pierre L\u00e9vy<\/a><\/li><li class=\"wp-block-pages-list__item\"><a class=\"wp-block-pages-list__item__link\" href=\"https:\/\/cch.um6p.ma\/?page_id=2440\">Philosophus Autodidactus: Hayy Ibn Yaqdhan &#8211; Ibn Tufayl<\/a><\/li><li class=\"wp-block-pages-list__item\"><a class=\"wp-block-pages-list__item__link\" href=\"https:\/\/cch.um6p.ma\/?page_id=1253\">Anthropo-logiques I: Nous autres &amp; l&#8217;universalisme fran\u00e7ais<\/a><\/li><li class=\"wp-block-pages-list__item\"><a class=\"wp-block-pages-list__item__link\" href=\"https:\/\/cch.um6p.ma\/?page_id=1320\">Anthropo-logiques II: Culture &amp; cultures<\/a><\/li><li class=\"wp-block-pages-list__item\"><a class=\"wp-block-pages-list__item__link\" href=\"https:\/\/cch.um6p.ma\/?page_id=1334\">Sahel: Radicalization, Violence and (In)Security<\/a><\/li><li class=\"wp-block-pages-list__item\"><a class=\"wp-block-pages-list__item__link\" href=\"https:\/\/cch.um6p.ma\/?page_id=1379\">Terrorism: Report to the United Nations<\/a><\/li><\/ul>","protected":false},"excerpt":{"rendered":"<p>Welcome to the &#8220;Library&#8221; section of the Chair of Complexities \u221e Humanities where you will find a range of meticulously researched books and thought-provoking articles. We invite you to explore these publications at the crossroads of complexity science and the humanities, as we delve deep into the intricate tapestry of\u2026 <a class=\"continue-reading-link\" href=\"https:\/\/cch.um6p.ma\/?page_id=1775\">Lire plus \/ Read more<\/a><\/p>\n","protected":false},"author":1,"featured_media":0,"parent":0,"menu_order":56,"comment_status":"closed","ping_status":"closed","template":"","meta":{"om_disable_all_campaigns":false,"_monsterinsights_skip_tracking":false,"_monsterinsights_sitenote_active":false,"_monsterinsights_sitenote_note":"","_monsterinsights_sitenote_category":0,"ngg_post_thumbnail":0,"footnotes":""},"categories":[],"tags":[],"class_list":["post-1775","page","type-page","status-publish","hentry"],"aioseo_notices":[],"_links":{"self":[{"href":"https:\/\/cch.um6p.ma\/index.php?rest_route=\/wp\/v2\/pages\/1775","targetHints":{"allow":["GET"]}}],"collection":[{"href":"https:\/\/cch.um6p.ma\/index.php?rest_route=\/wp\/v2\/pages"}],"about":[{"href":"https:\/\/cch.um6p.ma\/index.php?rest_route=\/wp\/v2\/types\/page"}],"author":[{"embeddable":true,"href":"https:\/\/cch.um6p.ma\/index.php?rest_route=\/wp\/v2\/users\/1"}],"replies":[{"embeddable":true,"href":"https:\/\/cch.um6p.ma\/index.php?rest_route=%2Fwp%2Fv2%2Fcomments&post=1775"}],"version-history":[{"count":20,"href":"https:\/\/cch.um6p.ma\/index.php?rest_route=\/wp\/v2\/pages\/1775\/revisions"}],"predecessor-version":[{"id":2637,"href":"https:\/\/cch.um6p.ma\/index.php?rest_route=\/wp\/v2\/pages\/1775\/revisions\/2637"}],"wp:attachment":[{"href":"https:\/\/cch.um6p.ma\/index.php?rest_route=%2Fwp%2Fv2%2Fmedia&parent=1775"}],"wp:term":[{"taxonomy":"category","embeddable":true,"href":"https:\/\/cch.um6p.ma\/index.php?rest_route=%2Fwp%2Fv2%2Fcategories&post=1775"},{"taxonomy":"post_tag","embeddable":true,"href":"https:\/\/cch.um6p.ma\/index.php?rest_route=%2Fwp%2Fv2%2Ftags&post=1775"}],"curies":[{"name":"wp","href":"https:\/\/api.w.org\/{rel}","templated":true}]}}