{"id":1728,"date":"2023-09-09T16:17:04","date_gmt":"2023-09-09T16:17:04","guid":{"rendered":"https:\/\/cch.um6p.ma\/?page_id=1728"},"modified":"2026-02-05T11:22:31","modified_gmt":"2026-02-05T11:22:31","slug":"introduction-a-la-philosophie-de-liqbal","status":"publish","type":"page","link":"https:\/\/cch.um6p.ma\/?page_id=1728","title":{"rendered":"Science Week 2021 &#8211; Introduction \u00e0 la philosophie de l\u2019iqbal"},"content":{"rendered":"<p>Conf\u00e9rence inaugurale, 1\u00e8re \u00e9dition de la Semaine de la Science, Aux fronti\u00e8res de la science<br \/>\nUM6P, Benguerir, 1er novembre 2021<\/p>\n<p>Pr\u00e9ambule de Sa\u00e2d Tazi et Fouad Laroui Benguerir<\/p>\n<p>Pr\u00e9sentation (fran\u00e7ais, anglais et arabe) de Hind Aboulazm<\/p>\n<p><iframe loading=\"lazy\" title=\"YouTube video player\" src=\"https:\/\/www.youtube.com\/embed\/YOG10XjYKOk?si=2qwKb4wqu34XJj5f\" width=\"560\" height=\"315\" frameborder=\"0\" allowfullscreen=\"allowfullscreen\"><\/iframe><\/p>\n<p style=\"text-align: justify;\"><span style=\"font-weight: 400;\">Reda Benkirane, sociologue bas\u00e9 en Europe, s&#8217;est intens\u00e9ment int\u00e9ress\u00e9 \u00e0 l&#8217;islam, en particulier apr\u00e8s les \u00e9v\u00e9nements du 11 septembre 2001. Il a \u00e9crit sur la jeunesse musulmane, s&#8217;inspirant de ses observations dans divers pays du Maghreb, du Machreq et du Sahel. Benkirane souligne la n\u00e9cessit\u00e9 d&#8217;une refondation de la rationalit\u00e9 en islam, en r\u00e9ponse aux d\u00e9fis contemporains et aux perceptions souvent n\u00e9gatives de l&#8217;islam en Occident. Il met en avant l&#8217;importance de la qu\u00eate de science dans l&#8217;islam (plut\u00f4t que la qu\u00eate de sens qui traduit selon lui une crise identitaire), rappelant la riche histoire intellectuelle de la pens\u00e9e islamique. Benkirane a \u00e9galement initi\u00e9 des espaces de recherche et de dialogue sur l&#8217;islam contemporain, abordant des sujets sensibles comme le r\u00f4le des femmes, celui des penseurs critiques, les rapports au pouvoir et au savoir, la politisation de l\u2019islam et la radicalit\u00e9 religieuse. Il critique la rationalit\u00e9&nbsp; mat\u00e9rialiste actuellement pr\u00e9gnante de l&#8217;islam, en particulier celle issue des pays de la rente p\u00e9troli\u00e8re, et plaide pour une approche plus \u00e9clair\u00e9e.<\/span><\/p>\n<p style=\"text-align: right;\"><span style=\"font-weight: 400;\">Hind Aboulazm<\/span><\/p>\n<p style=\"text-align: justify;\"><span style=\"font-weight: 400;\">Reda Benkirane, a sociologist based in Europe, has shown a deep interest in Islam, particularly after the events of September 11, 2001. He has written about Muslim youth, drawing from his observations in various countries across the Maghreb, the Mashreq, and the Sahel. Benkirane emphasizes the necessity for a reformation of rationality within Islam, in response to contemporary challenges and the often negative perceptions of Islam in the West. He highlights the importance of the pursuit of knowledge in Islam (rather than the pursuit of meaning, which he believes reflects an identity crisis), recalling the rich intellectual history of Islamic thought. Benkirane has also initiated spaces for research and dialogue on contemporary Islam, addressing sensitive topics such as the role of women, that of critical thinkers, relationships with power and knowledge, the politicization of Islam, and religious radicalism. He critiques the currently prevailing materialist rationality within Islam, especially that stemming from oil-rich countries, advocating for a more enlightened approach.<\/span><\/p>\n<p style=\"text-align: right;\">HA<\/p>\n<p dir=\"rtl\" style=\"text-align: right;\"><span style=\"font-weight: 400;\"><span lang=\"AR-SA\"><span style=\"font-family: Thabit, sans-serif;\">\u0631\u0636\u0627 \u0628\u0646\u0643\u064a\u0631\u0627\u0646\u060c \u0633\u0648\u0633\u064a\u0648\u0644\u0648\u062c \u0645\u0642\u064a\u0645 \u0641\u064a \u0623\u0648\u0631\u0648\u0628\u0627\u060c \u0623\u0638\u0647\u0631 \u0627\u0647\u062a\u0645\u0627\u0645\u064b\u0627 \u0639\u0645\u064a\u0642\u064b\u0627 \u0628\u0627\u0644\u0625\u0633\u0644\u0627\u0645\u060c \u062e\u0627\u0635\u0629\u064b \u0628\u0639\u062f \u0623\u062d\u062f\u0627\u062b 11 \u0633\u0628\u062a\u0645\u0628\u0631 2001. \u0643\u062a\u0628 \u0639\u0646 \u0627\u0644\u0634\u0628\u0627\u0628 \u0627\u0644\u0645\u0633\u0644\u0645\u060c \u0645\u0633\u062a\u0646\u062f\u064b\u0627 \u0625\u0644\u0649 \u0645\u0644\u0627\u062d\u0638\u0627\u062a\u0647 \u0641\u064a \u0627\u0644\u062c\u0632\u0627\u0626\u0631\u060c \u0648\u0644\u0628\u0646\u0627\u0646\u060c \u0648\u0645\u0635\u0631. \u064a\u0634\u062f\u062f \u0628\u0646\u0643\u064a\u0631\u0627\u0646 \u0639\u0644\u0649 \u0636\u0631\u0648\u0631\u0629 \u0625\u0639\u0627\u062f\u0629 \u062a\u0623\u0633\u064a\u0633 \u0627\u0644\u0639\u0642\u0644\u0627\u0646\u064a\u0629 \u0641\u064a \u0627\u0644\u0625\u0633\u0644\u0627\u0645\u060c \u0631\u062f\u064b\u0627 \u0639\u0644\u0649 \u0627\u0644\u062a\u062d\u062f\u064a\u0627\u062a \u0627\u0644\u0645\u0639\u0627\u0635\u0631\u0629 \u0648\u0627\u0644\u062a\u0635\u0648\u0631\u0627\u062a \u0627\u0644\u0633\u0644\u0628\u064a\u0629 \u0627\u0644\u0645\u062a\u0643\u0631\u0631\u0629 \u0644\u0644\u0625\u0633\u0644\u0627\u0645 \u0641\u064a \u0627\u0644\u063a\u0631\u0628. \u064a\u0628\u0631\u0632 \u0623\u0647\u0645\u064a\u0629 \u0627\u0644\u0628\u062d\u062b \u0639\u0646 \u0627\u0644\u0639\u0644\u0645 \u0641\u064a \u0627\u0644\u0625\u0633\u0644\u0627\u0645\u060c \u0645\u0634\u064a\u0631\u064b\u0627 \u0625\u0644\u0649 \u0627\u0644\u062a\u0627\u0631\u064a\u062e \u0627\u0644\u0641\u0643\u0631\u064a \u0627\u0644\u063a\u0646\u064a \u0644\u0644\u0641\u0643\u0631 \u0627\u0644\u0625\u0633\u0644\u0627\u0645\u064a. \u0643\u0645\u0627 \u0628\u062f\u0623 \u0628\u0646\u0643\u064a\u0631\u0627\u0646 \u0641\u064a \u0625\u0646\u0634\u0627\u0621 \u0645\u0633\u0627\u062d\u0627\u062a \u0644\u0644\u0628\u062d\u062b \u0648\u0627\u0644\u062d\u0648\u0627\u0631 \u062d\u0648\u0644 \u0627\u0644\u0625\u0633\u0644\u0627\u0645 \u0627\u0644\u0645\u0639\u0627\u0635\u0631\u060c \u0645\u062a\u0646\u0627\u0648\u0644\u064b\u0627 \u0645\u0648\u0636\u0648\u0639\u0627\u062a \u062d\u0633\u0627\u0633\u0629 \u0645\u062b\u0644 \u062f\u0648\u0631 \u0627\u0644\u0645\u0631\u0623\u0629. \u064a\u0646\u062a\u0642\u062f \u0627\u0644\u0631\u0624\u064a\u0629 \u0627\u0644\u062d\u0627\u0644\u064a\u0629 \u0644\u0644\u0625\u0633\u0644\u0627\u0645\u060c \u062e\u0627\u0635\u0629 \u0641\u064a \u0627\u0644\u062f\u0648\u0644 \u0627\u0644\u063a\u0646\u064a\u0629 \u0628\u0627\u0644\u0646\u0641\u0637\u060c \u0648\u064a\u062f\u0639\u0648 \u0625\u0644\u0649 \u0646\u0647\u062c \u0623\u0643\u062b\u0631 \u0625\u0644\u0645\u0627\u0645\u064b\u0627. \u0648\u064a\u064f\u0634\u062f\u062f \u0639\u0644\u0649 \u0636\u0631\u0648\u0631\u0629 \u0625\u0635\u0644\u0627\u062d \u0639\u0645\u064a\u0642 \u0644\u062c\u0639\u0644 \u0627\u0644\u062f\u064a\u0646 \u0623\u0643\u062b\u0631 \u0645\u0644\u0627\u0621\u0645\u0629 \u0644\u062a\u062d\u062f\u064a\u0627\u062a \u0627\u0644\u0642\u0631\u0646 \u0627\u0644\u0648\u0627\u062d\u062f \u0648\u0627\u0644\u0639\u0634\u0631\u064a\u0646\u060c \u0645\u0639 \u0627\u0644\u0627\u062d\u062a\u0631\u0627\u0645 \u0644\u062a\u0646\u0648\u0639\u0647 \u0648\u062a\u0639\u0628\u064a\u0631\u0627\u062a\u0647 \u0627\u0644\u0645\u062e\u062a\u0644\u0641\u0629 \u0639\u0627\u0644\u0645\u064a\u064b\u0627.<\/span><\/p>\n<p><span lang=\"AR-SA\"><span style=\"font-family: Thabit, sans-serif;\">\u0647\u0646\u062f \u0623\u0628\u0648 \u0627\u0644\u0639\u0632\u0645&nbsp;<\/span><br \/>\n<\/span><\/span><\/span><\/p>\n","protected":false},"excerpt":{"rendered":"<p>Conf\u00e9rence inaugurale, 1\u00e8re \u00e9dition de la Semaine de la Science, Aux fronti\u00e8res de la science UM6P, Benguerir, 1er novembre 2021 Pr\u00e9ambule de Sa\u00e2d Tazi et Fouad Laroui Benguerir Pr\u00e9sentation (fran\u00e7ais, anglais et arabe) de Hind Aboulazm Reda Benkirane, sociologue bas\u00e9 en Europe, s&#8217;est intens\u00e9ment int\u00e9ress\u00e9 \u00e0 l&#8217;islam, en particulier apr\u00e8s\u2026 <a class=\"continue-reading-link\" href=\"https:\/\/cch.um6p.ma\/?page_id=1728\">Lire plus \/ Read more<\/a><\/p>\n","protected":false},"author":1,"featured_media":0,"parent":1838,"menu_order":8,"comment_status":"closed","ping_status":"closed","template":"","meta":{"om_disable_all_campaigns":false,"_monsterinsights_skip_tracking":false,"_monsterinsights_sitenote_active":false,"_monsterinsights_sitenote_note":"","_monsterinsights_sitenote_category":0,"ngg_post_thumbnail":0,"footnotes":""},"categories":[],"tags":[],"class_list":["post-1728","page","type-page","status-publish","hentry"],"aioseo_notices":[],"_links":{"self":[{"href":"https:\/\/cch.um6p.ma\/index.php?rest_route=\/wp\/v2\/pages\/1728","targetHints":{"allow":["GET"]}}],"collection":[{"href":"https:\/\/cch.um6p.ma\/index.php?rest_route=\/wp\/v2\/pages"}],"about":[{"href":"https:\/\/cch.um6p.ma\/index.php?rest_route=\/wp\/v2\/types\/page"}],"author":[{"embeddable":true,"href":"https:\/\/cch.um6p.ma\/index.php?rest_route=\/wp\/v2\/users\/1"}],"replies":[{"embeddable":true,"href":"https:\/\/cch.um6p.ma\/index.php?rest_route=%2Fwp%2Fv2%2Fcomments&post=1728"}],"version-history":[{"count":9,"href":"https:\/\/cch.um6p.ma\/index.php?rest_route=\/wp\/v2\/pages\/1728\/revisions"}],"predecessor-version":[{"id":2597,"href":"https:\/\/cch.um6p.ma\/index.php?rest_route=\/wp\/v2\/pages\/1728\/revisions\/2597"}],"up":[{"embeddable":true,"href":"https:\/\/cch.um6p.ma\/index.php?rest_route=\/wp\/v2\/pages\/1838"}],"wp:attachment":[{"href":"https:\/\/cch.um6p.ma\/index.php?rest_route=%2Fwp%2Fv2%2Fmedia&parent=1728"}],"wp:term":[{"taxonomy":"category","embeddable":true,"href":"https:\/\/cch.um6p.ma\/index.php?rest_route=%2Fwp%2Fv2%2Fcategories&post=1728"},{"taxonomy":"post_tag","embeddable":true,"href":"https:\/\/cch.um6p.ma\/index.php?rest_route=%2Fwp%2Fv2%2Ftags&post=1728"}],"curies":[{"name":"wp","href":"https:\/\/api.w.org\/{rel}","templated":true}]}}