{"id":1654,"date":"2023-09-08T00:09:54","date_gmt":"2023-09-08T00:09:54","guid":{"rendered":"https:\/\/cch.um6p.ma\/?page_id=1654"},"modified":"2023-09-11T16:22:14","modified_gmt":"2023-09-11T16:22:14","slug":"a-la-reconquete-du-sens","status":"publish","type":"page","link":"https:\/\/cch.um6p.ma\/?page_id=1654","title":{"rendered":"A la reconqu\u00eate du sens"},"content":{"rendered":"<div class=\"ExpressionSummary \">\n<p class=\"ExpressionSummary-standFirst qg-tt4 qg-xtra-lh svelte-ovxtmj\" data-testid=\"ExpressionSummary-standFirst\"><img loading=\"lazy\" decoding=\"async\" class=\" wp-image-1658 alignright\" src=\"https:\/\/cch.um6p.ma\/wp-content\/uploads\/2023\/09\/400x400_questions-dislam1.webp\" alt=\"\" width=\"227\" height=\"227\" srcset=\"https:\/\/cch.um6p.ma\/wp-content\/uploads\/2023\/09\/400x400_questions-dislam1.webp 400w, https:\/\/cch.um6p.ma\/wp-content\/uploads\/2023\/09\/400x400_questions-dislam1-300x300.webp 300w, https:\/\/cch.um6p.ma\/wp-content\/uploads\/2023\/09\/400x400_questions-dislam1-150x150.webp 150w, https:\/\/cch.um6p.ma\/wp-content\/uploads\/2023\/09\/400x400_questions-dislam1-350x350.webp 350w\" sizes=\"auto, (max-width: 227px) 100vw, 227px\" \/>France-Culture, Questions d&#8217;islam, \u00e9mission de Ghaleb Bencheikh<\/p>\n<p class=\"ExpressionSummary-standFirst qg-tt4 qg-xtra-lh svelte-ovxtmj\" data-testid=\"ExpressionSummary-standFirst\">\n<strong>Est-il possible de repenser l&#8217;Islam \u00e0 la lumi\u00e8re des sciences du vivant, de la mati\u00e8re et du calcul afin d&#8217;en r\u00e9v\u00e9ler la dimension cr\u00e9ative&nbsp;?<\/strong><\/p>\n<div class=\"Expression-guests svelte-ovxtmj\" data-testid=\"Expression-guests\">\n<div class=\"Expression-guestsTitle qg-tt5 svelte-ovxtmj\">Avec<\/div>\n<ul class=\"svelte-ovxtmj\">\n<li class=\"qg-tx2 qg-xtra-lh svelte-ovxtmj\"><span class=\"qg-st4\">R\u00e9da Benkirane<\/span>&nbsp;Socio-anthropologue et consultant international \u00e0 Gen\u00e8ve<\/li>\n<\/ul>\n<\/div>\n<\/div>\n<div class=\"ExpressionBodyJson ExpressionBodyJson-franceculture g-block-margin svelte-ovxtmj\">\n<div class=\"HtmlBodyWrapper station-franceculture \" data-brand=\"franceculture\">\n<div class=\"\">\n<p class=\"PopSlotParagraph qg-tx2 qg-xtra-lh svelte-1xznlfb\">Repenser la th\u00e9ologie islamique \u00e0 la lumi\u00e8re des sciences de la complexit\u00e9 passe par un bouleversement dans les rapports au savoir int\u00e9gral. Et il ne pourrait y avoir une spiritualit\u00e9 \u00e9l\u00e9vatrice qu\u2019avec une v\u00e9ritable \u00e9mancipation intellectuelle. Aussi, la religion islamique doit-elle \u00eatre lib\u00e9r\u00e9e de son formalisme et de sa normativit\u00e9 canonique \u00e9triqu\u00e9e pour laisser place \u00e0 la connaissance et \u00e0 la cr\u00e9ativit\u00e9.<\/p>\n<p class=\"PopSlotParagraph qg-tx2 qg-xtra-lh svelte-1xznlfb\">C\u2019est ce que vient plaider le chercheur&nbsp;<strong>R\u00e9da Benkirane<\/strong>&nbsp;qui dirige l\u2019atelier de recherche&nbsp;<a class=\"\" href=\"https:\/\/iqbal.hypotheses.org\/a-propos\/reda-benkirane\" target=\"_blank\" rel=\"noopener noreferrer\" data-testid=\"link\">Iqbal<\/a>&nbsp;consacr\u00e9 \u00e0 une pens\u00e9e critique et cr\u00e9atrice en islam.<\/p>\n<p><audio src=\"https:\/\/www.archipress.org\/audio\/mp3\/France_Culture_Questions_d'islam_16.10.2022.MP3\" controls=\"controls\"><\/audio><\/p>\n<\/div>\n<\/div>\n<\/div>\n","protected":false},"excerpt":{"rendered":"<p>France-Culture, Questions d&#8217;islam, \u00e9mission de Ghaleb Bencheikh Est-il possible de repenser l&#8217;Islam \u00e0 la lumi\u00e8re des sciences du vivant, de la mati\u00e8re et du calcul afin d&#8217;en r\u00e9v\u00e9ler la dimension cr\u00e9ative&nbsp;? Avec R\u00e9da Benkirane&nbsp;Socio-anthropologue et consultant international \u00e0 Gen\u00e8ve Repenser la th\u00e9ologie islamique \u00e0 la lumi\u00e8re des sciences de la\u2026 <a class=\"continue-reading-link\" href=\"https:\/\/cch.um6p.ma\/?page_id=1654\">Lire plus \/ Read more<\/a><\/p>\n","protected":false},"author":1,"featured_media":1658,"parent":1946,"menu_order":0,"comment_status":"closed","ping_status":"closed","template":"","meta":{"om_disable_all_campaigns":false,"_monsterinsights_skip_tracking":false,"_monsterinsights_sitenote_active":false,"_monsterinsights_sitenote_note":"","_monsterinsights_sitenote_category":0,"ngg_post_thumbnail":0,"footnotes":""},"categories":[172,181],"tags":[190,189,63,91,188,185,184,90,123,89],"class_list":["post-1654","page","type-page","status-publish","has-post-thumbnail","hentry","category-multimedia","category-podcast","tag-foi","tag-ghaleb-bencheikh","tag-islam","tag-muhammad-iqbal","tag-pensee-de-liqbal","tag-perte-de-sens","tag-quete-de-science","tag-rationalite","tag-reda-benkirane","tag-science"],"aioseo_notices":[],"_links":{"self":[{"href":"https:\/\/cch.um6p.ma\/index.php?rest_route=\/wp\/v2\/pages\/1654","targetHints":{"allow":["GET"]}}],"collection":[{"href":"https:\/\/cch.um6p.ma\/index.php?rest_route=\/wp\/v2\/pages"}],"about":[{"href":"https:\/\/cch.um6p.ma\/index.php?rest_route=\/wp\/v2\/types\/page"}],"author":[{"embeddable":true,"href":"https:\/\/cch.um6p.ma\/index.php?rest_route=\/wp\/v2\/users\/1"}],"replies":[{"embeddable":true,"href":"https:\/\/cch.um6p.ma\/index.php?rest_route=%2Fwp%2Fv2%2Fcomments&post=1654"}],"version-history":[{"count":5,"href":"https:\/\/cch.um6p.ma\/index.php?rest_route=\/wp\/v2\/pages\/1654\/revisions"}],"predecessor-version":[{"id":1661,"href":"https:\/\/cch.um6p.ma\/index.php?rest_route=\/wp\/v2\/pages\/1654\/revisions\/1661"}],"up":[{"embeddable":true,"href":"https:\/\/cch.um6p.ma\/index.php?rest_route=\/wp\/v2\/pages\/1946"}],"wp:featuredmedia":[{"embeddable":true,"href":"https:\/\/cch.um6p.ma\/index.php?rest_route=\/wp\/v2\/media\/1658"}],"wp:attachment":[{"href":"https:\/\/cch.um6p.ma\/index.php?rest_route=%2Fwp%2Fv2%2Fmedia&parent=1654"}],"wp:term":[{"taxonomy":"category","embeddable":true,"href":"https:\/\/cch.um6p.ma\/index.php?rest_route=%2Fwp%2Fv2%2Fcategories&post=1654"},{"taxonomy":"post_tag","embeddable":true,"href":"https:\/\/cch.um6p.ma\/index.php?rest_route=%2Fwp%2Fv2%2Ftags&post=1654"}],"curies":[{"name":"wp","href":"https:\/\/api.w.org\/{rel}","templated":true}]}}