{"id":1619,"date":"2023-09-07T15:44:02","date_gmt":"2023-09-07T15:44:02","guid":{"rendered":"https:\/\/cch.um6p.ma\/?page_id=1619"},"modified":"2024-07-21T19:05:26","modified_gmt":"2024-07-21T19:05:26","slug":"course-on-sciences-of-complexity-and-humanities","status":"publish","type":"page","link":"https:\/\/cch.um6p.ma\/?page_id=1619","title":{"rendered":"Courses"},"content":{"rendered":"<p><img loading=\"lazy\" decoding=\"async\" class=\" wp-image-3001 alignright\" src=\"https:\/\/cch.um6p.ma\/wp-content\/uploads\/2024\/07\/20231009_145137-768x1024.jpg\" alt=\"\" width=\"287\" height=\"383\" srcset=\"https:\/\/cch.um6p.ma\/wp-content\/uploads\/2024\/07\/20231009_145137-768x1024.jpg 768w, https:\/\/cch.um6p.ma\/wp-content\/uploads\/2024\/07\/20231009_145137-225x300.jpg 225w, https:\/\/cch.um6p.ma\/wp-content\/uploads\/2024\/07\/20231009_145137-1152x1536.jpg 1152w, https:\/\/cch.um6p.ma\/wp-content\/uploads\/2024\/07\/20231009_145137-1536x2048.jpg 1536w, https:\/\/cch.um6p.ma\/wp-content\/uploads\/2024\/07\/20231009_145137-113x150.jpg 113w, https:\/\/cch.um6p.ma\/wp-content\/uploads\/2024\/07\/20231009_145137-scaled.jpg 1920w\" sizes=\"auto, (max-width: 287px) 100vw, 287px\" \/><\/p>\n<p style=\"text-align: justify;\"><span style=\"font-weight: 400;\">The courses offered are aimed at students interested in an introduction to new inter-, multi-, and transdisciplinary approaches to knowledge, societies, and cultures. These classes aim to give students of UM6P the tools they need to navigate through thought and learn contemporary facts about science, economics, politics, social sciences, and cultures. Providing them with comprehension and analysis tools will enable them to become self-reliant in their knowledge acquisition, thereby initiating them into critical thinking.<\/span><\/p>\n<p style=\"text-align: justify;\"><span style=\"font-weight: 400;\">The focus is on complexity, its specific &#8220;grammar,&#8221; key concepts, as well as non-linear processes, criticality phenomena, and deviations from equilibrium found in the sciences of matter, life, and computation, as well as in animal and human societies. The teaching unfolds as a guide to the ongoing recomposition within the sciences and humanities around a vast circulation of ideas associated with a process of multidisciplinary reconfiguration.<\/span><\/p>\n<p style=\"text-align: justify;\">Teachings address the complexity of matter, life, and computation, before moving on to the humanities: areas of knowledge in which non-mathematizable, non-modelable, and qualitative manifestations of complexity take place.<\/p>\n<p>Learn more about our courses <a href=\"https:\/\/cch.um6p.ma\/?page_id=2975\">here<\/a>.<\/p>\n<p style=\"text-align: center;\">__________________________________<\/p>\n<p style=\"text-align: justify;\"><span style=\"font-weight: 400;\"><a id=\"cours\"><\/a><img loading=\"lazy\" decoding=\"async\" class=\"wp-image-2981 alignleft\" src=\"https:\/\/cch.um6p.ma\/wp-content\/uploads\/2024\/07\/20231012_085435-1024x768.jpg\" alt=\"\" width=\"422\" height=\"317\" srcset=\"https:\/\/cch.um6p.ma\/wp-content\/uploads\/2024\/07\/20231012_085435-1024x768.jpg 1024w, https:\/\/cch.um6p.ma\/wp-content\/uploads\/2024\/07\/20231012_085435-300x225.jpg 300w, https:\/\/cch.um6p.ma\/wp-content\/uploads\/2024\/07\/20231012_085435-768x576.jpg 768w, https:\/\/cch.um6p.ma\/wp-content\/uploads\/2024\/07\/20231012_085435-1536x1152.jpg 1536w, https:\/\/cch.um6p.ma\/wp-content\/uploads\/2024\/07\/20231012_085435-2048x1536.jpg 2048w, https:\/\/cch.um6p.ma\/wp-content\/uploads\/2024\/07\/20231012_085435-200x150.jpg 200w, https:\/\/cch.um6p.ma\/wp-content\/uploads\/2024\/07\/20231012_085435-150x113.jpg 150w\" sizes=\"auto, (max-width: 422px) 100vw, 422px\" \/>Les cours propos\u00e9s s\u2019adressent \u00e0 des \u00e9tudiants &#8211; principalement doctorants et en fili\u00e8re de master &#8211; int\u00e9ress\u00e9s par les nouvelles approches inter-, multi- et transdisciplinaires des sciences et des savoirs, des soci\u00e9t\u00e9s et des cultures. L\u2019objectif de ces enseignements est d\u2019une part de doter les \u00e9tudiants polytechniciens des moyens de s\u2019orienter par la pens\u00e9e pour appr\u00e9hender des faits scientifiques, \u00e9conomiques, politiques, sociaux et&nbsp; culturels contemporains. Il s\u2019agit de fournir des outils de compr\u00e9hension et d\u2019analyse pour rendre les \u00e9tudiants autonomes dans leur acquisition des connaissances, les initier \u00e0 l\u2019esprit critique et \u00e0 la recherche.<\/span><\/p>\n<p style=\"text-align: justify;\"><span style=\"font-weight: 400;\">L\u2019accent est mis sur la complexit\u00e9, sa \u00ab grammaire \u00bb sp\u00e9cifique et ses notions-cl\u00e9s ainsi que&nbsp; sur&nbsp; les&nbsp; processus&nbsp; non-lin\u00e9aires,&nbsp; les&nbsp; ph\u00e9nom\u00e8nes&nbsp; de&nbsp; criticalit\u00e9&nbsp; et&nbsp; d\u2019\u00e9cart&nbsp; \u00e0 l\u2019\u00e9quilibre mis en \u00e9vidence dans les sciences de la mati\u00e8re, du vivant et du calcul, mais aussi dans les soci\u00e9t\u00e9s animales et humaines. L\u2019enseignement d\u00e9ploie une sorte de table d\u2019orientation de la recomposition en cours au sein des sciences et des humanit\u00e9s autour d\u2019une vaste circulation des id\u00e9es associ\u00e9e un processus de remembrement multi\/inter\/trans)disciplinaire.<\/span><\/p>\n<p style=\"text-align: justify;\"><span style=\"font-weight: 400;\">Apr\u00e8s avoir trait\u00e9 de la complexit\u00e9 \u00e0 l\u2019\u0153uvre au sein des sciences de la mati\u00e8re, du vivant et du calcul, les enseignements abordent en second lieu les humanit\u00e9s, c\u2019est-\u00e0-dire les espaces de la connaissance o\u00f9 culminent des expressions non math\u00e9matisables, non mod\u00e9lisables et qualitatives de la complexit\u00e9.<\/span><\/p>\n<p dir=\"rtl\" style=\"text-align: center;\">__________________________________<\/p>\n<p dir=\"rtl\" style=\"text-align: right;\"><span lang=\"AR-SA\"><span style=\"font-weight: 400; font-family: Thabit, sans-serif;\"><a id=\"arabic\"><\/a>\u0627\u0644\u062f\u0648\u0631\u0627\u062a \u0627\u0644\u0645\u0642\u062f\u0645\u0629 \u0636\u0645\u0646 \u0647\u0630\u0627 \u0627\u0644\u0646\u062f\u0648\u0629 \u0645\u0648\u062c\u0647\u0629 \u0644\u0644\u0637\u0644\u0627\u0628 \u0627\u0644\u0630\u064a\u0646 \u064a\u0647\u062a\u0645\u0648\u0646 \u0628\u0627\u0644\u062a\u0639\u0631\u0641 \u0639\u0644\u0649 \u0627\u0644\u0646\u0647\u062c \u0627\u0644\u062c\u062f\u064a\u062f \u0644\u0641\u0647\u0645 \u0627\u0644\u0645\u0639\u0631\u0641\u0629 \u0648\u0627\u0644\u0645\u062c\u062a\u0645\u0639\u0627\u062a \u0648\u0627\u0644\u062b\u0642\u0627\u0641\u0627\u062a \u0628\u0634\u0643\u0644 \u062a\u0639\u062f\u062f\u064a \u0627\u0644\u062a\u062e\u0635\u0635\u0627\u062a \u0648\u0645\u062a\u0639\u062f\u062f \u0627\u0644\u0623\u0642\u0633\u0627\u0645 \u0648\u0639\u0627\u0628\u0631 \u0644\u0644\u062a\u062e\u0635\u0635\u0627\u062a. \u0647\u062f\u0641 \u0647\u0630\u0647 \u0627\u0644\u062f\u0631\u0648\u0633 \u0647\u0648\u060c \u0645\u0646 \u062c\u0647\u0629\u060c \u062a\u0632\u0648\u064a\u062f \u0627\u0644\u0645\u0647\u0646\u062f\u0633\u064a\u0646 \u0627\u0644\u0645\u0633\u062a\u0642\u0628\u0644\u064a\u064a\u0646 \u0628\u0623\u062f\u0648\u0627\u062a \u0627\u0644\u062a\u0648\u062c\u064a\u0647 \u0627\u0644\u0641\u0643\u0631\u064a \u0644\u0641\u0647\u0645 \u0627\u0644\u0648\u0642\u0627\u0626\u0639 \u0627\u0644\u0639\u0644\u0645\u064a\u0629 \u0648\u0627\u0644\u0627\u0642\u062a\u0635\u0627\u062f\u064a\u0629 \u0648\u0627\u0644\u0633\u064a\u0627\u0633\u064a\u0629 \u0648\u0627\u0644\u0627\u062c\u062a\u0645\u0627\u0639\u064a\u0629 \u0648\u0627\u0644\u062b\u0642\u0627\u0641\u064a\u0629 \u0627\u0644\u0645\u0639\u0627\u0635\u0631\u0629. \u0648\u0647\u0630\u0627 \u064a\u0634\u0645\u0644 \u062a\u0642\u062f\u064a\u0645 \u0623\u062f\u0648\u0627\u062a \u0644\u0644\u0641\u0647\u0645 \u0648\u0627\u0644\u062a\u062d\u0644\u064a\u0644 \u0644\u062c\u0639\u0644 \u0627\u0644\u0637\u0644\u0627\u0628 \u0645\u0633\u062a\u0642\u0644\u064a\u0646 \u0641\u064a \u0627\u0643\u062a\u0633\u0627\u0628 \u0627\u0644\u0645\u0639\u0631\u0641\u0629 \u0648\u062a\u0639\u0631\u064a\u0641\u0647\u0645 \u0628\u0631\u0648\u062d \u0627\u0644\u0646\u0642\u062f \u0648\u0627\u0644\u0628\u062d\u062b.<\/span><\/span><\/p>\n<p dir=\"rtl\" style=\"text-align: right;\"><span lang=\"AR-SA\"><span style=\"font-weight: 400; font-family: Thabit, sans-serif;\">\u064a\u062a\u0645 \u0627\u0644\u062a\u0631\u0643\u064a\u0632 \u0639\u0644\u0649 \u0627\u0644\u062a\u0639\u0642\u064a\u062f \u0648\u0644\u063a\u062a\u0647 \u0627\u0644\u062e\u0627\u0635\u0629 \u0648\u0645\u0641\u0627\u0647\u064a\u0645\u0647 \u0627\u0644\u0631\u0626\u064a\u0633\u064a\u0629\u060c \u0628\u0627\u0644\u0625\u0636\u0627\u0641\u0629 \u0625\u0644\u0649 \u0627\u0644\u0639\u0645\u0644\u064a\u0627\u062a \u063a\u064a\u0631 \u0627\u0644\u062e\u0637\u064a\u0629 \u0648\u0638\u0648\u0627\u0647\u0631 \u0627\u0644\u0623\u0647\u0645\u064a\u0629 \u0648\u0627\u0644\u0627\u0646\u062d\u0631\u0627\u0641 \u0639\u0646 \u0627\u0644\u062a\u0648\u0627\u0632\u0646 \u0627\u0644\u062a\u064a \u062a\u0638\u0647\u0631 \u0641\u064a \u0639\u0644\u0648\u0645 \u0627\u0644\u0645\u0648\u0627\u062f \u0648\u0627\u0644\u062d\u064a\u0627\u0629 \u0648\u0627\u0644\u062d\u0633\u0627\u0628\u060c \u0628\u0627\u0644\u0625\u0636\u0627\u0641\u0629 \u0625\u0644\u0649 \u0627\u0644\u0645\u062c\u062a\u0645\u0639\u0627\u062a \u0627\u0644\u0628\u0634\u0631\u064a\u0629 \u0648\u0627\u0644\u062d\u064a\u0648\u0627\u0646\u064a\u0629. \u064a\u0642\u062f\u0645 \u0647\u0630\u0627 \u0627\u0644\u062a\u0639\u0644\u064a\u0645 \u0646\u0648\u0639\u064b\u0627 \u0645\u0646 \u0627\u0644\u0628\u0648\u0635\u0644\u0629 \u0644\u0639\u0645\u0644\u064a\u0629 \u0625\u0639\u0627\u062f\u0629 \u0627\u0644\u062a\u0643\u0648\u064a\u0646 \u0627\u0644\u062c\u0627\u0631\u064a\u0629 \u0641\u064a \u0645\u062c\u0627\u0644\u0627\u062a \u0627\u0644\u0639\u0644\u0648\u0645 \u0648\u0627\u0644\u0625\u0646\u0633\u0627\u0646\u064a\u0627\u062a \u062d\u0648\u0644 \u062a\u0628\u0627\u062f\u0644 \u0627\u0644\u0623\u0641\u0643\u0627\u0631 \u0627\u0644\u0648\u0627\u0633\u0639 \u0627\u0644\u0645\u062f\u0649 \u0627\u0644\u0645\u0631\u062a\u0628\u0637 \u0628\u0639\u0645\u0644\u064a\u0629 \u0625\u0639\u0627\u062f\u0629 \u0627\u0644\u062a\u062c\u0645\u064a\u0639 \u0627\u0644\u0645\u062a\u0639\u062f\u062f\u0629 \u0627\u0644\u062a\u062e\u0635\u0635\u0627\u062a.<\/span><\/span><\/p>\n<p dir=\"rtl\" style=\"text-align: right;\"><span lang=\"AR-SA\"><span style=\"font-weight: 400; font-family: Thabit, sans-serif;\">\u0628\u0639\u062f \u062a\u0646\u0627\u0648\u0644 \u0627\u0644\u062a\u0639\u0642\u064a\u062f \u0641\u064a \u0627\u0644\u0639\u0645\u0644 \u0636\u0645\u0646 \u0639\u0644\u0648\u0645 \u0627\u0644\u0645\u0627\u062f\u0629 \u0648\u0627\u0644\u062d\u064a\u0627\u0629 \u0648\u0627\u0644\u062d\u0633\u0627\u0628\u060c \u062a\u062a\u0646\u0627\u0648\u0644 \u0627\u0644\u062f\u0631\u0648\u0633 \u062b\u0627\u0646\u064a\u064b\u0627 \u0627\u0644\u0639\u0644\u0648\u0645 \u0627\u0644\u0625\u0646\u0633\u0627\u0646\u064a\u0629\u060c \u0623\u064a \u0645\u0633\u0627\u062d\u0627\u062a \u0627\u0644\u0645\u0639\u0631\u0641\u0629 \u0627\u0644\u062a\u064a \u062a\u0628\u0644\u063a \u0641\u064a\u0647\u0627 \u0627\u0644\u062a\u0639\u0628\u064a\u0631\u0627\u062a \u063a\u064a\u0631 \u0627\u0644\u0628\u0634\u0631\u064a\u0629 \u0630\u0631\u0648\u062a\u0647\u0627 \u0627\u0644\u0642\u0627\u0628\u0644\u0629 \u0644\u0644\u0631\u064a\u0627\u0636\u064a\u0627\u062a \u0648\u063a\u064a\u0631 \u0627\u0644\u0642\u0627\u0628\u0644\u0629 \u0644\u0644\u0646\u0645\u0630\u062c\u0629 \u0648\u0646\u0648\u0639\u064a\u0629 \u0627\u0644\u062a\u0639\u0642\u064a\u062f.<\/span><\/span><\/p>\n","protected":false},"excerpt":{"rendered":"<p>The courses offered are aimed at students interested in an introduction to new inter-, multi-, and transdisciplinary approaches to knowledge, societies, and cultures. These classes aim to give students of UM6P the tools they need to navigate through thought and learn contemporary facts about science, economics, politics, social sciences, and\u2026 <a class=\"continue-reading-link\" href=\"https:\/\/cch.um6p.ma\/?page_id=1619\">Lire plus \/ Read more<\/a><\/p>\n","protected":false},"author":1,"featured_media":0,"parent":1615,"menu_order":3,"comment_status":"closed","ping_status":"closed","template":"","meta":{"om_disable_all_campaigns":false,"_monsterinsights_skip_tracking":false,"_monsterinsights_sitenote_active":false,"_monsterinsights_sitenote_note":"","_monsterinsights_sitenote_category":0,"ngg_post_thumbnail":0,"footnotes":""},"categories":[],"tags":[],"class_list":["post-1619","page","type-page","status-publish","hentry"],"aioseo_notices":[],"_links":{"self":[{"href":"https:\/\/cch.um6p.ma\/index.php?rest_route=\/wp\/v2\/pages\/1619","targetHints":{"allow":["GET"]}}],"collection":[{"href":"https:\/\/cch.um6p.ma\/index.php?rest_route=\/wp\/v2\/pages"}],"about":[{"href":"https:\/\/cch.um6p.ma\/index.php?rest_route=\/wp\/v2\/types\/page"}],"author":[{"embeddable":true,"href":"https:\/\/cch.um6p.ma\/index.php?rest_route=\/wp\/v2\/users\/1"}],"replies":[{"embeddable":true,"href":"https:\/\/cch.um6p.ma\/index.php?rest_route=%2Fwp%2Fv2%2Fcomments&post=1619"}],"version-history":[{"count":18,"href":"https:\/\/cch.um6p.ma\/index.php?rest_route=\/wp\/v2\/pages\/1619\/revisions"}],"predecessor-version":[{"id":3000,"href":"https:\/\/cch.um6p.ma\/index.php?rest_route=\/wp\/v2\/pages\/1619\/revisions\/3000"}],"up":[{"embeddable":true,"href":"https:\/\/cch.um6p.ma\/index.php?rest_route=\/wp\/v2\/pages\/1615"}],"wp:attachment":[{"href":"https:\/\/cch.um6p.ma\/index.php?rest_route=%2Fwp%2Fv2%2Fmedia&parent=1619"}],"wp:term":[{"taxonomy":"category","embeddable":true,"href":"https:\/\/cch.um6p.ma\/index.php?rest_route=%2Fwp%2Fv2%2Fcategories&post=1619"},{"taxonomy":"post_tag","embeddable":true,"href":"https:\/\/cch.um6p.ma\/index.php?rest_route=%2Fwp%2Fv2%2Ftags&post=1619"}],"curies":[{"name":"wp","href":"https:\/\/api.w.org\/{rel}","templated":true}]}}