{"id":1415,"date":"2023-09-05T23:59:51","date_gmt":"2023-09-05T23:59:51","guid":{"rendered":"https:\/\/cch.um6p.ma\/?page_id=1415"},"modified":"2023-10-02T08:40:18","modified_gmt":"2023-10-02T08:40:18","slug":"800-saheliens-parlent-du-radicalisme","status":"publish","type":"page","link":"https:\/\/cch.um6p.ma\/?page_id=1415","title":{"rendered":"800 Sah\u00e9liens parlent du radicalisme"},"content":{"rendered":"<p><img loading=\"lazy\" decoding=\"async\" class=\" wp-image-1662 alignright\" src=\"https:\/\/cch.um6p.ma\/wp-content\/uploads\/2023\/09\/800_Saheliens_parlent_du_radicalisme.jpg\" alt=\"\" width=\"172\" height=\"173\" srcset=\"https:\/\/cch.um6p.ma\/wp-content\/uploads\/2023\/09\/800_Saheliens_parlent_du_radicalisme.jpg 216w, https:\/\/cch.um6p.ma\/wp-content\/uploads\/2023\/09\/800_Saheliens_parlent_du_radicalisme-150x150.jpg 150w, https:\/\/cch.um6p.ma\/wp-content\/uploads\/2023\/09\/800_Saheliens_parlent_du_radicalisme-149x150.jpg 149w\" sizes=\"auto, (max-width: 172px) 100vw, 172px\" \/>Babel, Espace 2, RTS, 18 novembre 2018, 11h03<\/p>\n<p style=\"text-align: justify;\">Que disent les Mauritaniens, Maliens, Bourkinab\u00e9s ou Camerounais de la radicalisation islamiste? Quel r\u00f4le pr\u00eatent-ils aux djihadistes dans la violence et l\u02b9ins\u00e9curit\u00e9 qui r\u00e8gnent au Sahel? Un rapport intitul\u00e9 \u201c<a href=\"?page_id=1334\">Radicalisation, extr\u00e9misme violent et ins\u00e9curit\u00e9 au Sahel<\/a>\u201d, bas\u00e9 sur 800 interviews, a \u00e9t\u00e9 pr\u00e9sent\u00e9 \u00e0 Gen\u00e8ve par R\u00e9da Benkirane, Isa\u00efe Dougnon et Claude Mbowou. Fabien H\u00fcnenberger a rencontr\u00e9 les trois chercheurs pour en parler. Par ailleurs, il s\u02b9est entretenu avec S\u00e9bastien Chadaud-P\u00e9tronin, fils d\u02b9une otage d\u00e9tenue par des djihadistes au Mali.<\/p>\n<p><audio src=\"https:\/\/ia601409.us.archive.org\/35\/items\/babel20181118sahel\/Babel_20181118_Sahel.mp3\" controls=\"controls\" data-mce-fragment=\"1\"><\/audio><\/p>\n","protected":false},"excerpt":{"rendered":"<p>Babel, Espace 2, RTS, 18 novembre 2018, 11h03 Que disent les Mauritaniens, Maliens, Bourkinab\u00e9s ou Camerounais de la radicalisation islamiste? Quel r\u00f4le pr\u00eatent-ils aux djihadistes dans la violence et l\u02b9ins\u00e9curit\u00e9 qui r\u00e8gnent au Sahel? Un rapport intitul\u00e9 \u201cRadicalisation, extr\u00e9misme violent et ins\u00e9curit\u00e9 au Sahel\u201d, bas\u00e9 sur 800 interviews, a \u00e9t\u00e9\u2026 <a class=\"continue-reading-link\" href=\"https:\/\/cch.um6p.ma\/?page_id=1415\">Lire plus \/ Read more<\/a><\/p>\n","protected":false},"author":1,"featured_media":1662,"parent":1946,"menu_order":0,"comment_status":"closed","ping_status":"closed","template":"","meta":{"om_disable_all_campaigns":false,"_monsterinsights_skip_tracking":false,"_monsterinsights_sitenote_active":false,"_monsterinsights_sitenote_note":"","_monsterinsights_sitenote_category":0,"ngg_post_thumbnail":0,"footnotes":""},"categories":[172,181],"tags":[182,173,177,174],"class_list":["post-1415","page","type-page","status-publish","has-post-thumbnail","hentry","category-multimedia","category-podcast","tag-radicalisation","tag-sahel","tag-securite","tag-violence"],"aioseo_notices":[],"_links":{"self":[{"href":"https:\/\/cch.um6p.ma\/index.php?rest_route=\/wp\/v2\/pages\/1415","targetHints":{"allow":["GET"]}}],"collection":[{"href":"https:\/\/cch.um6p.ma\/index.php?rest_route=\/wp\/v2\/pages"}],"about":[{"href":"https:\/\/cch.um6p.ma\/index.php?rest_route=\/wp\/v2\/types\/page"}],"author":[{"embeddable":true,"href":"https:\/\/cch.um6p.ma\/index.php?rest_route=\/wp\/v2\/users\/1"}],"replies":[{"embeddable":true,"href":"https:\/\/cch.um6p.ma\/index.php?rest_route=%2Fwp%2Fv2%2Fcomments&post=1415"}],"version-history":[{"count":3,"href":"https:\/\/cch.um6p.ma\/index.php?rest_route=\/wp\/v2\/pages\/1415\/revisions"}],"predecessor-version":[{"id":2635,"href":"https:\/\/cch.um6p.ma\/index.php?rest_route=\/wp\/v2\/pages\/1415\/revisions\/2635"}],"up":[{"embeddable":true,"href":"https:\/\/cch.um6p.ma\/index.php?rest_route=\/wp\/v2\/pages\/1946"}],"wp:featuredmedia":[{"embeddable":true,"href":"https:\/\/cch.um6p.ma\/index.php?rest_route=\/wp\/v2\/media\/1662"}],"wp:attachment":[{"href":"https:\/\/cch.um6p.ma\/index.php?rest_route=%2Fwp%2Fv2%2Fmedia&parent=1415"}],"wp:term":[{"taxonomy":"category","embeddable":true,"href":"https:\/\/cch.um6p.ma\/index.php?rest_route=%2Fwp%2Fv2%2Fcategories&post=1415"},{"taxonomy":"post_tag","embeddable":true,"href":"https:\/\/cch.um6p.ma\/index.php?rest_route=%2Fwp%2Fv2%2Ftags&post=1415"}],"curies":[{"name":"wp","href":"https:\/\/api.w.org\/{rel}","templated":true}]}}