{"id":1409,"date":"2023-09-05T23:56:26","date_gmt":"2023-09-05T23:56:26","guid":{"rendered":"https:\/\/cch.um6p.ma\/?page_id=1409"},"modified":"2023-10-02T08:40:58","modified_gmt":"2023-10-02T08:40:58","slug":"le-sahel-tel-qu%ca%b9il-est-percu-par-ses-populations","status":"publish","type":"page","link":"https:\/\/cch.um6p.ma\/?page_id=1409","title":{"rendered":"Le Sahel tel qu\u02b9il est per\u00e7u par ses populations"},"content":{"rendered":"<p>Sous les pav\u00e9s, Espace 2, RTS, \u00e9mission d\u2019Anik Schuin, avec la collaboration de Nicole Corpataux, 24 novembre 2018, La Premi\u00e8re, 25 novembre 2018<\/p>\n<p style=\"text-align: justify;\">Le Sahel est une vaste r\u00e9gion dont nous avons une image floue, voire flout\u00e9e. Une r\u00e9gion arpent\u00e9e par les hommes et leurs n\u00e9goces, irrigu\u00e9e par des cultures diverses mais travers\u00e9e aussi par des trafics illicites, la drogue venant d\u02b9Am\u00e9rique du sud, les armes qui finissent dans les mains des extr\u00e9mistes sans oublier les enl\u00e8vements d\u02b9occidentaux. Mandat\u00e9s par le PNUD et le Centre pour le dialogue humanitaire de Gen\u00e8ve, le sociologue genevois d\u02b9origine marocaine Reda Benkirane a dirig\u00e9 une recherche sur le terrain, fort d\u02b9une soixantaine d\u02b9enqu\u00eateurs locaux courageux qui ont su approcher des populations avides d\u02b9\u00eatre \u00e9cout\u00e9es et entendues. Un rapport international vient d\u02b9\u00eatre rendu public qui analyse<a href=\"?page_id=1334\"> la radicalisation, la violence et l\u02b9ins\u00e9curit\u00e9 au Sahel<\/a> telle qu\u02b9elle est per\u00e7ue, et l\u00e0 r\u00e9side l\u02b9originalit\u00e9 et la richesse de la d\u00e9marche, par les sah\u00e9liens eux-m\u00eames. Une occasion de mieux conna\u00eetre une r\u00e9gion secou\u00e9e par une crise soci\u00e9tale et culturelle et de s\u02b9ouvrir \u00e0 des r\u00e9flexions et conclusions qui peuvent parfois surprendre, voire d\u00e9ranger, c\u02b9est ce que nous explique Reda Benkirane.&nbsp;<\/p>\n<p><audio src=\"https:\/\/archive.org\/download\/souslespaves20181124sahel\/Sous_les_paves_20181124_Sahel.mp3\" controls=\"controls\" data-mce-fragment=\"1\"><\/audio><\/p>\n","protected":false},"excerpt":{"rendered":"<p>Sous les pav\u00e9s, Espace 2, RTS, \u00e9mission d\u2019Anik Schuin, avec la collaboration de Nicole Corpataux, 24 novembre 2018, La Premi\u00e8re, 25 novembre 2018 Le Sahel est une vaste r\u00e9gion dont nous avons une image floue, voire flout\u00e9e. Une r\u00e9gion arpent\u00e9e par les hommes et leurs n\u00e9goces, irrigu\u00e9e par des cultures\u2026 <a class=\"continue-reading-link\" href=\"https:\/\/cch.um6p.ma\/?page_id=1409\">Lire plus \/ Read more<\/a><\/p>\n","protected":false},"author":1,"featured_media":0,"parent":1946,"menu_order":0,"comment_status":"closed","ping_status":"closed","template":"","meta":{"om_disable_all_campaigns":false,"_monsterinsights_skip_tracking":false,"_monsterinsights_sitenote_active":false,"_monsterinsights_sitenote_note":"","_monsterinsights_sitenote_category":0,"ngg_post_thumbnail":0,"footnotes":""},"categories":[172,181],"tags":[182,173,177,174],"class_list":["post-1409","page","type-page","status-publish","hentry","category-multimedia","category-podcast","tag-radicalisation","tag-sahel","tag-securite","tag-violence"],"aioseo_notices":[],"_links":{"self":[{"href":"https:\/\/cch.um6p.ma\/index.php?rest_route=\/wp\/v2\/pages\/1409","targetHints":{"allow":["GET"]}}],"collection":[{"href":"https:\/\/cch.um6p.ma\/index.php?rest_route=\/wp\/v2\/pages"}],"about":[{"href":"https:\/\/cch.um6p.ma\/index.php?rest_route=\/wp\/v2\/types\/page"}],"author":[{"embeddable":true,"href":"https:\/\/cch.um6p.ma\/index.php?rest_route=\/wp\/v2\/users\/1"}],"replies":[{"embeddable":true,"href":"https:\/\/cch.um6p.ma\/index.php?rest_route=%2Fwp%2Fv2%2Fcomments&post=1409"}],"version-history":[{"count":3,"href":"https:\/\/cch.um6p.ma\/index.php?rest_route=\/wp\/v2\/pages\/1409\/revisions"}],"predecessor-version":[{"id":2636,"href":"https:\/\/cch.um6p.ma\/index.php?rest_route=\/wp\/v2\/pages\/1409\/revisions\/2636"}],"up":[{"embeddable":true,"href":"https:\/\/cch.um6p.ma\/index.php?rest_route=\/wp\/v2\/pages\/1946"}],"wp:attachment":[{"href":"https:\/\/cch.um6p.ma\/index.php?rest_route=%2Fwp%2Fv2%2Fmedia&parent=1409"}],"wp:term":[{"taxonomy":"category","embeddable":true,"href":"https:\/\/cch.um6p.ma\/index.php?rest_route=%2Fwp%2Fv2%2Fcategories&post=1409"},{"taxonomy":"post_tag","embeddable":true,"href":"https:\/\/cch.um6p.ma\/index.php?rest_route=%2Fwp%2Fv2%2Ftags&post=1409"}],"curies":[{"name":"wp","href":"https:\/\/api.w.org\/{rel}","templated":true}]}}