{"id":1389,"date":"2023-09-05T22:27:31","date_gmt":"2023-09-05T22:27:31","guid":{"rendered":"https:\/\/cch.um6p.ma\/?page_id=1389"},"modified":"2023-09-11T16:22:59","modified_gmt":"2023-09-11T16:22:59","slug":"penser-la-complexite-science-ch","status":"publish","type":"page","link":"https:\/\/cch.um6p.ma\/?page_id=1389","title":{"rendered":"Penser la complexit\u00e9. Science.ch"},"content":{"rendered":"<p>Penser la complexit\u00e9. Rencontre avec R\u00e9da Benkirane \u00e0 propos de son livre \u00ab&nbsp;La Complexit\u00e9, vertiges et promesses&nbsp;\u00bb.<\/p>\n<p>Emission Sciences.ch, Radio Suisse Romande, Espace 2, production Anne-Marie Rhyn, 11 avril 2003, 25 mn<\/p>\n<p><audio src=\"http:\/\/www.archipress.org\/audio\/sciencech.mp3\" controls=\"controls\"><\/audio><\/p>\n","protected":false},"excerpt":{"rendered":"<p>Penser la complexit\u00e9. Rencontre avec R\u00e9da Benkirane \u00e0 propos de son livre \u00ab&nbsp;La Complexit\u00e9, vertiges et promesses&nbsp;\u00bb. Emission Sciences.ch, Radio Suisse Romande, Espace 2, production Anne-Marie Rhyn, 11 avril 2003, 25 mn <a class=\"continue-reading-link\" href=\"https:\/\/cch.um6p.ma\/?page_id=1389\">Lire plus \/ Read more<\/a><\/p>\n","protected":false},"author":1,"featured_media":0,"parent":1946,"menu_order":0,"comment_status":"closed","ping_status":"closed","template":"","meta":{"om_disable_all_campaigns":false,"_monsterinsights_skip_tracking":false,"_monsterinsights_sitenote_active":false,"_monsterinsights_sitenote_note":"","_monsterinsights_sitenote_category":0,"ngg_post_thumbnail":0,"footnotes":""},"categories":[172,181],"tags":[],"class_list":["post-1389","page","type-page","status-publish","hentry","category-multimedia","category-podcast"],"aioseo_notices":[],"_links":{"self":[{"href":"https:\/\/cch.um6p.ma\/index.php?rest_route=\/wp\/v2\/pages\/1389","targetHints":{"allow":["GET"]}}],"collection":[{"href":"https:\/\/cch.um6p.ma\/index.php?rest_route=\/wp\/v2\/pages"}],"about":[{"href":"https:\/\/cch.um6p.ma\/index.php?rest_route=\/wp\/v2\/types\/page"}],"author":[{"embeddable":true,"href":"https:\/\/cch.um6p.ma\/index.php?rest_route=\/wp\/v2\/users\/1"}],"replies":[{"embeddable":true,"href":"https:\/\/cch.um6p.ma\/index.php?rest_route=%2Fwp%2Fv2%2Fcomments&post=1389"}],"version-history":[{"count":4,"href":"https:\/\/cch.um6p.ma\/index.php?rest_route=\/wp\/v2\/pages\/1389\/revisions"}],"predecessor-version":[{"id":1408,"href":"https:\/\/cch.um6p.ma\/index.php?rest_route=\/wp\/v2\/pages\/1389\/revisions\/1408"}],"up":[{"embeddable":true,"href":"https:\/\/cch.um6p.ma\/index.php?rest_route=\/wp\/v2\/pages\/1946"}],"wp:attachment":[{"href":"https:\/\/cch.um6p.ma\/index.php?rest_route=%2Fwp%2Fv2%2Fmedia&parent=1389"}],"wp:term":[{"taxonomy":"category","embeddable":true,"href":"https:\/\/cch.um6p.ma\/index.php?rest_route=%2Fwp%2Fv2%2Fcategories&post=1389"},{"taxonomy":"post_tag","embeddable":true,"href":"https:\/\/cch.um6p.ma\/index.php?rest_route=%2Fwp%2Fv2%2Ftags&post=1389"}],"curies":[{"name":"wp","href":"https:\/\/api.w.org\/{rel}","templated":true}]}}