{"id":1170,"date":"2023-09-03T23:18:47","date_gmt":"2023-09-03T23:18:47","guid":{"rendered":"https:\/\/cch.um6p.ma\/?page_id=1170"},"modified":"2024-09-27T19:28:42","modified_gmt":"2024-09-27T19:28:42","slug":"reda-benkirane-abs-um6p","status":"publish","type":"page","link":"https:\/\/cch.um6p.ma\/?page_id=1170","title":{"rendered":"Reda Benkirane &#8211; ABS\/UM6P"},"content":{"rendered":"<p style=\"text-align: justify;\"><img loading=\"lazy\" decoding=\"async\" class=\"alignleft wp-image-1171\" title=\"Reda Benkirane 02\/2023\" src=\"https:\/\/cch.um6p.ma\/wp-content\/uploads\/2023\/09\/Reda_Benkirane_Feb_2023-e1693779608606.jpg\" alt=\"\" width=\"186\" height=\"196\" srcset=\"https:\/\/cch.um6p.ma\/wp-content\/uploads\/2023\/09\/Reda_Benkirane_Feb_2023-e1693779608606.jpg 605w, https:\/\/cch.um6p.ma\/wp-content\/uploads\/2023\/09\/Reda_Benkirane_Feb_2023-e1693779608606-286x300.jpg 286w, https:\/\/cch.um6p.ma\/wp-content\/uploads\/2023\/09\/Reda_Benkirane_Feb_2023-e1693779608606-143x150.jpg 143w\" sizes=\"auto, (max-width: 186px) 100vw, 186px\" \/>Chair of Complexities \u221e Humanities, Affiliate Full Professor, Africa Business School, UM6P.<br \/>\nSenior Lecturer, University of Fribourg<br \/>\nResearch Affiliate at the Wolfram Institute<br \/>\nResearch Associate at the Laboratoire d&#8217;Analyse des Soci\u00e9t\u00e9s et Pouvoirs\/Afrique &#8211; Diaspora (Laspad, Gaston Berger University, Saint-Louis of Senegal)<\/p>\n<p><strong>Email<\/strong>: reda.benkirane[at]um6p.ma&nbsp; <br \/>\n&nbsp; &nbsp; &nbsp; &nbsp; &nbsp; &nbsp; &nbsp; &nbsp; &nbsp; &nbsp; &nbsp; &nbsp; &nbsp; &nbsp; &nbsp; &nbsp; &nbsp; &nbsp; &nbsp; &nbsp; &nbsp; [at] to be replaced with @&nbsp;<\/p>\n<p style=\"text-align: justify;\"><b>Expertise<\/b><br \/>\nComplexity, interdisciplinarity, scientific and digital humanities, identity, globalization, religion and politics, conflict-resolution initiatives, humanitarian issues, peace studies, intercultural and inter-religious dialog, faith-based groups, contemporary Islam, MENA &amp; Sahel regions, radicalization, armed violence, security policies.<\/p>\n<p><strong>International Experience<\/strong><br \/>\nEurope, MENA, Sahel<\/p>\n<p><strong>Biography<\/strong><br \/>\nReda Benkirane, sociologist and anthropologist, holds a Doctorate in philosophy from the University of Lyon, an Mphil in urban sociology and cultural anthropology and a Master in development studies from the Graduate Institute of International and Development Studies (Geneva).&nbsp; For more than 30 years, he has been working as an expert in international affairs for NGOs and UN agencies. In parallel, he has been involved in various research activities on critical social, political, cultural and scientific issues.&nbsp; He has participated in the creation and set-up of many international initiatives &#8211; including an NGO and a research centre.<\/p>\n<p><strong>Research areas and methodology<\/strong><br \/>\nHis multidisciplinary approach and empirical knowledge accumulated throughout his international experience constitute the basis of his current teaching and research activities.<br \/>\nHis four main areas of research since 1988:<\/p>\n<ul>\n<li>Urban space, housing and poverty<\/li>\n<li>Complexity and non-linear sciences&nbsp;<\/li>\n<li>Radicalization and violence<\/li>\n<li>Contemporary Islam&nbsp;<\/li>\n<\/ul>\n<p>His methodological approach:<\/p>\n<ul>\n<li>Heuristics of dialog&nbsp;(for an access to a knowledge otherwise out of reach)<\/li>\n<li>Semi-directive interviews<\/li>\n<li>Sustained attention to otherness<\/li>\n<li>Deep listening to the voiceless<\/li>\n<li>Participant observation<\/li>\n<\/ul>\n<p>Complete <a href=\"https:\/\/graduateinstitute.academia.edu\/RedaBenkirane\/CurriculumVitae\" target=\"_blank\" rel=\"noopener\">CV and Bibliography<\/a><\/p>\n<p><strong><a id=\"main\"><\/a>Main Publications<\/strong> <br \/>\n<a href=\"#books\">Books<\/a> \/&nbsp;<a href=\"#books_edited\">Books edited<\/a> \/&nbsp;<a href=\"#contributed_chapters\">Contributed chapters<\/a> \/&nbsp;<a href=\"#reportsUN\">Reports to the United Nations<\/a> \/&nbsp;<a href=\"#research_notebooks\">Research notebooks<\/a><\/p>\n<div class=\"ff14\" style=\"text-align: center;\">_________________________________<\/div>\n<h4 style=\"text-align: center;\"><strong><a id=\"books\"><\/a>Main Publications<\/strong><br \/>\n<a href=\"#main\"><strong>Books<\/strong><\/a><\/h4>\n<table style=\"border-collapse: collapse; width: 100%; height: 424px;\" border=\"1\">\n<tbody>\n<tr style=\"height: 400px;\">\n<td style=\"width: 50%; height: 400px; border-style: none; vertical-align: top;\"><a href=\"?page_id=594\"><img loading=\"lazy\" decoding=\"async\" class=\"aligncenter wp-image-1184\" title=\"R\u00e9da Benkirane, Islam, \u00e0 la reconqu\u00eate du sens. Paris, Le Pommier, 512 pages, 2017. Nouvelle \u00e9dition, Casablanca, La Crois\u00e9e des Chemins, 544 pages, 2021.\" src=\"https:\/\/cch.um6p.ma\/wp-content\/uploads\/2023\/09\/Islam_Pommier.jpg\" alt=\"\" width=\"250\" height=\"352\" srcset=\"https:\/\/cch.um6p.ma\/wp-content\/uploads\/2023\/09\/Islam_Pommier.jpg 449w, https:\/\/cch.um6p.ma\/wp-content\/uploads\/2023\/09\/Islam_Pommier-213x300.jpg 213w, https:\/\/cch.um6p.ma\/wp-content\/uploads\/2023\/09\/Islam_Pommier-106x150.jpg 106w\" sizes=\"auto, (max-width: 250px) 100vw, 250px\" \/><\/a>R\u00e9da Benkirane,&nbsp;<a href=\"https:\/\/cch.um6p.ma\/?page_id=594\"><em>Islam, \u00e0 la reconqu\u00eate du sens<\/em><\/a>. Paris,&nbsp;Le Pommier, 512 pages, 2017.<br \/>\nNouvelle \u00e9dition, Casablanca,&nbsp;La Crois\u00e9e des Chemins, 544 pages, 2021.<\/td>\n<td style=\"width: 50%; height: 400px; border-style: none; vertical-align: top;\"><img loading=\"lazy\" decoding=\"async\" class=\"alignnone wp-image-1187 aligncenter\" title=\"R\u00e9da Benkirane, D\u00e9mographie et g\u00e9opolitique. Etude critique des travaux d\u2019Emmanuel Todd, Paris, \u00e9ditions Hermann, 2015, 148 pages.\" src=\"https:\/\/cch.um6p.ma\/wp-content\/uploads\/2023\/09\/demographie-et-geopolitique_Hermann.jpg\" alt=\"\" width=\"250\" height=\"351\" srcset=\"https:\/\/cch.um6p.ma\/wp-content\/uploads\/2023\/09\/demographie-et-geopolitique_Hermann.jpg 427w, https:\/\/cch.um6p.ma\/wp-content\/uploads\/2023\/09\/demographie-et-geopolitique_Hermann-214x300.jpg 214w, https:\/\/cch.um6p.ma\/wp-content\/uploads\/2023\/09\/demographie-et-geopolitique_Hermann-107x150.jpg 107w\" sizes=\"auto, (max-width: 250px) 100vw, 250px\" \/>R\u00e9da Benkirane, <em>D\u00e9mographie et g\u00e9opolitique. Etude critique des travaux d\u2019Emmanuel Todd<\/em>, Paris, \u00e9ditions Hermann, 2015, 148 pages.<\/td>\n<\/tr>\n<tr style=\"height: 24px;\">\n<td style=\"width: 50%; height: 24px; border-style: none;\">\n<p><a href=\"la-complexite-vertiges-et-promesses-histoires-de-sciences\"><img loading=\"lazy\" decoding=\"async\" class=\"aligncenter wp-image-1202\" title=\"R\u00e9da Benkirane, La Complexit\u00e9, vertiges et promesses. Dix-huit histoires de sciences. Paris, Le Pommier, 408 pages, 2013.\" src=\"https:\/\/cch.um6p.ma\/wp-content\/uploads\/2023\/09\/Complexite_Le_Pommier.jpg\" alt=\"\" width=\"250\" height=\"374\" srcset=\"https:\/\/cch.um6p.ma\/wp-content\/uploads\/2023\/09\/Complexite_Le_Pommier.jpg 391w, https:\/\/cch.um6p.ma\/wp-content\/uploads\/2023\/09\/Complexite_Le_Pommier-201x300.jpg 201w, https:\/\/cch.um6p.ma\/wp-content\/uploads\/2023\/09\/Complexite_Le_Pommier-100x150.jpg 100w\" sizes=\"auto, (max-width: 250px) 100vw, 250px\" \/><\/a><\/p>\n<p>R\u00e9da Benkirane,&nbsp;<em>La Complexit\u00e9, vertiges et promesses.&nbsp;Dix-huit<\/em><em>&nbsp;histoires de sciences<\/em>. Paris, Le Pommier, 408 pages, 2013, 2006. 2002. Traduit en italien et portugais.<br \/>\n<a href=\"?page_id=321\">Nouvelle \u00e9dition, Benguerir, UM6P-Press, 2023<\/a><\/p>\n<\/td>\n<td style=\"width: 50%; height: 24px; border-style: none;\">\n<p><img loading=\"lazy\" decoding=\"async\" class=\"aligncenter wp-image-1203\" title=\"R\u00e9da Benkirane, Le d\u00e9sarroi identitaire. Jeunesse, islamit\u00e9 et arabit\u00e9 contemporaines.   Pr\u00e9face de Salah St\u00e9ti\u00e9, Paris, Editions du Cerf, 352 pages, 2004.   \" src=\"https:\/\/cch.um6p.ma\/wp-content\/uploads\/2023\/09\/Desarroi-identitaire_Cerf.jpg\" alt=\"\" width=\"250\" height=\"366\" srcset=\"https:\/\/cch.um6p.ma\/wp-content\/uploads\/2023\/09\/Desarroi-identitaire_Cerf.jpg 404w, https:\/\/cch.um6p.ma\/wp-content\/uploads\/2023\/09\/Desarroi-identitaire_Cerf-205x300.jpg 205w, https:\/\/cch.um6p.ma\/wp-content\/uploads\/2023\/09\/Desarroi-identitaire_Cerf-102x150.jpg 102w\" sizes=\"auto, (max-width: 250px) 100vw, 250px\" \/><\/p>\n<p>R\u00e9da Benkirane,&nbsp;<em>Le d\u00e9sarroi identitaire<\/em>.&nbsp;<em>Jeunesse, islamit\u00e9 et arabit\u00e9 contemporaines.<\/em>&nbsp;Pr\u00e9face de Salah St\u00e9ti\u00e9, Paris, Editions du Cerf, 352 pages, 2004.<\/p>\n<p>Reparu aux Editions La Crois\u00e9e des Chemins, Casablanca, 2012<\/p>\n<\/td>\n<\/tr>\n<\/tbody>\n<\/table>\n<h4 style=\"text-align: center;\">\n<a id=\"books_edited\"><\/a>&nbsp;<\/h4>\n<h4 style=\"text-align: center;\"><a href=\"#main\"><strong>Books Edited<\/strong><\/a><\/h4>\n<table style=\"border-collapse: collapse; width: 100%; height: 424px;\" border=\"1\">\n<tbody>\n<tr style=\"height: 24px;\">\n<td style=\"width: 50%; height: 24px; border-style: none;\">\n<p><img loading=\"lazy\" decoding=\"async\" class=\"aligncenter wp-image-1205\" title=\"Religion et \u00c9tat. Logiques de la s\u00e9cularisation et de la citoyennet\u00e9, co-edited with RiccardoBocco and Catherine Germond,   Dossier Maghreb-Machrek, No 224-225, Paris, Editions Skira,06\/2016.\" src=\"https:\/\/cch.um6p.ma\/wp-content\/uploads\/2023\/09\/Maghreb_Machrek_2016.jpg\" alt=\"\" width=\"250\" height=\"312\" srcset=\"https:\/\/cch.um6p.ma\/wp-content\/uploads\/2023\/09\/Maghreb_Machrek_2016.jpg 524w, https:\/\/cch.um6p.ma\/wp-content\/uploads\/2023\/09\/Maghreb_Machrek_2016-240x300.jpg 240w, https:\/\/cch.um6p.ma\/wp-content\/uploads\/2023\/09\/Maghreb_Machrek_2016-120x150.jpg 120w\" sizes=\"auto, (max-width: 250px) 100vw, 250px\" \/><\/p>\n<div class=\"ff1\"><span class=\"a\">Religion et \u00c9tat. Logiques de la s\u00e9cularisation et de la citoyennet\u00e9,<\/span><\/div>\n<div class=\"ff10\"><span class=\"a\">co-edited with Riccardo<\/span><span class=\"a\">Bocco and Catherine Germond, <\/span><span class=\"a\">Dossier Maghreb-Machrek, No 224-225, Paris, Editions Skira,<\/span><span class=\"a\">06\/2016.<\/span><\/div>\n<\/td>\n<td style=\"width: 50%; height: 24px; border-style: none;\">\n<p><a href=\"anthropo-logiques-2-culture-cultures-les-chantiers-de-lethno\"><img loading=\"lazy\" decoding=\"async\" class=\"aligncenter wp-image-1206\" title=\"Culture &amp; cultures. Les chantiers de l'ethno. Sous la direction de R\u00e9da Benkirane et Erica Deuber Ziegler, avant-propos d'Edgar Morin, Gollion: Infolio \u00e9ditions \/ Gen\u00e8ve: Mus\u00e9e d'ethnographie, coll. tabou 3, 2006.\" src=\"https:\/\/cch.um6p.ma\/wp-content\/uploads\/2023\/09\/Culture-Cultures_MEG.jpg\" alt=\"\" width=\"250\" height=\"366\" srcset=\"https:\/\/cch.um6p.ma\/wp-content\/uploads\/2023\/09\/Culture-Cultures_MEG.jpg 443w, https:\/\/cch.um6p.ma\/wp-content\/uploads\/2023\/09\/Culture-Cultures_MEG-205x300.jpg 205w, https:\/\/cch.um6p.ma\/wp-content\/uploads\/2023\/09\/Culture-Cultures_MEG-103x150.jpg 103w\" sizes=\"auto, (max-width: 250px) 100vw, 250px\" \/><\/a><\/p>\n<p><em><a href=\"?page_id=1320\">Culture &amp; cultures. Les chantiers de l&#8217;ethno<\/a>.&nbsp;<\/em>Sous la direction de R\u00e9da Benkirane et Erica Deuber Ziegler, avant-propos d&#8217;Edgar Morin,&nbsp;Gollion: Infolio \u00e9ditions \/ Gen\u00e8ve:&nbsp;Mus\u00e9e d&#8217;ethnographie, coll. tabou 3, 2006.<\/p>\n<\/td>\n<\/tr>\n<tr>\n<td style=\"width: 50%; border-style: none;\">\n<p><img loading=\"lazy\" decoding=\"async\" class=\"aligncenter wp-image-1207\" title=\"Jacques Berque. Quel Islam? Avant-propos et postface de R\u00e9da Benkirane Sindbad \u2013 Actes Sud, Paris, 2003\" src=\"https:\/\/cch.um6p.ma\/wp-content\/uploads\/2023\/09\/Berque_Quel_Islam.jpg\" alt=\"\" width=\"250\" height=\"370\" srcset=\"https:\/\/cch.um6p.ma\/wp-content\/uploads\/2023\/09\/Berque_Quel_Islam.jpg 440w, https:\/\/cch.um6p.ma\/wp-content\/uploads\/2023\/09\/Berque_Quel_Islam-203x300.jpg 203w, https:\/\/cch.um6p.ma\/wp-content\/uploads\/2023\/09\/Berque_Quel_Islam-101x150.jpg 101w\" sizes=\"auto, (max-width: 250px) 100vw, 250px\" \/><\/p>\n<p><em>Jacques Berque. Quel Islam? Avant-propos et postface de R\u00e9da Benkirane, <\/em>Sindbad \u2013 Actes Sud, Paris, 2003. Traduit en arabe.<\/p>\n<\/td>\n<td style=\"width: 50%; border-style: none;\">\n<p>&nbsp;<\/p>\n<\/td>\n<\/tr>\n<\/tbody>\n<\/table>\n<h4 style=\"text-align: center;\"><strong><a id=\"contributed_chapters\"><\/a><a href=\"#main\">Contributed Chapters&nbsp;<\/a><\/strong><\/h4>\n<table style=\"border-collapse: collapse; width: 100%; height: 424px;\" border=\"1\">\n<tbody>\n<tr>\n<td style=\"width: 50%; border-style: none;\">\n<p><img loading=\"lazy\" decoding=\"async\" class=\"wp-image-1216 aligncenter\" title=\"Manuel philosophie terminale , edited by Matthieu Contou and Guillaume Pigeard de Gurbert, with the participation of Barbara Cassin, \u00e9ditions Le Robert,   2020.\" src=\"https:\/\/cch.um6p.ma\/wp-content\/uploads\/2023\/09\/Manuel_Philosophie_Terminale_Le_Robert.jpg\" alt=\"\" width=\"250\" height=\"351\" srcset=\"https:\/\/cch.um6p.ma\/wp-content\/uploads\/2023\/09\/Manuel_Philosophie_Terminale_Le_Robert.jpg 611w, https:\/\/cch.um6p.ma\/wp-content\/uploads\/2023\/09\/Manuel_Philosophie_Terminale_Le_Robert-214x300.jpg 214w, https:\/\/cch.um6p.ma\/wp-content\/uploads\/2023\/09\/Manuel_Philosophie_Terminale_Le_Robert-107x150.jpg 107w\" sizes=\"auto, (max-width: 250px) 100vw, 250px\" \/><\/p>\n<div class=\"ff1\"><span class=\"a\">Contributions on Nagarjuna and Ibn Tufayl<br \/>\n<em>Manuel philosophie terminale<\/em><\/span><span class=\"a\">, edited by Matthieu Contou and Guillaume <\/span><span class=\"a\">Pigeard de Gurbert, with the participation of Barbara Cassin, \u00e9ditions Le Robert, <\/span><span class=\"a\">2020.<\/span><\/div>\n<\/td>\n<td style=\"width: 50%; border-style: none;\"><img loading=\"lazy\" decoding=\"async\" class=\"wp-image-1218 aligncenter\" title=\"\u00ab Quelle d\u00e9mocratie dans le monde arabo-musulman? \u00bb, La d\u00e9mocratisation dans le mondearabe : alternance pour quelle alternative ?   sous la direction de Rahim Kherad etDominique Maillard Desgr\u00e9es du Lo\u00fb  , Paris, Editions Les points sur les i, 2015\" src=\"https:\/\/cch.um6p.ma\/wp-content\/uploads\/2023\/09\/9782359301397-475x500-11.jpg\" alt=\"\" width=\"250\" height=\"375\" srcset=\"https:\/\/cch.um6p.ma\/wp-content\/uploads\/2023\/09\/9782359301397-475x500-11.jpg 333w, https:\/\/cch.um6p.ma\/wp-content\/uploads\/2023\/09\/9782359301397-475x500-11-200x300.jpg 200w, https:\/\/cch.um6p.ma\/wp-content\/uploads\/2023\/09\/9782359301397-475x500-11-100x150.jpg 100w\" sizes=\"auto, (max-width: 250px) 100vw, 250px\" \/><\/p>\n<div class=\"ff10\"><span class=\"a\">\u00ab Quelle d\u00e9mocratie dans le monde arabo-musulman? \u00bb,<\/span><\/div>\n<div class=\"ff1\"><em><span class=\"a\">La d\u00e9mocratisation dans le monde <\/span><span class=\"a\">arabe&nbsp;<span class=\"l\">:&nbsp;alternance&nbsp;pour&nbsp;quelle&nbsp;alternative&nbsp;?&nbsp;<\/span><\/span><\/em><\/div>\n<div class=\"ff10\"><span class=\"a\">&nbsp;<span class=\"l\">sous&nbsp;la&nbsp;direction&nbsp;de&nbsp;Rahim&nbsp;Kherad&nbsp;et<\/span><\/span><span class=\"a\">Dominique Maillard Desgr\u00e9es du Lo\u00fb<\/span><span class=\"a\">,<\/span><\/div>\n<div class=\"ff10\"><span class=\"a\">Paris, Editions Les points sur les i, 2015.<\/span><\/div>\n<\/td>\n<\/tr>\n<tr>\n<td style=\"width: 50%; border-style: none;\">\n<div class=\"ff10\"><span class=\"a\"><img loading=\"lazy\" decoding=\"async\" class=\"aligncenter wp-image-1220\" title=\"Campagne-ville : Le pas dedeux  . Enjeux et opportunit\u00e9s des recompositions territoriales.  Sous la direction de LilliMonteventi Weber, Chantal Deschenaux, Mich\u00e8le Tranda-Pittion, Communaut\u00e9 d'\u00e9tudespour l'am\u00e9nagement du territoire (CEAT), EPFL, Presses polytechniques et universitairesromandes, Lausanne, 2008\" src=\"https:\/\/cch.um6p.ma\/wp-content\/uploads\/2023\/09\/page-00001.jpg\" alt=\"\" width=\"250\" height=\"355\" srcset=\"https:\/\/cch.um6p.ma\/wp-content\/uploads\/2023\/09\/page-00001.jpg 400w, https:\/\/cch.um6p.ma\/wp-content\/uploads\/2023\/09\/page-00001-211x300.jpg 211w, https:\/\/cch.um6p.ma\/wp-content\/uploads\/2023\/09\/page-00001-106x150.jpg 106w\" sizes=\"auto, (max-width: 250px) 100vw, 250px\" \/>\u00ab La complexit\u00e9, grille de lecture du monde contemporain \u00bb, <\/span><span class=\"a\"><em>Campagne-ville : Le pas de <\/em><\/span><em><span class=\"g\"><span class=\"a\">deux<\/span><\/span><span class=\"a\">. <\/span><span class=\"a\">Enjeux et opportunit\u00e9s des recompositions territoriales.<\/span><\/em><\/div>\n<div class=\"ff10\"><span class=\"a\">&nbsp;Sous la direction de Lilli <\/span><span class=\"a\">Monteventi Weber, Chantal Deschenaux, Mich\u00e8le Tranda-Pittion, Communaut\u00e9 d&#8217;\u00e9tudes <\/span><span class=\"a\">pour l&#8217;am\u00e9nagement du territoire (CEAT), EPFL, Presses polytechniques et universitaires <\/span><span class=\"a\">romandes, Lausanne, 2008.<\/span><\/div>\n<\/td>\n<td style=\"width: 50%; border-style: none;\">\n<div class=\"ff10\"><span class=\"g\"><span class=\"a\"><a href=\"nous-autres#nous_autres\"><img loading=\"lazy\" decoding=\"async\" class=\"aligncenter wp-image-1221\" title=\"Nous autres,  Sous la direction d'Erica DeuberZiegler et Genevi\u00e8ve Perret, Gollion: Infolio \u00e9ditions \/ Gen\u00e8ve: Mus\u00e9e d'ethnographie, coll.tabou 1, 2005\" src=\"https:\/\/cch.um6p.ma\/wp-content\/uploads\/2023\/09\/41TYT8FRVKL._AC_UF10001000_QL80_1.jpg\" alt=\"\" width=\"250\" height=\"355\" srcset=\"https:\/\/cch.um6p.ma\/wp-content\/uploads\/2023\/09\/41TYT8FRVKL._AC_UF10001000_QL80_1.jpg 705w, https:\/\/cch.um6p.ma\/wp-content\/uploads\/2023\/09\/41TYT8FRVKL._AC_UF10001000_QL80_1-212x300.jpg 212w, https:\/\/cch.um6p.ma\/wp-content\/uploads\/2023\/09\/41TYT8FRVKL._AC_UF10001000_QL80_1-106x150.jpg 106w\" sizes=\"auto, (max-width: 250px) 100vw, 250px\" \/><\/a><\/span><\/span><\/div>\n<div class=\"ff10\"><a href=\"?page_id=1253\"><span class=\"g\"><span class=\"a\">\u00ab La crise de <\/span><\/span><span class=\"g\"><span class=\"a\">l\u2019universalisme <\/span><\/span><\/a><span class=\"a\"><a href=\"nous-autres\">fran\u00e7ais \u00bb<\/a>, <\/span><span class=\"a\"><a href=\"?page_id=1253#nous_autres\"><em>Nous autres<\/em><\/a>, <\/span><span class=\"a\">Sous la direction d&#8217;Erica Deuber <\/span><span class=\"a\">Ziegler et Genevi\u00e8ve Perret, Gollion: Infolio \u00e9ditions \/ Gen\u00e8ve: Mus\u00e9e d&#8217;ethnographie, coll.<\/span><span class=\"a\">tabou 1, 2005.<\/span><\/div>\n<\/td>\n<\/tr>\n<\/tbody>\n<\/table>\n<h4 style=\"text-align: center;\"><strong><a id=\"reportsUN\"><\/a><a href=\"#main\">Reports to the United Nations<\/a><\/strong><\/h4>\n<table style=\"border-collapse: collapse; width: 100%; height: 424px;\" border=\"1\">\n<tbody>\n<tr>\n<td style=\"width: 50.5976%; border-style: none;\">\n<div class=\"ff10\">\n<div class=\"ff1\"><span class=\"a\"><a href=\"https:\/\/unicri.it\/sites\/default\/files\/2022-06\/Methasynthesis_gcts_report_web_0.pdf\" target=\"_blank\" rel=\"noopener\"><img loading=\"lazy\" decoding=\"async\" class=\"aligncenter wp-image-1223\" title=\"Meta-Synthesis under the UN Global Counter-Terrorism Strategy, United Nations, October 2021\" src=\"https:\/\/cch.um6p.ma\/wp-content\/uploads\/2023\/09\/cover_21.jpg\" alt=\"\" width=\"250\" height=\"353\" srcset=\"https:\/\/cch.um6p.ma\/wp-content\/uploads\/2023\/09\/cover_21.jpg 600w, https:\/\/cch.um6p.ma\/wp-content\/uploads\/2023\/09\/cover_21-212x300.jpg 212w, https:\/\/cch.um6p.ma\/wp-content\/uploads\/2023\/09\/cover_21-106x150.jpg 106w\" sizes=\"auto, (max-width: 250px) 100vw, 250px\" \/><\/a><a href=\"?page_id=1379\">Meta-Synthesis under the UN Global Counter-Terrorism Strategy<\/a><\/span><span class=\"a\">, United Nations, October <\/span><span class=\"a\">2021. Independent synthesis report prepared by Punit Arora, Reda Benkirane and <\/span><span class=\"a\">Xiomara Chavez.&nbsp;<\/span><\/div>\n<\/div>\n<\/td>\n<td style=\"width: 49.4024%; border-style: none;\">\n<div class=\"ff10\">&nbsp;<\/div>\n<div class=\"ff10\">\n<div class=\"ff1\"><em><span class=\"a\"><a href=\"sahel-radicalization-violence-and-insecurity\"><img loading=\"lazy\" decoding=\"async\" class=\"aligncenter wp-image-1329\" title=\"What 800 Sahelians have to say. Perception study on the drivers of insecurity and violent extremism in the border regions of&nbsp;the Sahel, under the direction of Reda Benkirane, The Centre for Humanitarian Dialogue \/UNDP, 2016\" src=\"https:\/\/cch.um6p.ma\/wp-content\/uploads\/2023\/09\/UNDP-Sahel-Report-1.jpg\" alt=\"\" width=\"250\" height=\"354\" srcset=\"https:\/\/cch.um6p.ma\/wp-content\/uploads\/2023\/09\/UNDP-Sahel-Report-1.jpg 610w, https:\/\/cch.um6p.ma\/wp-content\/uploads\/2023\/09\/UNDP-Sahel-Report-1-212x300.jpg 212w, https:\/\/cch.um6p.ma\/wp-content\/uploads\/2023\/09\/UNDP-Sahel-Report-1-106x150.jpg 106w\" sizes=\"auto, (max-width: 250px) 100vw, 250px\" \/><\/a><a href=\"?page_id=1334\">What 800 Sahelians have to say. <\/a><\/span><a href=\"?page_id=1334\"><span class=\"a\">Perception study on the drivers of insecurity and violent extremism in the border regions of&nbsp;<\/span><\/a><\/em><span class=\"a\"><em><a href=\"?page_id=1334\">the Sahel<\/a>, <\/em>under the direction of Reda Benkirane, The Centre for Humanitarian Dialogue\/<\/span><span class=\"a\">UNDP, 2016.<\/span><\/div>\n<\/div>\n<\/td>\n<\/tr>\n<\/tbody>\n<\/table>\n<h4 style=\"text-align: center;\"><strong><a id=\"research_notebooks\"><\/a><a href=\"#main\">Research Notebooks<\/a><\/strong><\/h4>\n<p style=\"text-align: center;\"><strong><br \/>\n<\/strong><a href=\"http:\/\/sahelradical.hypotheses.org\"><img loading=\"lazy\" decoding=\"async\" class=\"alignnone wp-image-1225\" title=\"Radicalization, Violence and (In)security \" src=\"https:\/\/cch.um6p.ma\/wp-content\/uploads\/2023\/09\/sahelradical.hypotheses.org_-1024x441.jpg\" alt=\"\" width=\"623\" height=\"268\" srcset=\"https:\/\/cch.um6p.ma\/wp-content\/uploads\/2023\/09\/sahelradical.hypotheses.org_-1024x441.jpg 1024w, https:\/\/cch.um6p.ma\/wp-content\/uploads\/2023\/09\/sahelradical.hypotheses.org_-300x129.jpg 300w, https:\/\/cch.um6p.ma\/wp-content\/uploads\/2023\/09\/sahelradical.hypotheses.org_-768x330.jpg 768w, https:\/\/cch.um6p.ma\/wp-content\/uploads\/2023\/09\/sahelradical.hypotheses.org_-250x108.jpg 250w, https:\/\/cch.um6p.ma\/wp-content\/uploads\/2023\/09\/sahelradical.hypotheses.org_-150x65.jpg 150w, https:\/\/cch.um6p.ma\/wp-content\/uploads\/2023\/09\/sahelradical.hypotheses.org_.jpg 1155w\" sizes=\"auto, (max-width: 623px) 100vw, 623px\" \/><\/a><strong><br \/>\n<\/strong><a href=\"http:\/\/sahelradical.hypotheses.org\" target=\"_blank\" rel=\"noopener\">http:\/\/sahelradical.hypotheses.org<\/a><strong><\/p>\n<p><\/strong><a href=\"http:\/\/iqbal.hypotheses.org\"><img loading=\"lazy\" decoding=\"async\" class=\"aligncenter wp-image-1226\" title=\"Atelier de recherche Iqbal\" src=\"https:\/\/cch.um6p.ma\/wp-content\/uploads\/2023\/09\/Atelier_Iqbal.jpg\" alt=\"\" width=\"370\" height=\"259\" srcset=\"https:\/\/cch.um6p.ma\/wp-content\/uploads\/2023\/09\/Atelier_Iqbal.jpg 663w, https:\/\/cch.um6p.ma\/wp-content\/uploads\/2023\/09\/Atelier_Iqbal-300x210.jpg 300w, https:\/\/cch.um6p.ma\/wp-content\/uploads\/2023\/09\/Atelier_Iqbal-214x150.jpg 214w, https:\/\/cch.um6p.ma\/wp-content\/uploads\/2023\/09\/Atelier_Iqbal-150x105.jpg 150w\" sizes=\"auto, (max-width: 370px) 100vw, 370px\" \/><\/a><\/p>\n<p style=\"text-align: center;\"><a title=\"http:\/\/iqbal.hypotheses.org\" href=\"http:\/\/iqbal.hypotheses.org\" target=\"_blank\" rel=\"noopener\">http:\/\/iqbal.hypotheses.org<\/a><strong><br \/>\n<\/strong><\/p>\n","protected":false},"excerpt":{"rendered":"<p>Chair of Complexities \u221e Humanities, Affiliate Full Professor, Africa Business School, UM6P. Senior Lecturer, University of Fribourg Research Affiliate at the Wolfram Institute Research Associate at the Laboratoire d&#8217;Analyse des Soci\u00e9t\u00e9s et Pouvoirs\/Afrique &#8211; Diaspora (Laspad, Gaston Berger University, Saint-Louis of Senegal) Email: reda.benkirane[at]um6p.ma&nbsp; &nbsp; &nbsp; &nbsp; &nbsp; &nbsp; &nbsp;\u2026 <a class=\"continue-reading-link\" href=\"https:\/\/cch.um6p.ma\/?page_id=1170\">Lire plus \/ Read more<\/a><\/p>\n","protected":false},"author":1,"featured_media":1171,"parent":1257,"menu_order":0,"comment_status":"closed","ping_status":"closed","template":"","meta":{"om_disable_all_campaigns":false,"_monsterinsights_skip_tracking":false,"_monsterinsights_sitenote_active":false,"_monsterinsights_sitenote_note":"","_monsterinsights_sitenote_category":0,"ngg_post_thumbnail":0,"footnotes":""},"categories":[191],"tags":[],"class_list":["post-1170","page","type-page","status-publish","has-post-thumbnail","hentry","category-the-chair"],"aioseo_notices":[],"_links":{"self":[{"href":"https:\/\/cch.um6p.ma\/index.php?rest_route=\/wp\/v2\/pages\/1170","targetHints":{"allow":["GET"]}}],"collection":[{"href":"https:\/\/cch.um6p.ma\/index.php?rest_route=\/wp\/v2\/pages"}],"about":[{"href":"https:\/\/cch.um6p.ma\/index.php?rest_route=\/wp\/v2\/types\/page"}],"author":[{"embeddable":true,"href":"https:\/\/cch.um6p.ma\/index.php?rest_route=\/wp\/v2\/users\/1"}],"replies":[{"embeddable":true,"href":"https:\/\/cch.um6p.ma\/index.php?rest_route=%2Fwp%2Fv2%2Fcomments&post=1170"}],"version-history":[{"count":73,"href":"https:\/\/cch.um6p.ma\/index.php?rest_route=\/wp\/v2\/pages\/1170\/revisions"}],"predecessor-version":[{"id":3099,"href":"https:\/\/cch.um6p.ma\/index.php?rest_route=\/wp\/v2\/pages\/1170\/revisions\/3099"}],"up":[{"embeddable":true,"href":"https:\/\/cch.um6p.ma\/index.php?rest_route=\/wp\/v2\/pages\/1257"}],"wp:featuredmedia":[{"embeddable":true,"href":"https:\/\/cch.um6p.ma\/index.php?rest_route=\/wp\/v2\/media\/1171"}],"wp:attachment":[{"href":"https:\/\/cch.um6p.ma\/index.php?rest_route=%2Fwp%2Fv2%2Fmedia&parent=1170"}],"wp:term":[{"taxonomy":"category","embeddable":true,"href":"https:\/\/cch.um6p.ma\/index.php?rest_route=%2Fwp%2Fv2%2Fcategories&post=1170"},{"taxonomy":"post_tag","embeddable":true,"href":"https:\/\/cch.um6p.ma\/index.php?rest_route=%2Fwp%2Fv2%2Ftags&post=1170"}],"curies":[{"name":"wp","href":"https:\/\/api.w.org\/{rel}","templated":true}]}}