{"id":1104,"date":"2023-09-02T08:34:24","date_gmt":"2023-09-02T08:34:24","guid":{"rendered":"https:\/\/cch.um6p.ma\/?page_id=1104"},"modified":"2023-09-21T07:42:35","modified_gmt":"2023-09-21T07:42:35","slug":"la-sphere-semantique-pierre-levy","status":"publish","type":"page","link":"https:\/\/cch.um6p.ma\/?page_id=1104","title":{"rendered":"The Semantic Sphere by Pierre L\u00e9vy"},"content":{"rendered":"<p>Book review \/ online consultation<\/p>\n<p>Pierre L\u00e9vy, <em>The Semantic Sphere 1: Computation, Cognition and Information Economy<\/em>, Wileys, 2011.<\/p>\n<h3><strong>Treatise on Semantics&nbsp;&nbsp;<br \/>\n<\/strong><strong>Principles of the Semantic Sphere<\/strong><\/h3>\n<ol>\n<li style=\"font-weight: 400;\" aria-level=\"1\"><span style=\"font-weight: 400;\"><img loading=\"lazy\" decoding=\"async\" class=\" wp-image-2389 alignright\" src=\"https:\/\/cch.um6p.ma\/wp-content\/uploads\/2023\/09\/18482125181.jpg\" alt=\"\" width=\"253\" height=\"380\" srcset=\"https:\/\/cch.um6p.ma\/wp-content\/uploads\/2023\/09\/18482125181.jpg 300w, https:\/\/cch.um6p.ma\/wp-content\/uploads\/2023\/09\/18482125181-199x300.jpg 199w, https:\/\/cch.um6p.ma\/wp-content\/uploads\/2023\/09\/18482125181-100x150.jpg 100w\" sizes=\"auto, (max-width: 253px) 100vw, 253px\" \/>According to its internal principle, the semantic sphere is <\/span><i><span style=\"font-weight: 400;\">Leibnizian<\/span><\/i><span style=\"font-weight: 400;\">, that is to say perspectivist and monadological (Monadology, \u00a7 56).<\/span><\/li>\n<li style=\"font-weight: 400;\" aria-level=\"1\"><span style=\"font-weight: 400;\">According to its external principle, the semantic sphere is <\/span><i><span style=\"font-weight: 400;\">Deleuzian<\/span><\/i><span style=\"font-weight: 400;\">, that is to say, in constant reterritorialization, rhizomatic. Fractal aggregation.<\/span><\/li>\n<li style=\"font-weight: 400;\" aria-level=\"1\"><span style=\"font-weight: 400;\">From the point of view of its verticality, the semantic sphere is <\/span><i><span style=\"font-weight: 400;\">Avicennian<\/span><\/i><span style=\"font-weight: 400;\">: active intellect, an angelic cloud of signs which is the sum of the in(di)visible monads.<\/span><\/li>\n<li style=\"font-weight: 400;\" aria-level=\"1\"><span style=\"font-weight: 400;\">From the point of view of its horizontality, the semantic sphere is <\/span><i><span style=\"font-weight: 400;\">Teilhardian<\/span><\/i><span style=\"font-weight: 400;\">: emerging noosphere, swarm intelligence. Collective property.<\/span><\/li>\n<li style=\"font-weight: 400;\" aria-level=\"1\"><span style=\"font-weight: 400;\">In its active principle, the semantic sphere produces the meaning of meaning through <\/span><i><span style=\"font-weight: 400;\">calculation<\/span><\/i><span style=\"font-weight: 400;\">: its reason is <\/span><i><span style=\"font-weight: 400;\">algorithmic<\/span><\/i><span style=\"font-weight: 400;\">.<\/span><\/li>\n<li style=\"font-weight: 400;\" aria-level=\"1\"><span style=\"font-weight: 400;\">In its passive principle, the semantic sphere proceeds from cognitive automation. A machinery scans the landscape of signs to territorialize mental landscapes, signposting them as thought signals.<\/span><\/li>\n<li style=\"font-weight: 400;\" aria-level=\"1\"><span style=\"font-weight: 400;\">The <\/span><i><span style=\"font-weight: 400;\">spherical <\/span><\/i><span style=\"font-weight: 400;\">form refers to the thinking and communicating membrane of humanity that covers the Earth with cables, fibers, antennas, and intervening satellites. Envelopment.<\/span><\/li>\n<li style=\"font-weight: 400;\" aria-level=\"1\"><span style=\"font-weight: 400;\">The <\/span><i><span style=\"font-weight: 400;\">semantic <\/span><\/i><span style=\"font-weight: 400;\">dimension is here restored to its original meaning of &#8220;signal technique&#8221;: a new symbolism is subsequently invented and transfigured into a computational signaling system. Meaning and power.<\/span><\/li>\n<li style=\"font-weight: 400;\" aria-level=\"1\"><span style=\"font-weight: 400;\">The <\/span><i><span style=\"font-weight: 400;\">semantic <\/span><\/i><span style=\"font-weight: 400;\">sphere is the evolutionary and emergent culmination of flashes occurring every microsecond within the Web membrane: these flashes are ideas infinitized by ubiquitous communication.<\/span><\/li>\n<li style=\"font-weight: 400;\" aria-level=\"1\"><span style=\"font-weight: 400;\">The semantic sphere embraces all the creative conversations buzzing within the Membrane; it organizes the details and motifs, ramifies series and sequences of signs so that the Complexity of meaning emerges.<\/span><\/li>\n<li style=\"font-weight: 400;\" aria-level=\"1\"><span style=\"font-weight: 400;\">The semantic sphere reveals the different scales of complexity of the thinking and communicating humanity: it refers to a meta-level, that is, a transcultural, transdisciplinary epistemology. Hypercomplexity both unifies and differentiates humanities within Humanity.<\/span><\/li>\n<li style=\"font-weight: 400;\" aria-level=\"1\"><span style=\"font-weight: 400;\">The semantic sphere is the main regime of meaning production of a collective, connective, cognitive intelligence. Meta-human understanding of what humans can signify on the info-techno-logical level.<\/span><\/li>\n<li style=\"font-weight: 400;\" aria-level=\"1\"><span style=\"font-weight: 400;\">This collective, connective, and cognitive intelligence escapes all control, all power, all authority by the massively parallel power of the Great Spirit of Humanity.<\/span><\/li>\n<li style=\"font-weight: 400;\" aria-level=\"1\"><span style=\"font-weight: 400;\">The information philosophy of the semantic sphere verifies the (meta)physical postulate of the (B)it, &#8216;It from Bit&#8217;, that is to say, that all of &#8220;that&#8221; derives from a thread or a snippet of information.<\/span><\/li>\n<li style=\"font-weight: 400;\" aria-level=\"1\"><span style=\"font-weight: 400;\">The semantic sphere is not a library, a stock, a reservoir; it is Flow.<\/span><\/li>\n<li style=\"font-weight: 400;\" aria-level=\"1\"><span style=\"font-weight: 400;\">The semantic sphere, an infinite conversation of billions of individuals, expresses, according to a new technology and a different theology of writing, the humanity of Humanity.<\/span><\/li>\n<\/ol>\n<p style=\"text-align: right;\"><span style=\"font-weight: 400;\">Reda Benkirane<\/span><\/p>\n<p class=\"hidden-xs\" style=\"text-align: center;\"><a id=\"semantic\"><\/a>Pierre L\u00e9vy, <em>The Semantic Sphere 1: Computation, Cognition and Information Economy<\/em>, Wileys, 2011.<br \/>\n[in free access from the <a href=\"https:\/\/pierrelevyblog.com\" target=\"_blank\" rel=\"noopener\">author&#8217;s website<\/a>]\n            <div class=\"embedpress-document-embed ose-document ep-doc-d7fcf3f3b136871a304a78937b86779c\" style=\"width: 800px; height: 900px;; max-width:100%; display: block\">\n                                        <div>\n                            <iframe title=\"The Semantic Sphere by Pierre L\u00e9vy\" allowfullscreen=\"true\" mozallowfullscreen=\"true\" webkitallowfullscreen=\"true\" style=\"width: 800px; height: 900px;; max-width:100%;\" src=\"https:\/\/pierrelevyblog.files.wordpress.com\/2013\/06\/00-0-0-semantic-sphere-1.pdf\" data-emsrc=\"https:\/\/pierrelevyblog.files.wordpress.com\/2013\/06\/00-0-0-semantic-sphere-1.pdf\" data-emid=\"embedpress-pdf-shortcode\" class=\"embedpress-embed-document-pdf embedpress-pdf-shortcode\"><\/iframe>\n                        <\/div>\n\n                            <\/div>\n\n    \n<hr>\n<p><a id=\"semantique\"><\/a>A propos de <a href=\"pandemie-entre-etats-plateformes-et-pouvoirs-semi-totalitaires-pierre-levy\">Pierre L\u00e9vy<\/a>, <em>La sph\u00e8re s\u00e9mantique \u2013 Tome 1, Computation, cognition, \u00e9conomie de l\u2019information<\/em>, Herm\u00e8s, 2011.<\/p>\n<p>Revue de livre \/ Consultation en ligne<\/p>\n<h3 class=\"entry-title\"><strong>Trait\u00e9 de S\u00e9mantologie<\/strong><br \/>\n<strong>Principes de la Sph\u00e8re s\u00e9mantique<\/strong><\/h3>\n<div class=\"entry-content\">\n<div align=\"justify\">\n<ol>\n<li>Sel<img loading=\"lazy\" decoding=\"async\" class=\"alignright\" title=\"Pierre L\u00e9vy, La sph\u00e8re s\u00e9mantique - Tome 1, Computation, cognition, \u00e9conomie de l'information, Herm\u00e8s, 2011\" src=\"https:\/\/www.archipress.org\/images\/books\/levy.jpg\" alt=\" \" width=\"233\" height=\"351\" align=\"right\" hspace=\"5\" vspace=\"3\">on son principe interne, la sph\u00e8re s\u00e9mantique est&nbsp;<em>leibnizienne<\/em>, c\u2019est-\u00e0-dire perspectiviste et monadologique (Monadologie, \u00a7 56).<\/li>\n<li>Selon son principe externe, la sph\u00e8re s\u00e9mantique est&nbsp;<em>deleuzienne<\/em>, c\u2019est-\u00e0-dire en reterritorialisation permanente, rhizomatique. Agr\u00e9gation fractale.<\/li>\n<li>Du point de vue de sa verticalit\u00e9, la sph\u00e8re s\u00e9mantique est&nbsp;<em>avicennienne<\/em>: intellect agent, nu\u00e9e ang\u00e9lique de signes qui est somme des uns in(di)visibles.<\/li>\n<li>Du point de vue de son horizontalit\u00e9, la sph\u00e8re s\u00e9mantique est&nbsp;<em>teilhardienne<\/em>: noosph\u00e8re en \u00e9mergence, intelligence en essaim. Propri\u00e9t\u00e9 collective.<\/li>\n<li>Dans son principe actif, la sph\u00e8re s\u00e9mantique produit le sens du sens par&nbsp;<em>calcul<\/em>&nbsp;: sa raison est&nbsp;<em>algorithmique.<br \/>\n<\/em><\/li>\n<li>Dans son principe passif, la sph\u00e8re s\u00e9mantique proc\u00e8de d\u2019une automation cognitive. Une machinerie parcourt le paysage des signes pour territorialiser des paysages mentaux, les baliser en signaux de pens\u00e9e.<\/li>\n<li>La forme&nbsp;<em>sph\u00e9rique<\/em>&nbsp;renvoie \u00e0 la membrane pensante et communicante de l\u2019humanit\u00e9 qui recouvre le globe terrestre par c\u00e2ble, fibre, antenne, satellite interpos\u00e9s. Enveloppement.<\/li>\n<li>La dimension&nbsp;<em>s\u00e9mantique<\/em>&nbsp;est ici rendue \u00e0 son sens originaire de \u00ab technique des signaux \u00bb : s\u2019invente dans la lanc\u00e9e un symbolisme nouveau transfigur\u00e9 en une signal\u00e9tique calculatoire. Sens et puissance.<\/li>\n<li>La sph\u00e8re s\u00e9mantique est l\u2019aboutissement \u00e9volutif et \u00e9mergentiste de fulgurations se produisant \u00e0 chaque microseconde au sein de la membrane Web: ces fulgurations sont des id\u00e9es infinitis\u00e9es par la communication ubiquitaire.<\/li>\n<li>La sph\u00e8re s\u00e9mantique embrasse l\u2019ensemble des conversations cr\u00e9atrices bruissant au sein de la Membrane; elle ordonne les d\u00e9tails et motifs, ramifie s\u00e9ries et suites de signes pour qu\u2019\u00e9merge la Complexit\u00e9 du sens.<\/li>\n<li>La sph\u00e8re s\u00e9mantique donne \u00e0 voir les diff\u00e9rentes \u00e9chelles de complexit\u00e9 de l\u2019humanit\u00e9 pensante et communicante: elle renvoie \u00e0 un m\u00e9taniveau, c\u2019est-\u00e0-dire une \u00e9pist\u00e9mologie transculturelle, transdisciplinaire. L\u2019hypercomplexit\u00e9 \u00e0 la fois unifie et diff\u00e9rentialise les humanit\u00e9s dans l\u2019Humanit\u00e9.<\/li>\n<li>La sph\u00e8re s\u00e9mantique est le principal r\u00e9gime de production de sens d\u2019une intelligence collective, connective, cognitive. Entendement m\u00e9ta-humain de ce que l\u2019humain peut signifier sur le plan info-techno-logique.<\/li>\n<li>Cette intelligence collective, connective et cognitive \u00e9chappe \u00e0 tout contr\u00f4le, tout pouvoir, toute autorit\u00e9 par la puissance massivement parall\u00e8le du Grand Esprit de l\u2019Humanit\u00e9.<\/li>\n<li>La philosophie de l\u2019information de la sph\u00e8re s\u00e9mantique v\u00e9rifie le postulat (m\u00e9ta)physique du (B)it, \u2018It from Bit\u2019, c\u2019est-\u00e0.-dire que tout \u00ab \u00e7a \u00bb d\u00e9rive d\u2019un fil ou d\u2019une bribe d\u2019information.<\/li>\n<li>La sph\u00e8re s\u00e9mantique n\u2019est pas une biblioth\u00e8que, un stock, un r\u00e9servoir; elle est Flux.<\/li>\n<li>La sph\u00e8re s\u00e9mantique, conversation infinie de milliards d\u2019individus, exprime, selon une nouvelle technologie et une autre th\u00e9ologie de l\u2019\u00e9criture, l\u2019humanit\u00e9 de l\u2019Humanit\u00e9.<\/li>\n<\/ol>\n<\/div>\n<p align=\"right\">R\u00e9da Benkirane<\/p>\n<\/div>\n<p style=\"text-align: center;\">Pierre L\u00e9vy,&nbsp;<em>La sph\u00e8re s\u00e9mantique \u2013 Tome 1, Computation, cognition, \u00e9conomie de l\u2019information<\/em>, Herm\u00e8s, 2011.<br \/>\n[en libre acc\u00e8s depuis le <a href=\"https:\/\/pierrelevyblog.com\" target=\"_blank\" rel=\"noopener\">site web de l&#8217;auteur<\/a>]\n            <div class=\"embedpress-document-embed ose-document ep-doc-d7fcf3f3b136871a304a78937b86779c\" style=\"width: 800px; height: 900px;; max-width:100%; display: block\">\n                                        <div>\n                            <iframe title=\"The Semantic Sphere by Pierre L\u00e9vy\" allowfullscreen=\"true\" mozallowfullscreen=\"true\" webkitallowfullscreen=\"true\" style=\"width: 800px; height: 900px;; max-width:100%;\" src=\"https:\/\/pierrelevyblog.files.wordpress.com\/2013\/09\/sphere1.pdf\" data-emsrc=\"https:\/\/pierrelevyblog.files.wordpress.com\/2013\/09\/sphere1.pdf\" data-emid=\"embedpress-pdf-shortcode\" class=\"embedpress-embed-document-pdf embedpress-pdf-shortcode\"><\/iframe>\n                        <\/div>\n\n                            <\/div>\n\n    \n","protected":false},"excerpt":{"rendered":"<p>Book review \/ online consultation Pierre L\u00e9vy, The Semantic Sphere 1: Computation, Cognition and Information Economy, Wileys, 2011. Treatise on Semantics&nbsp;&nbsp; Principles of the Semantic Sphere According to its internal principle, the semantic sphere is Leibnizian, that is to say perspectivist and monadological (Monadology, \u00a7 56). According to its external\u2026 <a class=\"continue-reading-link\" href=\"https:\/\/cch.um6p.ma\/?page_id=1104\">Lire plus \/ Read more<\/a><\/p>\n","protected":false},"author":1,"featured_media":2389,"parent":1775,"menu_order":18,"comment_status":"closed","ping_status":"closed","template":"","meta":{"om_disable_all_campaigns":false,"_monsterinsights_skip_tracking":false,"_monsterinsights_sitenote_active":false,"_monsterinsights_sitenote_note":"","_monsterinsights_sitenote_category":0,"ngg_post_thumbnail":0,"footnotes":""},"categories":[147,160,109],"tags":[212,148,211,152],"class_list":["post-1104","page","type-page","status-publish","has-post-thumbnail","hentry","category-humanites-numeriques","category-library","category-scientific-humanities","tag-digital","tag-pierre-levy","tag-semantic","tag-semantique"],"aioseo_notices":[],"_links":{"self":[{"href":"https:\/\/cch.um6p.ma\/index.php?rest_route=\/wp\/v2\/pages\/1104","targetHints":{"allow":["GET"]}}],"collection":[{"href":"https:\/\/cch.um6p.ma\/index.php?rest_route=\/wp\/v2\/pages"}],"about":[{"href":"https:\/\/cch.um6p.ma\/index.php?rest_route=\/wp\/v2\/types\/page"}],"author":[{"embeddable":true,"href":"https:\/\/cch.um6p.ma\/index.php?rest_route=\/wp\/v2\/users\/1"}],"replies":[{"embeddable":true,"href":"https:\/\/cch.um6p.ma\/index.php?rest_route=%2Fwp%2Fv2%2Fcomments&post=1104"}],"version-history":[{"count":16,"href":"https:\/\/cch.um6p.ma\/index.php?rest_route=\/wp\/v2\/pages\/1104\/revisions"}],"predecessor-version":[{"id":2395,"href":"https:\/\/cch.um6p.ma\/index.php?rest_route=\/wp\/v2\/pages\/1104\/revisions\/2395"}],"up":[{"embeddable":true,"href":"https:\/\/cch.um6p.ma\/index.php?rest_route=\/wp\/v2\/pages\/1775"}],"wp:featuredmedia":[{"embeddable":true,"href":"https:\/\/cch.um6p.ma\/index.php?rest_route=\/wp\/v2\/media\/2389"}],"wp:attachment":[{"href":"https:\/\/cch.um6p.ma\/index.php?rest_route=%2Fwp%2Fv2%2Fmedia&parent=1104"}],"wp:term":[{"taxonomy":"category","embeddable":true,"href":"https:\/\/cch.um6p.ma\/index.php?rest_route=%2Fwp%2Fv2%2Fcategories&post=1104"},{"taxonomy":"post_tag","embeddable":true,"href":"https:\/\/cch.um6p.ma\/index.php?rest_route=%2Fwp%2Fv2%2Ftags&post=1104"}],"curies":[{"name":"wp","href":"https:\/\/api.w.org\/{rel}","templated":true}]}}