{"id":1052,"date":"2023-08-31T00:24:15","date_gmt":"2023-08-31T00:24:15","guid":{"rendered":"https:\/\/cch.um6p.ma\/?page_id=1052"},"modified":"2023-10-02T09:01:35","modified_gmt":"2023-10-02T09:01:35","slug":"monadology","status":"publish","type":"page","link":"https:\/\/cch.um6p.ma\/?page_id=1052","title":{"rendered":"Monadology &#8211; Leibniz"},"content":{"rendered":"<h3 align=\"center\"><a href=\"#monadologie\"><img loading=\"lazy\" decoding=\"async\" class=\"alignnone wp-image-1083\" src=\"https:\/\/cch.um6p.ma\/wp-content\/uploads\/2023\/09\/9546990900001Z1.jpg\" alt=\"\" width=\"186\" height=\"295\" srcset=\"https:\/\/cch.um6p.ma\/wp-content\/uploads\/2023\/09\/9546990900001Z1.jpg 265w, https:\/\/cch.um6p.ma\/wp-content\/uploads\/2023\/09\/9546990900001Z1-189x300.jpg 189w, https:\/\/cch.um6p.ma\/wp-content\/uploads\/2023\/09\/9546990900001Z1-95x150.jpg 95w\" sizes=\"auto, (max-width: 186px) 100vw, 186px\" \/><\/a><a href=\"#monadology\"><img loading=\"lazy\" decoding=\"async\" class=\"alignnone wp-image-1082\" src=\"https:\/\/cch.um6p.ma\/wp-content\/uploads\/2023\/09\/The-Monadology.jpg\" alt=\"\" width=\"208\" height=\"295\" srcset=\"https:\/\/cch.um6p.ma\/wp-content\/uploads\/2023\/09\/The-Monadology.jpg 512w, https:\/\/cch.um6p.ma\/wp-content\/uploads\/2023\/09\/The-Monadology-211x300.jpg 211w, https:\/\/cch.um6p.ma\/wp-content\/uploads\/2023\/09\/The-Monadology-106x150.jpg 106w\" sizes=\"auto, (max-width: 208px) 100vw, 208px\" \/><\/a><a href=\"#monadologia\"><img loading=\"lazy\" decoding=\"async\" class=\"alignnone wp-image-1062\" src=\"https:\/\/cch.um6p.ma\/wp-content\/uploads\/2023\/08\/Monadology_Arabic.jpg\" alt=\"\" width=\"219\" height=\"295\" srcset=\"https:\/\/cch.um6p.ma\/wp-content\/uploads\/2023\/08\/Monadology_Arabic.jpg 589w, https:\/\/cch.um6p.ma\/wp-content\/uploads\/2023\/08\/Monadology_Arabic-223x300.jpg 223w, https:\/\/cch.um6p.ma\/wp-content\/uploads\/2023\/08\/Monadology_Arabic-111x150.jpg 111w\" sizes=\"auto, (max-width: 219px) 100vw, 219px\" \/><\/a>&nbsp;<\/h3>\n<h3 align=\"center\">La Monadologie<br \/>\n<i><\/i><\/h3>\n<p align=\"center\"><i>par<\/i><\/p>\n<p align=\"center\">Gottfried Wilhelm Leibniz<\/p>\n<div id=\"attachment_1056\" style=\"width: 324px\" class=\"wp-caption alignleft\"><img loading=\"lazy\" decoding=\"async\" aria-describedby=\"caption-attachment-1056\" class=\"wp-image-1056\" src=\"https:\/\/cch.um6p.ma\/wp-content\/uploads\/2023\/08\/Leibniz_Monadology_21.jpg\" alt=\"\" width=\"314\" height=\"444\" srcset=\"https:\/\/cch.um6p.ma\/wp-content\/uploads\/2023\/08\/Leibniz_Monadology_21.jpg 420w, https:\/\/cch.um6p.ma\/wp-content\/uploads\/2023\/08\/Leibniz_Monadology_21-212x300.jpg 212w, https:\/\/cch.um6p.ma\/wp-content\/uploads\/2023\/08\/Leibniz_Monadology_21-106x150.jpg 106w\" sizes=\"auto, (max-width: 314px) 100vw, 314px\" \/><p id=\"caption-attachment-1056\" class=\"wp-caption-text\">La Monadologie, 1714, manuscrit<\/p><\/div>\n<p class=\"fsize14just\" style=\"text-align: justify;\">\u00ab Leibniz, philosophe et math\u00e9maticien, d\u00e9veloppe au XVIIIe si\u00e8cle une pens\u00e9e visionnaire de la complexit\u00e9 dans sa <em>Th\u00e9odic\u00e9e <\/em>\u2013 avec notamment son appr\u00e9hension du mal \u00e9valu\u00e9 en termes d\u2019optimisation combinatoire \u2013 et son \u00e9blouissant trait\u00e9 de <em>Monadologie <\/em>qui d\u00e9cline 90 propositions vitalistes sur le simple ;&nbsp; autant&nbsp; de&nbsp; points&nbsp; de&nbsp; vue,&nbsp; perspectives&nbsp; sur le complexe. Les&nbsp; relations&nbsp; tout-partie&nbsp; trouvent&nbsp; avec&nbsp; Leibniz&nbsp; et son souci du d\u00e9tail, de la mani\u00e8re et du pli une \u00e9pist\u00e9mologie v\u00e9ritablement alternative par rapport \u00e0 la vision r\u00e9ductionniste et l\u2019analyse classique. La monadologie permet de mieux comprendre comment plus on creuse, plus on s\u2019enfonce en r\u00e9alit\u00e9, plus la mati\u00e8re est marqu\u00e9e par la multiplicit\u00e9. La mati\u00e8re ne se d\u00e9coupe pas aussi bien qu\u2019elle se plie, replie, remplit, d\u00e9ploie ses plis qui \u00ab vont \u00e0 l\u2019infini \u00bb. L\u2019\u0153uvre de Leibniz explicite les rapports entre le fragment (in)signifiant et l\u2019ensemble (in)commensurable, que ce soit dans les sciences du vivant, de la mati\u00e8re et du calcul.&nbsp;\u00bb<\/p>\n<p class=\"fsize14just\" style=\"text-align: right;\">R. Benkirane, <em>La Complexit\u00e9, vertiges et promesses. Histoires de sciences, <\/em>UM6P-Press, 2023.<\/p>\n<p style=\"text-align: justify;\">\u00ab Leibniz est un isthme (<em>barzakh<\/em>) entre les sciences traditionnelles (ayant de tout temps exprim\u00e9 la complexit\u00e9 en figures et en paraboles) et les sciences exactes (qui la d\u00e9crivent en langage physico-math\u00e9matique). Il est l\u2019homme qui manie \u00e0 la fois la formule et l\u2019\u00e9quation, la science du nom et celle du nombre. \u00bb<\/p>\n<p style=\"text-align: right;\">R. Benkirane, <em>Islam \u00e0 la reconqu\u00eate du sens<\/em>, \u00ab Monadologie et coranologie: magnifi-science de l&#8217;univers\u00bb, 2017, 2021.<\/p>\n<p style=\"text-align: center;\" align=\"center\"><a id=\"monadologie\"><\/a>            <div class=\"embedpress-document-embed ose-document ep-doc-d7fcf3f3b136871a304a78937b86779c\" style=\"width: 800px; height: 900px;; max-width:100%; display: block\">\n                                        <iframe title=\"La monadologie\" allowfullscreen=\"true\" mozallowfullscreen=\"true\" webkitallowfullscreen=\"true\" title=\"\" style=\"width: 800px; height: 900px;; max-width:100%; display: inline-block\" data-emsrc=\"https:\/\/cch.um6p.ma\/wp-content\/uploads\/2023\/09\/La-monadologie.pdf\" data-emid=\"embedpress-pdf-shortcode\" class=\"embedpress-embed-document-pdf embedpress-pdf-shortcode\" src=\"https:\/\/cch.um6p.ma\/wp-admin\/admin-ajax.php?action=get_viewer&#038;file=https%3A%2F%2Fcch.um6p.ma%2Fwp-content%2Fuploads%2F2023%2F09%2FLa-monadologie.pdf#themeMode=custom&#038;toolbar=true&#038;lazyLoad=false&#038;position=top&#038;presentation=true&#038;download=true&#038;copy_text=true&#038;add_text=true&#038;draw=true&#038;doc_rotation=true&#038;add_image=true&#038;doc_details=true&#038;selection_tool=0&#038;scrolling=-1&#038;spreads=-1&#038;customColor=%232a6593\" frameborder=\"0\"><\/iframe>\n                                <\/div>\n\n    \n<h3 style=\"text-align: center;\" align=\"center\"><a id=\"monadology\"><\/a>&#8230;o0o&#8230;<\/p>\n<p>The Monadology<\/h3>\n<p><span style=\"font-weight: 400;\">&#8220;Leibniz, a philosopher and mathematician, developed a visionary concept of complexity in the 18th century in his Theodicy &#8211; with his understanding of evil as combinatorial optimization &#8211; and his dazzling treatise on Monadology, which contains 90 vitalist propositions about the monad; as many points of view, perspectives on complexity. The relationships between whole and part, as found in Leibniz&#8217;s attention to detail, manner, and fold, present an alternative epistemology when compared to the reductionist view and classical analysis. The Monadology helps us better understand how the deeper we delve, the more we plunge into reality, and the more matter is characterized by multiplicity. Matter does not so much cut as it folds, refolds, fills, and unfolds its folds which &#8220;reach&nbsp; to infinity&#8221;. Leibniz&#8217;s work explains the relationships between the (in)significant fragment and the (in)commensurable whole, be it in the life sciences, matter, and computation.<\/span><\/p>\n<p><span style=\"font-weight: 400;\">With his understanding of evil as combinatorial optimization, Leibniz, a philosopher and mathematician, developed a visionary concept of complexity in the 18th century in his Theodicy and his dazzling treatise on Monadology, which contains 90 vitalist propositions about simplicity.&#8221;<\/span><\/p>\n<p>\nReda Benkirane, <em>Complexity, Vertigoes and Promises. Histories of Sciences<\/em>, UM6P-Press, 2023.<\/p>\n<p><span style=\"font-weight: 400;\">&#8220;Leibniz is an isthmus (<\/span><i><span style=\"font-weight: 400;\">barzakh<\/span><\/i><span style=\"font-weight: 400;\">) between traditional sciences (which have always expressed complexity in figures and parables) and exact sciences (which describe it in physico-mathematical language). He is the man who handles both the formula and the equation, the science of the name and that of the number.&#8221;<\/span><\/p>\n<p>Reda Benkirane, <em>Islam in the Reconquest of Meaning<\/em>, &#8220;Monadology and Quranology: Magnifi-science of the universe&#8221;, 2017, 2021.<\/p>\n<p style=\"text-align: center;\" align=\"center\">\n            <div class=\"embedpress-document-embed ose-document ep-doc-d7fcf3f3b136871a304a78937b86779c\" style=\"width: 800px; height: 900px;; max-width:100%; display: block\">\n                                        <iframe title=\"The Monadology\" allowfullscreen=\"true\" mozallowfullscreen=\"true\" webkitallowfullscreen=\"true\" title=\"\" style=\"width: 800px; height: 900px;; max-width:100%; display: inline-block\" data-emsrc=\"https:\/\/cch.um6p.ma\/wp-content\/uploads\/2023\/09\/The-Monadology.pdf\" data-emid=\"embedpress-pdf-shortcode\" class=\"embedpress-embed-document-pdf embedpress-pdf-shortcode\" src=\"https:\/\/cch.um6p.ma\/wp-admin\/admin-ajax.php?action=get_viewer&#038;file=https%3A%2F%2Fcch.um6p.ma%2Fwp-content%2Fuploads%2F2023%2F09%2FThe-Monadology.pdf#themeMode=custom&#038;toolbar=true&#038;lazyLoad=false&#038;position=top&#038;presentation=true&#038;download=true&#038;copy_text=true&#038;add_text=true&#038;draw=true&#038;doc_rotation=true&#038;add_image=true&#038;doc_details=true&#038;selection_tool=0&#038;scrolling=-1&#038;spreads=-1&#038;customColor=%232a6593\" frameborder=\"0\"><\/iframe>\n                                <\/div>\n\n    \n<p style=\"text-align: center;\" align=\"center\"><a id=\"monadologia\"><\/a>&#8230;o0o&#8230;<\/p>\n<h3 align=\"center\"><span lang=\"AR-SA\" style=\"font-family: Thabit, sans-serif;\">\u0627\u0644\u0645\u0648\u0646\u0627\u062f\u0648\u0644\u0648\u062c\u064a\u0627<\/span><\/h3>\n<p dir=\"rtl\"><span lang=\"AR-SA\"><span style=\"font-family: Thabit, sans-serif;\"><span style=\"font-weight: 400;\">\u0644\u0627<\/span><span style=\"font-weight: 400;\">\u064a\u0628\u0646\u062a\u0633\u060c \u0627\u0644\u0641\u064a\u0644\u0633\u0648\u0641 \u0648\u0627\u0644\u0631\u064a\u0627\u0636\u064a\u060c \u0642\u0627\u0645 \u0641\u064a \u0627\u0644\u0642\u0631\u0646 \u0627\u0644\u0633\u0627\u0628\u0639 \u0639\u0634\u0631 \u0628\u062a\u0637\u0648\u064a\u0631 \u062a\u0641\u0643\u064a\u0631 \u0631\u0624\u064a\u0648\u064a \u062d\u0648\u0644 \u0627\u0644\u062a\u0639\u0642\u064a\u062f \u0641\u064a \u0643\u062a\u0627\u0628\u0647 &#8220;\u0627\u0644\u0644\u0627\u0647\u0648\u062a\u064a\u0627\u062a&#8221;\u060c \u062d\u064a\u062b \u0642\u062f\u0645 \u062a\u0642\u062f\u064a\u0631\u064b\u0627 \u0644\u0644\u0634\u0631 \u0628\u0635\u0648\u0631\u0629 \u062a\u0646\u0638\u064a\u0645\u064a\u0629 \u0645\u062d\u0633\u0648\u0628\u0629 \u0648\u0645\u0639\u0627\u0644\u062c\u0629 \u0641\u064a \u0645\u0641\u0647\u0648\u0645 \u0627\u0644\u062a\u062d\u0633\u064a\u0646 \u0627\u0644\u062a\u0648\u0627\u0641\u0642\u064a\u060c \u0648\u0623\u0644\u0651\u064e\u0641 \u0623\u064a\u0636\u064b\u0627 \u0645\u0624\u0644\u0641\u064b\u0627 \u0631\u0627\u0626\u0639\u064b\u0627 \u0628\u0639\u0646\u0648\u0627\u0646 &#8220;\u0639\u0644\u0645 \u0627\u0644\u0623\u0634\u064a\u0627\u0621 \u0627\u0644\u0628\u0633\u064a\u0637\u0629&#8221; \u0627\u0644\u0630\u064a \u064a\u062d\u062a\u0648\u064a \u0639\u0644\u0649 90 \u0627\u0642\u062a\u0631\u0627\u062d\u064b\u0627 \u062d\u064a\u0648\u064a\u064b\u0627 \u062d\u0648\u0644 \u0627\u0644\u0623\u0645\u0648\u0631 \u0627\u0644\u0628\u0633\u064a\u0637\u0629\u061b \u0648\u0647\u0630\u0647 \u0643\u0644\u0647\u0627 \u0648\u062c\u0647\u0627\u062a \u0646\u0638\u0631 \u0648\u0622\u0641\u0627\u0642 \u0639\u0644\u0649 \u0627\u0644\u062a\u0639\u0642\u064a\u062f. \u064a\u064f\u0638\u0647\u0631 \u0627\u0644\u0639\u0644\u0627\u0642\u0627\u062a \u0627\u0644\u0643\u0644-\u0627\u0644\u062c\u0632\u0621 \u0646\u0638\u0631\u064b\u0627 \u0644\u0627\u0647\u062a\u0645\u0627\u0645 \u0644\u0627\u064a\u0628\u0646\u062a\u0633 \u0628\u0627\u0644\u062a\u0641\u0627\u0635\u064a\u0644 \u0648\u0627\u0644\u0623\u0633\u0644\u0648\u0628 \u0648\u0627\u0644\u0637\u064a \u0641\u064a \u0639\u0631\u0636\u0647\u060c \u0645\u0646\u0647\u062c\u064b\u0627 \u0639\u0644\u0645\u064a\u064b\u0627 \u0628\u062f\u064a\u0644\u064b\u0627 \u062a\u0645\u0627\u0645\u064b\u0627 \u0645\u0642\u0627\u0631\u0646\u0629\u064b \u0628\u0627\u0644\u0631\u0624\u064a\u0629 \u0627\u0644\u0627\u062e\u062a\u0632\u0627\u0644\u064a\u0629 \u0648\u0627\u0644\u062a\u062d\u0644\u064a\u0644 \u0627\u0644\u0643\u0644\u0627\u0633\u064a\u0643\u064a. \u062a\u0633\u0627\u0639\u062f \u0645\u0648\u0646\u0627\u062f\u0648\u0644\u0648\u062c\u064a\u062a\u0647 \u0641\u064a \u0641\u0647\u0645 \u0643\u064a\u0641 \u064a\u0632\u064a\u062f \u0627\u0644\u062d\u0641\u0631 \u0623\u0643\u062b\u0631\u060c \u0643\u064a\u0641\u0645\u0627 \u062a\u0639\u0645\u0642\u0646\u0627\u060c \u0643\u0644\u0645\u0627 \u0643\u0627\u0646\u062a \u0627\u0644\u0645\u0627\u062f\u0629 \u0645\u0645\u064a\u0632\u0629 \u0628\u0627\u0644\u062a\u0639\u062f\u062f. \u0627\u0644\u0645\u0627\u062f\u0629 \u0644\u0627 \u062a\u0642\u0637\u0639\u060c \u0628\u0644 \u062a\u062b\u0646\u064a \u0648\u062a\u0639\u0643\u0633 \u0648\u062a\u0645\u0644\u0623 \u0648\u062a\u0646\u0634\u0631 \u0637\u064a\u0627\u062a\u0647\u0627 \u0627\u0644\u062a\u064a &#8220;\u062a\u0630\u0647\u0628 \u0625\u0644\u0649 \u0627\u0644\u0644\u0627\u0646\u0647\u0627\u064a\u0629&#8221;. \u064a\u064f\u0648\u0636\u062d \u0639\u0645\u0644 \u0644\u0627\u064a\u0628\u0646\u062a\u0633 \u0627\u0644\u0639\u0644\u0627\u0642\u0627\u062a \u0628\u064a\u0646 \u0627\u0644\u062c\u0632\u0621 (\u063a\u064a\u0631 \u0627\u0644\u0645\u0639\u0646\u0648\u064a) \u0648\u0627\u0644\u0645\u062c\u0645\u0648\u0639\u060c \u0633\u0648\u0627\u0621 \u0641\u064a \u0639\u0644\u0648\u0645 \u0627\u0644\u0643\u0627\u0626\u0646\u0627\u062a \u0627\u0644\u062d\u064a\u0629 \u0623\u0648 \u0627\u0644\u0639\u0644\u0648\u0645 \u0627\u0644\u0641\u064a\u0632\u064a\u0627\u0626\u064a\u0629 \u0648\u0627\u0644\u0631\u064a\u0627\u0636\u064a\u0629 \u0648\u0639\u0644\u0645 \u0627\u0644\u062d\u0633\u0627\u0628.<\/span><\/span><\/span><\/p>\n<p dir=\"rtl\"><span lang=\"AR-SA\"><span style=\"font-weight: 400; font-family: Thabit, sans-serif;\">&#8211; \u0631. \u0628\u0646\u0643\u064a\u0631\u0627\u0646\u060c \u0627\u0644\u062a\u0639\u0642\u064a\u062f\u060c \u062f\u0648\u0627\u0631 \u0648\u0648\u0639\u0648\u062f. \u062a\u0627\u0631\u064a\u062e \u0627\u0644\u0639\u0644\u0648\u0645\u060c UM6P-Press\u060c 2023.<\/span><\/span><\/p>\n<p dir=\"rtl\"><span lang=\"AR-SA\"><span style=\"font-weight: 400; font-family: Thabit, sans-serif;\">&#8220;\u0644\u0627\u064a\u0628\u0646\u062a\u0633 \u0647\u0648 \u0627\u0631\u062a\u0628\u0627\u0637 (\u0628\u0631\u0632\u062e) \u0628\u064a\u0646 \u0627\u0644\u0639\u0644\u0648\u0645 \u0627\u0644\u062a\u0642\u0644\u064a\u062f\u064a\u0629 (\u0627\u0644\u062a\u064a \u0639\u0628\u0651\u064e\u0631\u062a \u0645\u0646\u0630 \u0627\u0644\u0623\u0632\u0644 \u0639\u0646 \u0627\u0644\u062a\u0639\u0642\u064a\u062f \u0628\u0623\u0634\u0643\u0627\u0644 \u0648\u0623\u0645\u062b\u0627\u0644) \u0648\u0627\u0644\u0639\u0644\u0648\u0645 \u0627\u0644\u062f\u0642\u064a\u0642\u0629 (\u0627\u0644\u062a\u064a \u062a\u0635\u0641\u0647\u0627 \u0628\u0644\u063a\u0629 \u0641\u064a\u0632\u064a\u0627\u0626\u064a\u0629 \u0648\u0631\u064a\u0627\u0636\u064a\u0629). \u0625\u0646\u0647 \u0627\u0644\u0631\u062c\u0644 \u0627\u0644\u0630\u064a \u064a\u062a\u0639\u0627\u0645\u0644 \u0645\u0639 \u0627\u0644\u0635\u064a\u063a\u0629 \u0648\u0627\u0644\u0645\u0639\u0627\u062f\u0644\u0629 \u0639\u0644\u0649 \u062d\u062f \u0633\u0648\u0627\u0621\u060c \u0639\u0644\u0645 \u0627\u0633\u0645 \u0627\u0644\u0634\u064a\u0621 \u0648\u0639\u0644\u0645 \u0627\u0644\u0639\u062f\u062f.&#8221;<\/span><\/span><\/p>\n<p dir=\"rtl\"><span lang=\"AR-SA\"><span style=\"font-weight: 400; font-family: Thabit, sans-serif;\">&#8211; \u0631. \u0628\u0646\u0643\u064a\u0631\u0627\u0646\u060c \u0627\u0644\u0625\u0633\u0644\u0627\u0645 \u0641\u064a \u0627\u0633\u062a\u0639\u0627\u062f\u0629 \u0627\u0644\u0645\u0639\u0646\u0649\u060c &#8220;\u0639\u0644\u0645 \u0627\u0644\u0623\u0634\u064a\u0627\u0621 \u0627\u0644\u0628\u0633\u064a\u0637\u0629 \u0648\u0639\u0644\u0645 \u0627\u0644\u0642\u0631\u0622\u0646: \u0627\u0644\u0645\u0639\u0631\u0641\u0629 \u0627\u0644\u0633\u0627\u0645\u064a\u0629 \u0644\u0644\u0643\u0648\u0646&#8221;\u060c 2017\u060c 2021.<\/span><\/span><\/p>\n<p style=\"text-align: center;\" align=\"center\">\n            <div class=\"embedpress-document-embed ose-document ep-doc-d7fcf3f3b136871a304a78937b86779c\" style=\"width: 800px; height: 900px;; max-width:100%; display: block\">\n                                        <iframe title=\"\u0627\u0644\u0645\u0648\u0646\u0627\u062f\u0648\u0644\u0648\u062c\u064a\u0627_\u0648\u0627\u0644\u0645\u0628\u0627\u062f\u0626_\u0627\u0644\u0639\u0642\u0644\u064a\u0629_\u0644\u0644\u0637\u0628\u064a\u0639\u0629_\u0648\u0627\u0644\u0641\u0636\u0644_\u0627\u0644\u0625\u0644\u0647\u064a\" allowfullscreen=\"true\" mozallowfullscreen=\"true\" webkitallowfullscreen=\"true\" title=\"\" style=\"width: 800px; height: 900px;; max-width:100%; display: inline-block\" data-emsrc=\"https:\/\/cch.um6p.ma\/wp-content\/uploads\/2023\/09\/\u0627\u0644\u0645\u0648\u0646\u0627\u062f\u0648\u0644\u0648\u062c\u064a\u0627_\u0648\u0627\u0644\u0645\u0628\u0627\u062f\u0626_\u0627\u0644\u0639\u0642\u0644\u064a\u0629_\u0644\u0644\u0637\u0628\u064a\u0639\u0629_\u0648\u0627\u0644\u0641\u0636\u0644_\u0627\u0644\u0625\u0644\u0647\u064a-1.pdf\" data-emid=\"embedpress-pdf-shortcode\" class=\"embedpress-embed-document-pdf embedpress-pdf-shortcode\" src=\"https:\/\/cch.um6p.ma\/wp-admin\/admin-ajax.php?action=get_viewer&#038;file=https%3A%2F%2Fcch.um6p.ma%2Fwp-content%2Fuploads%2F2023%2F09%2F%D8%A7%D9%84%D9%85%D9%88%D9%86%D8%A7%D8%AF%D9%88%D9%84%D9%88%D8%AC%D9%8A%D8%A7_%D9%88%D8%A7%D9%84%D9%85%D8%A8%D8%A7%D8%AF%D8%A6_%D8%A7%D9%84%D8%B9%D9%82%D9%84%D9%8A%D8%A9_%D9%84%D9%84%D8%B7%D8%A8%D9%8A%D8%B9%D8%A9_%D9%88%D8%A7%D9%84%D9%81%D8%B6%D9%84_%D8%A7%D9%84%D8%A5%D9%84%D9%87%D9%8A-1.pdf#themeMode=custom&#038;toolbar=true&#038;lazyLoad=false&#038;position=top&#038;presentation=true&#038;download=true&#038;copy_text=true&#038;add_text=true&#038;draw=true&#038;doc_rotation=true&#038;add_image=true&#038;doc_details=true&#038;selection_tool=0&#038;scrolling=-1&#038;spreads=-1&#038;customColor=%232a6593\" frameborder=\"0\"><\/iframe>\n                                <\/div>\n\n    \n<p><\/p>\n","protected":false},"excerpt":{"rendered":"<p>&nbsp; La Monadologie par Gottfried Wilhelm Leibniz \u00ab Leibniz, philosophe et math\u00e9maticien, d\u00e9veloppe au XVIIIe si\u00e8cle une pens\u00e9e visionnaire de la complexit\u00e9 dans sa Th\u00e9odic\u00e9e \u2013 avec notamment son appr\u00e9hension du mal \u00e9valu\u00e9 en termes d\u2019optimisation combinatoire \u2013 et son \u00e9blouissant trait\u00e9 de Monadologie qui d\u00e9cline 90 propositions vitalistes sur\u2026 <a class=\"continue-reading-link\" href=\"https:\/\/cch.um6p.ma\/?page_id=1052\">Lire plus \/ Read more<\/a><\/p>\n","protected":false},"author":1,"featured_media":0,"parent":1775,"menu_order":17,"comment_status":"closed","ping_status":"closed","template":"","meta":{"om_disable_all_campaigns":false,"_monsterinsights_skip_tracking":false,"_monsterinsights_sitenote_active":false,"_monsterinsights_sitenote_note":"","_monsterinsights_sitenote_category":0,"ngg_post_thumbnail":0,"footnotes":""},"categories":[64,120,160],"tags":[163,164,165,166,167],"class_list":["post-1052","page","type-page","status-publish","hentry","category-humanites","category-humanities","category-library","tag-leibniz","tag-monadologie","tag-monadology","tag-166","tag-167"],"aioseo_notices":[],"_links":{"self":[{"href":"https:\/\/cch.um6p.ma\/index.php?rest_route=\/wp\/v2\/pages\/1052","targetHints":{"allow":["GET"]}}],"collection":[{"href":"https:\/\/cch.um6p.ma\/index.php?rest_route=\/wp\/v2\/pages"}],"about":[{"href":"https:\/\/cch.um6p.ma\/index.php?rest_route=\/wp\/v2\/types\/page"}],"author":[{"embeddable":true,"href":"https:\/\/cch.um6p.ma\/index.php?rest_route=\/wp\/v2\/users\/1"}],"replies":[{"embeddable":true,"href":"https:\/\/cch.um6p.ma\/index.php?rest_route=%2Fwp%2Fv2%2Fcomments&post=1052"}],"version-history":[{"count":33,"href":"https:\/\/cch.um6p.ma\/index.php?rest_route=\/wp\/v2\/pages\/1052\/revisions"}],"predecessor-version":[{"id":2639,"href":"https:\/\/cch.um6p.ma\/index.php?rest_route=\/wp\/v2\/pages\/1052\/revisions\/2639"}],"up":[{"embeddable":true,"href":"https:\/\/cch.um6p.ma\/index.php?rest_route=\/wp\/v2\/pages\/1775"}],"wp:attachment":[{"href":"https:\/\/cch.um6p.ma\/index.php?rest_route=%2Fwp%2Fv2%2Fmedia&parent=1052"}],"wp:term":[{"taxonomy":"category","embeddable":true,"href":"https:\/\/cch.um6p.ma\/index.php?rest_route=%2Fwp%2Fv2%2Fcategories&post=1052"},{"taxonomy":"post_tag","embeddable":true,"href":"https:\/\/cch.um6p.ma\/index.php?rest_route=%2Fwp%2Fv2%2Ftags&post=1052"}],"curies":[{"name":"wp","href":"https:\/\/api.w.org\/{rel}","templated":true}]}}